{"id":691723,"date":"2025-08-27T14:00:31","date_gmt":"2025-08-27T11:00:31","guid":{"rendered":"https:\/\/roveyayinevi.com.tr\/index.php\/urun\/mezopotamya-uclemesi-3-geyikler-lanetler\/"},"modified":"2026-04-16T02:00:58","modified_gmt":"2026-04-15T23:00:58","slug":"mezopotamya-uclemesi-3-geyikler-lanetler","status":"publish","type":"product","link":"https:\/\/roveyayinevi.com.tr\/index.php\/urun\/mezopotamya-uclemesi-3-geyikler-lanetler\/","title":{"rendered":"Mezopotamya \u00dc\u00e7lemesi 3 &#8211; Geyikler Lanetler"},"content":{"rendered":"<p>Kurey\u015fa- Korkunun sonuna geldim i\u015fte! Korkuyu yendim! Korkunun b\u00fcy\u00fcs\u00fc bitti, t\u0131ls\u0131m\u0131 \u00e7\u00f6z\u00fcld\u00fc bilinmezin. Korkuyu, cesaretle; hayat\u0131, \u00f6l\u00fcmle de\u011fi\u015ftiriyorum. Dayanacak g\u00fcc\u00fcm kalmad\u0131 art\u0131k! Daha ka\u00e7 gece dinleyece\u011fim bu ulumay\u0131, bu a\u011flamay\u0131. \u00c7ocuksuz kas\u0131klar\u0131m geri teper durur i\u00e7imdeki a\u011fr\u0131y\u0131, sanc\u0131y\u0131. Ey Hazer Bey! Ey Hazer Bey! O\u011fulsuz kar\u0131s\u0131na gayr\u0131 y\u00fcz d\u00f6ken Hazer Bey. Gayr\u0131 y\u00fcz\u00fcme bakmaz, elimi tutmaz, bak\u0131\u015flar\u0131 darg\u0131n, s\u0131rt\u0131 d\u00f6n\u00fck Hazer Bey! Sen ki benim i\u00e7in c\u00fcmle a\u015firetini alm\u0131\u015ft\u0131n kar\u015f\u0131na, babana ba\u015fkald\u0131rm\u0131\u015ft\u0131n; beni obamdan kald\u0131r\u0131p, ay\u0131rm\u0131\u015ft\u0131n. \u0130\u015fte ilk kan\u0131n! \u0130\u015fte ikinci kurban\u0131n! Topra\u011f\u0131n zehri bu kez nikahl\u0131 kar\u0131s\u0131n\u0131n \u00f6l\u00fcs\u00fcn\u00fc sulayacak. Bu zehir, bu zehir beni ve d\u00f6l tutmaz rahmimi de alacak topra\u011f\u0131n ba\u011fr\u0131na. <\/p>\n","protected":false},"excerpt":{"rendered":"<p>Kurey\u015fa- Korkunun sonuna geldim i\u015fte! Korkuyu yendim! Korkunun b\u00fcy\u00fcs\u00fc bitti, t\u0131ls\u0131m\u0131 \u00e7\u00f6z\u00fcld\u00fc bilinmezin. Korkuyu, cesaretle; hayat\u0131, \u00f6l\u00fcmle de\u011fi\u015ftiriyorum. Dayanacak g\u00fcc\u00fcm kalmad\u0131 art\u0131k! Daha ka\u00e7 gece dinleyece\u011fim<span class=\"excerpt-hellip\"> [\u2026]<\/span><\/p>\n","protected":false},"featured_media":0,"template":"","meta":{"_monsterinsights_skip_tracking":false,"_monsterinsights_sitenote_active":false,"_monsterinsights_sitenote_note":"","_monsterinsights_sitenote_category":0},"product_brand":[],"product_cat":[12291,14272],"product_tag":[],"class_list":{"0":"post-691723","1":"product","2":"type-product","3":"status-publish","5":"product_cat-edebiyat","6":"product_cat-tiyatro","7":"pa_cilt-ciltsiz","8":"pa_tur-kitap","9":"pa_yayinevi-metis-yayinlari","10":"pa_yazar-murathan-mungan","12":"first","13":"instock","14":"sale","15":"shipping-taxable","16":"purchasable","17":"product-type-simple"},"_links":{"self":[{"href":"https:\/\/roveyayinevi.com.tr\/index.php\/wp-json\/wp\/v2\/product\/691723","targetHints":{"allow":["GET"]}}],"collection":[{"href":"https:\/\/roveyayinevi.com.tr\/index.php\/wp-json\/wp\/v2\/product"}],"about":[{"href":"https:\/\/roveyayinevi.com.tr\/index.php\/wp-json\/wp\/v2\/types\/product"}],"wp:attachment":[{"href":"https:\/\/roveyayinevi.com.tr\/index.php\/wp-json\/wp\/v2\/media?parent=691723"}],"wp:term":[{"taxonomy":"product_brand","embeddable":true,"href":"https:\/\/roveyayinevi.com.tr\/index.php\/wp-json\/wp\/v2\/product_brand?post=691723"},{"taxonomy":"product_cat","embeddable":true,"href":"https:\/\/roveyayinevi.com.tr\/index.php\/wp-json\/wp\/v2\/product_cat?post=691723"},{"taxonomy":"product_tag","embeddable":true,"href":"https:\/\/roveyayinevi.com.tr\/index.php\/wp-json\/wp\/v2\/product_tag?post=691723"}],"curies":[{"name":"wp","href":"https:\/\/api.w.org\/{rel}","templated":true}]}}