{"id":691721,"date":"2025-08-27T14:00:31","date_gmt":"2025-08-27T11:00:31","guid":{"rendered":"https:\/\/roveyayinevi.com.tr\/index.php\/urun\/ebedi-koca\/"},"modified":"2026-04-16T02:00:58","modified_gmt":"2026-04-15T23:00:58","slug":"ebedi-koca","status":"publish","type":"product","link":"https:\/\/roveyayinevi.com.tr\/index.php\/urun\/ebedi-koca\/","title":{"rendered":"Ebedi Koca"},"content":{"rendered":"<p>Psikolojiyi ve ac\u0131may\u0131 yap\u0131tlar\u0131n\u0131n as\u0131l unsurlar\u0131 haline getirmi\u015f olan Dostoyevski, bu bak\u0131mdan Nietzsche ile daha sonra ortaya \u00e7\u0131kacak olan Varolu\u015f\u00e7ulu\u011fun sorunlar\u0131n\u0131 vaktinden \u00f6nce sezmi\u015f ve ard\u0131llar\u0131na kaynak olmu\u015ftur. \ufffcTan\u0131t\u0131m Metni<\/p>\n","protected":false},"excerpt":{"rendered":"<p>Psikolojiyi ve ac\u0131may\u0131 yap\u0131tlar\u0131n\u0131n as\u0131l unsurlar\u0131 haline getirmi\u015f olan Dostoyevski, bu bak\u0131mdan Nietzsche ile daha sonra ortaya \u00e7\u0131kacak olan Varolu\u015f\u00e7ulu\u011fun sorunlar\u0131n\u0131 vaktinden \u00f6nce sezmi\u015f ve ard\u0131llar\u0131na<span class=\"excerpt-hellip\"> [\u2026]<\/span><\/p>\n","protected":false},"featured_media":0,"template":"","meta":{"_monsterinsights_skip_tracking":false,"_monsterinsights_sitenote_active":false,"_monsterinsights_sitenote_note":"","_monsterinsights_sitenote_category":0},"product_brand":[],"product_cat":[12291,13570],"product_tag":[],"class_list":{"0":"post-691721","1":"product","2":"type-product","3":"status-publish","5":"product_cat-edebiyat","6":"product_cat-rus-edebiyati","7":"pa_cilt-ciltsiz","8":"pa_tur-kitap","9":"pa_yayinevi-oda-yayinlari","10":"pa_yazar-fyodor-mihaylovic-dostoyevski","12":"first","13":"instock","14":"sale","15":"shipping-taxable","16":"purchasable","17":"product-type-simple"},"_links":{"self":[{"href":"https:\/\/roveyayinevi.com.tr\/index.php\/wp-json\/wp\/v2\/product\/691721","targetHints":{"allow":["GET"]}}],"collection":[{"href":"https:\/\/roveyayinevi.com.tr\/index.php\/wp-json\/wp\/v2\/product"}],"about":[{"href":"https:\/\/roveyayinevi.com.tr\/index.php\/wp-json\/wp\/v2\/types\/product"}],"wp:attachment":[{"href":"https:\/\/roveyayinevi.com.tr\/index.php\/wp-json\/wp\/v2\/media?parent=691721"}],"wp:term":[{"taxonomy":"product_brand","embeddable":true,"href":"https:\/\/roveyayinevi.com.tr\/index.php\/wp-json\/wp\/v2\/product_brand?post=691721"},{"taxonomy":"product_cat","embeddable":true,"href":"https:\/\/roveyayinevi.com.tr\/index.php\/wp-json\/wp\/v2\/product_cat?post=691721"},{"taxonomy":"product_tag","embeddable":true,"href":"https:\/\/roveyayinevi.com.tr\/index.php\/wp-json\/wp\/v2\/product_tag?post=691721"}],"curies":[{"name":"wp","href":"https:\/\/api.w.org\/{rel}","templated":true}]}}