{"id":691717,"date":"2025-08-27T14:00:30","date_gmt":"2025-08-27T11:00:30","guid":{"rendered":"https:\/\/roveyayinevi.com.tr\/index.php\/urun\/eldivenler-hikayeler\/"},"modified":"2026-04-16T02:00:58","modified_gmt":"2026-04-15T23:00:58","slug":"eldivenler-hikayeler","status":"publish","type":"product","link":"https:\/\/roveyayinevi.com.tr\/index.php\/urun\/eldivenler-hikayeler\/","title":{"rendered":"Eldivenler, Hikayeler"},"content":{"rendered":"<p>Murathan Mungan&#8217;\u0131n ya\u015fama dair derin ve incelikli g\u00f6zlemlerle zenginle\u015ftirdi\u011fi bu \u00f6yk\u00fcler, kad\u0131nlar hakk\u0131nda, erkekler hakk\u0131nda, ili\u015fkilerin gerilimi hakk\u0131nda, ebeveynler hakk\u0131nda, zaman\u0131n ge\u00e7icili\u011fi ve bazen de &#8220;oturup kal\u0131c\u0131l\u0131\u011f\u0131&#8221; hakk\u0131nda, tesad\u00fcfler hakk\u0131nda k\u0131saca hayat hakk\u0131nda\u2026 Eldivenler, hik\u00e2yeler, 10 \u00f6yk\u00fcden olu\u015fuyor. Eldivenler, Ans\u0131z\u0131n her \u015fey, Kaset, Yaz gibisi var m\u0131?, K\u00f6t\u00fc adamla k\u00f6t\u00fc kad\u0131n\u0131n a\u015fk\u0131 \u00fczerine k\u00fc\u00e7\u00fck bir film, Krepen&#8217;in duvar\u0131, Isl\u0131k, \u00c7arp\u0131\u015fma, Tabut ve Ge\u00e7ici kesinlikler. <\/p>\n","protected":false},"excerpt":{"rendered":"<p>Murathan Mungan&#8217;\u0131n ya\u015fama dair derin ve incelikli g\u00f6zlemlerle zenginle\u015ftirdi\u011fi bu \u00f6yk\u00fcler, kad\u0131nlar hakk\u0131nda, erkekler hakk\u0131nda, ili\u015fkilerin gerilimi hakk\u0131nda, ebeveynler hakk\u0131nda, zaman\u0131n ge\u00e7icili\u011fi ve bazen de &#8220;oturup<span class=\"excerpt-hellip\"> [\u2026]<\/span><\/p>\n","protected":false},"featured_media":0,"template":"","meta":{"_monsterinsights_skip_tracking":false,"_monsterinsights_sitenote_active":false,"_monsterinsights_sitenote_note":"","_monsterinsights_sitenote_category":0},"product_brand":[],"product_cat":[12291,12292],"product_tag":[],"class_list":{"0":"post-691717","1":"product","2":"type-product","3":"status-publish","5":"product_cat-edebiyat","6":"product_cat-turk-edebiyati","7":"pa_cilt-ciltsiz","8":"pa_tur-kitap","9":"pa_yayinevi-metis-yayinlari","10":"pa_yazar-murathan-mungan","12":"first","13":"instock","14":"sale","15":"shipping-taxable","16":"purchasable","17":"product-type-simple"},"_links":{"self":[{"href":"https:\/\/roveyayinevi.com.tr\/index.php\/wp-json\/wp\/v2\/product\/691717","targetHints":{"allow":["GET"]}}],"collection":[{"href":"https:\/\/roveyayinevi.com.tr\/index.php\/wp-json\/wp\/v2\/product"}],"about":[{"href":"https:\/\/roveyayinevi.com.tr\/index.php\/wp-json\/wp\/v2\/types\/product"}],"wp:attachment":[{"href":"https:\/\/roveyayinevi.com.tr\/index.php\/wp-json\/wp\/v2\/media?parent=691717"}],"wp:term":[{"taxonomy":"product_brand","embeddable":true,"href":"https:\/\/roveyayinevi.com.tr\/index.php\/wp-json\/wp\/v2\/product_brand?post=691717"},{"taxonomy":"product_cat","embeddable":true,"href":"https:\/\/roveyayinevi.com.tr\/index.php\/wp-json\/wp\/v2\/product_cat?post=691717"},{"taxonomy":"product_tag","embeddable":true,"href":"https:\/\/roveyayinevi.com.tr\/index.php\/wp-json\/wp\/v2\/product_tag?post=691717"}],"curies":[{"name":"wp","href":"https:\/\/api.w.org\/{rel}","templated":true}]}}