{"id":691715,"date":"2025-08-27T14:00:29","date_gmt":"2025-08-27T11:00:29","guid":{"rendered":"https:\/\/roveyayinevi.com.tr\/index.php\/urun\/dunyayi-sarsan-on-gun\/"},"modified":"2026-04-16T02:00:58","modified_gmt":"2026-04-15T23:00:58","slug":"dunyayi-sarsan-on-gun","status":"publish","type":"product","link":"https:\/\/roveyayinevi.com.tr\/index.php\/urun\/dunyayi-sarsan-on-gun\/","title":{"rendered":"D\u00fcnyay\u0131 Sarsan On G\u00fcn"},"content":{"rendered":"<p>Bu kitap g\u00f6rd\u00fc\u011f\u00fcm bir tarih dilimidir. Ekim devrimi\u2019nin, yani rus asker ve i\u015f\u00e7ilerinin ba\u015f\u0131ndaki Bol\u015feviklerin devlet g\u00fcc\u00fcn\u00fc ellerine ge\u00e7irip onu Sovyetlerin ellerine b\u0131rakt\u0131klar\u0131 g\u00fcnlerin etrafl\u0131ca bir \u00f6yk\u00fcs\u00fc olmaktan \u00f6teye bir iddias\u0131 yoktur. \ufffcTan\u0131t\u0131m Metni<\/p>\n","protected":false},"excerpt":{"rendered":"<p>Bu kitap g\u00f6rd\u00fc\u011f\u00fcm bir tarih dilimidir. Ekim devrimi\u2019nin, yani rus asker ve i\u015f\u00e7ilerinin ba\u015f\u0131ndaki Bol\u015feviklerin devlet g\u00fcc\u00fcn\u00fc ellerine ge\u00e7irip onu Sovyetlerin ellerine b\u0131rakt\u0131klar\u0131 g\u00fcnlerin etrafl\u0131ca bir<span class=\"excerpt-hellip\"> [\u2026]<\/span><\/p>\n","protected":false},"featured_media":0,"template":"","meta":{"_monsterinsights_skip_tracking":false,"_monsterinsights_sitenote_active":false,"_monsterinsights_sitenote_note":"","_monsterinsights_sitenote_category":0},"product_brand":[],"product_cat":[12312,12304],"product_tag":[],"class_list":{"0":"post-691715","1":"product","2":"type-product","3":"status-publish","5":"product_cat-diger","6":"product_cat-tarih","7":"pa_tur-kitap","8":"pa_yayinevi-oda-yayinlari","9":"pa_yazar-john-reed","11":"first","12":"instock","13":"sale","14":"shipping-taxable","15":"purchasable","16":"product-type-simple"},"_links":{"self":[{"href":"https:\/\/roveyayinevi.com.tr\/index.php\/wp-json\/wp\/v2\/product\/691715","targetHints":{"allow":["GET"]}}],"collection":[{"href":"https:\/\/roveyayinevi.com.tr\/index.php\/wp-json\/wp\/v2\/product"}],"about":[{"href":"https:\/\/roveyayinevi.com.tr\/index.php\/wp-json\/wp\/v2\/types\/product"}],"wp:attachment":[{"href":"https:\/\/roveyayinevi.com.tr\/index.php\/wp-json\/wp\/v2\/media?parent=691715"}],"wp:term":[{"taxonomy":"product_brand","embeddable":true,"href":"https:\/\/roveyayinevi.com.tr\/index.php\/wp-json\/wp\/v2\/product_brand?post=691715"},{"taxonomy":"product_cat","embeddable":true,"href":"https:\/\/roveyayinevi.com.tr\/index.php\/wp-json\/wp\/v2\/product_cat?post=691715"},{"taxonomy":"product_tag","embeddable":true,"href":"https:\/\/roveyayinevi.com.tr\/index.php\/wp-json\/wp\/v2\/product_tag?post=691715"}],"curies":[{"name":"wp","href":"https:\/\/api.w.org\/{rel}","templated":true}]}}