{"id":691714,"date":"2025-08-27T14:00:29","date_gmt":"2025-08-27T11:00:29","guid":{"rendered":"https:\/\/roveyayinevi.com.tr\/index.php\/urun\/bizim-can\/"},"modified":"2026-03-28T02:00:46","modified_gmt":"2026-03-27T23:00:46","slug":"bizim-can","status":"publish","type":"product","link":"https:\/\/roveyayinevi.com.tr\/index.php\/urun\/bizim-can\/","title":{"rendered":"Bizim Can"},"content":{"rendered":"<p>Can annesi, babas\u0131, babaannesi ve karde\u015fi Cem\u2019le birlikte huzurlu bir yuvada ya\u015fayan ak\u0131ll\u0131 bir \u00e7ocuktu. Evini, okulunu, ailesini, arkada\u015flar\u0131n\u0131, \u00f6\u011fretmenini, k\u0131saca hayat\u0131 \u00e7ok seven bir yap\u0131ya sahipti. Arkada\u015flar\u0131na yard\u0131m etmeyi, onlarla g\u00fczel payla\u015f\u0131mlarda bulunmay\u0131 \u00e7ok seviyordu. Babas\u0131 Can\u2019a arkada\u015f\u0131 gibi yakla\u015f\u0131yor, onun b\u00fct\u00fcn s\u0131k\u0131nt\u0131lar\u0131n\u0131 dinliyordu. Annesi ve babas\u0131n\u0131n verdi\u011fi \u00f6\u011f\u00fctler Can\u2019\u0131 hayata haz\u0131rl\u0131yordu. Arkada\u015flar\u0131n\u0131n hayatlar\u0131n\u0131 da yak\u0131ndan g\u00f6ren Can kendi hayat\u0131n\u0131n farkl\u0131 oldu\u011funu d\u00fc\u015f\u00fcnd\u00fc. Bu mutlu hayat\u0131 herkesle payla\u015fmak istedi. Ya\u015fad\u0131\u011f\u0131 olaylardan hayata dair \u00e7\u0131kard\u0131\u011f\u0131 sonu\u00e7lar\u0131 hat\u0131ra defterinde toplad\u0131. Bunu sizlerle payla\u015fmak istiyor&#8230;<\/p>\n","protected":false},"excerpt":{"rendered":"<p>Can annesi, babas\u0131, babaannesi ve karde\u015fi Cem\u2019le birlikte huzurlu bir yuvada ya\u015fayan ak\u0131ll\u0131 bir \u00e7ocuktu. Evini, okulunu, ailesini, arkada\u015flar\u0131n\u0131, \u00f6\u011fretmenini, k\u0131saca hayat\u0131 \u00e7ok seven bir yap\u0131ya<span class=\"excerpt-hellip\"> [\u2026]<\/span><\/p>\n","protected":false},"featured_media":0,"template":"","meta":{"_monsterinsights_skip_tracking":false,"_monsterinsights_sitenote_active":false,"_monsterinsights_sitenote_note":"","_monsterinsights_sitenote_category":0},"product_brand":[],"product_cat":[12274,12284],"product_tag":[],"class_list":{"0":"post-691714","1":"product","2":"type-product","3":"status-publish","5":"product_cat-cocuk-ve-genclik-kitaplari","6":"product_cat-hikayeler","7":"pa_cilt-ciltsiz","8":"pa_tur-kitap","9":"pa_yayinevi-nesil-cocuk-yayinlari","10":"pa_yazar-yavuz-bahadiroglu","12":"first","13":"instock","14":"sale","15":"shipping-taxable","16":"purchasable","17":"product-type-simple"},"_links":{"self":[{"href":"https:\/\/roveyayinevi.com.tr\/index.php\/wp-json\/wp\/v2\/product\/691714","targetHints":{"allow":["GET"]}}],"collection":[{"href":"https:\/\/roveyayinevi.com.tr\/index.php\/wp-json\/wp\/v2\/product"}],"about":[{"href":"https:\/\/roveyayinevi.com.tr\/index.php\/wp-json\/wp\/v2\/types\/product"}],"wp:attachment":[{"href":"https:\/\/roveyayinevi.com.tr\/index.php\/wp-json\/wp\/v2\/media?parent=691714"}],"wp:term":[{"taxonomy":"product_brand","embeddable":true,"href":"https:\/\/roveyayinevi.com.tr\/index.php\/wp-json\/wp\/v2\/product_brand?post=691714"},{"taxonomy":"product_cat","embeddable":true,"href":"https:\/\/roveyayinevi.com.tr\/index.php\/wp-json\/wp\/v2\/product_cat?post=691714"},{"taxonomy":"product_tag","embeddable":true,"href":"https:\/\/roveyayinevi.com.tr\/index.php\/wp-json\/wp\/v2\/product_tag?post=691714"}],"curies":[{"name":"wp","href":"https:\/\/api.w.org\/{rel}","templated":true}]}}