{"id":691711,"date":"2025-08-27T14:00:29","date_gmt":"2025-08-27T11:00:29","guid":{"rendered":"https:\/\/roveyayinevi.com.tr\/index.php\/urun\/amcamin-ruyasi\/"},"modified":"2026-04-16T02:00:58","modified_gmt":"2026-04-15T23:00:58","slug":"amcamin-ruyasi","status":"publish","type":"product","link":"https:\/\/roveyayinevi.com.tr\/index.php\/urun\/amcamin-ruyasi\/","title":{"rendered":"Amcam\u0131n R\u00fcyas\u0131"},"content":{"rendered":"<p>Thomas Mann\u2019\u0131n \u2018Do\u011fu\u2019nun Dantesi ve Maksim Gorki\u2019nin \u2018Rus Shakespeare\u2019i\u2019 diye niteledi\u011fi Fyodor Miahilovi\u00e7 Dostoyevski, Tolstoy\u2019un yan\u0131 s\u0131ra, klasik Rus edebiyat\u0131n\u0131n tipik temsilcisi ve simgedir. Dostoyevski\u2019nin sanatsal ustal\u0131\u011f\u0131 herkes\u00e7e kabul edilmekle kalmay\u0131p, d\u00fcnya edebiyat\u0131n\u0131n \u00f6nde gelen \u00fcnl\u00fc yazarlar\u0131ndan bir\u00e7o\u011funa esin kayna\u011f\u0131 olmu\u015ftur&#8230; <\/p>\n","protected":false},"excerpt":{"rendered":"<p>Thomas Mann\u2019\u0131n \u2018Do\u011fu\u2019nun Dantesi ve Maksim Gorki\u2019nin \u2018Rus Shakespeare\u2019i\u2019 diye niteledi\u011fi Fyodor Miahilovi\u00e7 Dostoyevski, Tolstoy\u2019un yan\u0131 s\u0131ra, klasik Rus edebiyat\u0131n\u0131n tipik temsilcisi ve simgedir. Dostoyevski\u2019nin sanatsal<span class=\"excerpt-hellip\"> [\u2026]<\/span><\/p>\n","protected":false},"featured_media":0,"template":"","meta":{"_monsterinsights_skip_tracking":false,"_monsterinsights_sitenote_active":false,"_monsterinsights_sitenote_note":"","_monsterinsights_sitenote_category":0},"product_brand":[],"product_cat":[12291,13570],"product_tag":[],"class_list":{"0":"post-691711","1":"product","2":"type-product","3":"status-publish","5":"product_cat-edebiyat","6":"product_cat-rus-edebiyati","7":"pa_tur-kitap","8":"pa_yayinevi-oda-yayinlari","9":"pa_yazar-fyodor-mihaylovic-dostoyevski","11":"first","12":"instock","13":"sale","14":"shipping-taxable","15":"purchasable","16":"product-type-simple"},"_links":{"self":[{"href":"https:\/\/roveyayinevi.com.tr\/index.php\/wp-json\/wp\/v2\/product\/691711","targetHints":{"allow":["GET"]}}],"collection":[{"href":"https:\/\/roveyayinevi.com.tr\/index.php\/wp-json\/wp\/v2\/product"}],"about":[{"href":"https:\/\/roveyayinevi.com.tr\/index.php\/wp-json\/wp\/v2\/types\/product"}],"wp:attachment":[{"href":"https:\/\/roveyayinevi.com.tr\/index.php\/wp-json\/wp\/v2\/media?parent=691711"}],"wp:term":[{"taxonomy":"product_brand","embeddable":true,"href":"https:\/\/roveyayinevi.com.tr\/index.php\/wp-json\/wp\/v2\/product_brand?post=691711"},{"taxonomy":"product_cat","embeddable":true,"href":"https:\/\/roveyayinevi.com.tr\/index.php\/wp-json\/wp\/v2\/product_cat?post=691711"},{"taxonomy":"product_tag","embeddable":true,"href":"https:\/\/roveyayinevi.com.tr\/index.php\/wp-json\/wp\/v2\/product_tag?post=691711"}],"curies":[{"name":"wp","href":"https:\/\/api.w.org\/{rel}","templated":true}]}}