{"id":691709,"date":"2025-08-27T14:00:28","date_gmt":"2025-08-27T11:00:28","guid":{"rendered":"https:\/\/roveyayinevi.com.tr\/index.php\/urun\/akdeniz-2\/"},"modified":"2026-04-16T02:00:58","modified_gmt":"2026-04-15T23:00:58","slug":"akdeniz-2","status":"publish","type":"product","link":"https:\/\/roveyayinevi.com.tr\/index.php\/urun\/akdeniz-2\/","title":{"rendered":"Akdeniz"},"content":{"rendered":"<p>Evrensel karde\u015fli\u011fin renkleriyle olu\u015fmu\u015f bir g\u00f6kku\u015fa\u011f\u0131 Akdeniz&#8230; Arkada\u015fl\u0131\u011f\u0131n, adressizli\u011fin, yerinde duraman\u0131n, dinmez &#8220;yol \u00f6zlemleri&#8221;nin yazar\u0131 Panait Istrati, okurlar\u0131n\u0131; &#8220;insan&#8221;\u0131n yery\u00fcz\u00fc ser\u00fcveninin \u00f6nemli u\u011fraklar\u0131ndan, olan firavunlar\u0131n, sfenkslerin diyar\u0131 M\u0131s\u0131r\u2019a, Musa\u2019yla, Mihail\u2019le yolculu\u011fa \u00e7a\u011f\u0131r\u0131yor&#8230;<\/p>\n","protected":false},"excerpt":{"rendered":"<p>Evrensel karde\u015fli\u011fin renkleriyle olu\u015fmu\u015f bir g\u00f6kku\u015fa\u011f\u0131 Akdeniz&#8230; Arkada\u015fl\u0131\u011f\u0131n, adressizli\u011fin, yerinde duraman\u0131n, dinmez &#8220;yol \u00f6zlemleri&#8221;nin yazar\u0131 Panait Istrati, okurlar\u0131n\u0131; &#8220;insan&#8221;\u0131n yery\u00fcz\u00fc ser\u00fcveninin \u00f6nemli u\u011fraklar\u0131ndan, olan firavunlar\u0131n, sfenkslerin<span class=\"excerpt-hellip\"> [\u2026]<\/span><\/p>\n","protected":false},"featured_media":0,"template":"","meta":{"_monsterinsights_skip_tracking":false,"_monsterinsights_sitenote_active":false,"_monsterinsights_sitenote_note":"","_monsterinsights_sitenote_category":0},"product_brand":[],"product_cat":[13661,12291],"product_tag":[],"class_list":{"0":"post-691709","1":"product","2":"type-product","3":"status-publish","5":"product_cat-diger-ulke-edebiyatlari","6":"product_cat-edebiyat","7":"pa_cilt-ciltsiz","8":"pa_tur-kitap","9":"pa_yayinevi-oda-yayinlari","10":"pa_yazar-panait-istrati","12":"first","13":"instock","14":"sale","15":"shipping-taxable","16":"purchasable","17":"product-type-simple"},"_links":{"self":[{"href":"https:\/\/roveyayinevi.com.tr\/index.php\/wp-json\/wp\/v2\/product\/691709","targetHints":{"allow":["GET"]}}],"collection":[{"href":"https:\/\/roveyayinevi.com.tr\/index.php\/wp-json\/wp\/v2\/product"}],"about":[{"href":"https:\/\/roveyayinevi.com.tr\/index.php\/wp-json\/wp\/v2\/types\/product"}],"wp:attachment":[{"href":"https:\/\/roveyayinevi.com.tr\/index.php\/wp-json\/wp\/v2\/media?parent=691709"}],"wp:term":[{"taxonomy":"product_brand","embeddable":true,"href":"https:\/\/roveyayinevi.com.tr\/index.php\/wp-json\/wp\/v2\/product_brand?post=691709"},{"taxonomy":"product_cat","embeddable":true,"href":"https:\/\/roveyayinevi.com.tr\/index.php\/wp-json\/wp\/v2\/product_cat?post=691709"},{"taxonomy":"product_tag","embeddable":true,"href":"https:\/\/roveyayinevi.com.tr\/index.php\/wp-json\/wp\/v2\/product_tag?post=691709"}],"curies":[{"name":"wp","href":"https:\/\/api.w.org\/{rel}","templated":true}]}}