{"id":691708,"date":"2025-08-27T14:00:28","date_gmt":"2025-08-27T11:00:28","guid":{"rendered":"https:\/\/roveyayinevi.com.tr\/index.php\/urun\/ezeli-maglup\/"},"modified":"2026-04-16T02:00:58","modified_gmt":"2026-04-15T23:00:58","slug":"ezeli-maglup","status":"publish","type":"product","link":"https:\/\/roveyayinevi.com.tr\/index.php\/urun\/ezeli-maglup\/","title":{"rendered":"Ezeli Ma\u011flup"},"content":{"rendered":"<p>Burukluk, Tarih ve \u00dctopya, \u00c7\u00fcr\u00fcmenin Kitab\u0131. Cioran\u2019dan yay\u0131mlad\u0131\u011f\u0131m\u0131z bu \u00fc\u00e7 kitap da T\u00fcrk\u00e7ede okurlardan hat\u0131r\u0131 say\u0131l\u0131r bir ilgi g\u00f6rd\u00fc, hatta belli bir m\u00fcdavim ku\u015fa\u011f\u0131 yaratt\u0131. Ezeli Ma\u011flup, Cioran\u2019la yap\u0131lm\u0131\u015f s\u00f6yle\u015fileri bir araya getiriyor. Romanya\u2019da, Karpat Da\u011flar\u0131\u2019ndaki \u00e7ocuklu\u011funu, aile hayat\u0131n\u0131, etkilendi\u011fi ve beslendi\u011fi kaynaklar\u0131, Paris\u2019e gidi\u015fi ve yak\u0131n \u00e7evresiyle ili\u015fkilerinin hik\u00e2yesini, Frans\u0131zca yazma, dil ve d\u00fc\u015f\u00fcnce, din ve mistisizm, insanl\u0131k tarihi \u00fczerine h\u0131nz\u0131r tespitlerini buluyoruz bu s\u00f6yle\u015filerde. Her Cioran okurunun er ya da ge\u00e7 akl\u0131na d\u00fc\u015fen \u015fu soru di\u011fer konu\u015fanlardan, yorumlayanlardan, vaaz verenlerden bunca \u015fik\u00e2yet\u00e7iyseniz ve b\u00fct\u00fcn bunlara hi\u00e7bir inan\u00e7 ve g\u00fcven duymuyorsan\u0131z, siz kendiniz niye yaz\u0131yorsunuz? sorusu da yer al\u0131yor s\u00f6yle\u015filerde. Hak veriyor Cioran, ezeli bir ma\u011flubiyet gibi g\u00f6r\u00fcyor ya\u015fam\u0131n\u0131. Di\u011fer yandan, intihar fikri olmasa, kendimi \u00e7oktan \u00f6ld\u00fcrm\u00fc\u015f olurdum, diyen bir d\u00fc\u015f\u00fcn\u00fcr\u00fcn, kimi zaman \u00e7a\u011f\u0131m\u0131z\u0131n en koyu k\u00f6t\u00fcmseri olarak alg\u0131lanan, kimi zaman insana Diogenes\u2019i hat\u0131rlatan bir \u015fekilde g\u00f6lge etmeyin diyen, s\u00fcrekli terk etmeyi, b\u0131rakmay\u0131 telkin eden bu ya\u015fl\u0131 adam\u0131n, nas\u0131l kendine \u00f6zg\u00fc bir ya\u015fam sevincine ve ne\u015feye sahip oldu\u011funu, nas\u0131l Balkanlar\u2019a vergi bir kadercilikle varolu\u015fu oldu\u011fu gibi kabullendi\u011fini de g\u00f6r\u00fcyoruz.\ufffcTan\u0131t\u0131m Metni<\/p>\n","protected":false},"excerpt":{"rendered":"<p>Burukluk, Tarih ve \u00dctopya, \u00c7\u00fcr\u00fcmenin Kitab\u0131. Cioran\u2019dan yay\u0131mlad\u0131\u011f\u0131m\u0131z bu \u00fc\u00e7 kitap da T\u00fcrk\u00e7ede okurlardan hat\u0131r\u0131 say\u0131l\u0131r bir ilgi g\u00f6rd\u00fc, hatta belli bir m\u00fcdavim ku\u015fa\u011f\u0131 yaratt\u0131. Ezeli<span class=\"excerpt-hellip\"> [\u2026]<\/span><\/p>\n","protected":false},"featured_media":0,"template":"","meta":{"_monsterinsights_skip_tracking":false,"_monsterinsights_sitenote_active":false,"_monsterinsights_sitenote_note":"","_monsterinsights_sitenote_category":0},"product_brand":[],"product_cat":[12291,12711],"product_tag":[],"class_list":{"0":"post-691708","1":"product","2":"type-product","3":"status-publish","5":"product_cat-edebiyat","6":"product_cat-roman-oyku","7":"pa_cilt-ciltsiz","8":"pa_tur-kitap","9":"pa_yayinevi-metis-yayinlari","10":"pa_yazar-emil-michel-cioran","12":"first","13":"instock","14":"sale","15":"shipping-taxable","16":"purchasable","17":"product-type-simple"},"_links":{"self":[{"href":"https:\/\/roveyayinevi.com.tr\/index.php\/wp-json\/wp\/v2\/product\/691708","targetHints":{"allow":["GET"]}}],"collection":[{"href":"https:\/\/roveyayinevi.com.tr\/index.php\/wp-json\/wp\/v2\/product"}],"about":[{"href":"https:\/\/roveyayinevi.com.tr\/index.php\/wp-json\/wp\/v2\/types\/product"}],"wp:attachment":[{"href":"https:\/\/roveyayinevi.com.tr\/index.php\/wp-json\/wp\/v2\/media?parent=691708"}],"wp:term":[{"taxonomy":"product_brand","embeddable":true,"href":"https:\/\/roveyayinevi.com.tr\/index.php\/wp-json\/wp\/v2\/product_brand?post=691708"},{"taxonomy":"product_cat","embeddable":true,"href":"https:\/\/roveyayinevi.com.tr\/index.php\/wp-json\/wp\/v2\/product_cat?post=691708"},{"taxonomy":"product_tag","embeddable":true,"href":"https:\/\/roveyayinevi.com.tr\/index.php\/wp-json\/wp\/v2\/product_tag?post=691708"}],"curies":[{"name":"wp","href":"https:\/\/api.w.org\/{rel}","templated":true}]}}