{"id":691706,"date":"2025-08-27T14:00:28","date_gmt":"2025-08-27T11:00:28","guid":{"rendered":"https:\/\/roveyayinevi.com.tr\/index.php\/urun\/metis-kucuk-filozoflar-serisi-13-epikurun-kahkahasi\/"},"modified":"2026-04-16T02:00:58","modified_gmt":"2026-04-15T23:00:58","slug":"metis-kucuk-filozoflar-serisi-13-epikurun-kahkahasi","status":"publish","type":"product","link":"https:\/\/roveyayinevi.com.tr\/index.php\/urun\/metis-kucuk-filozoflar-serisi-13-epikurun-kahkahasi\/","title":{"rendered":"Metis K\u00fc\u00e7\u00fck Filozoflar Serisi 13 &#8211; Epik\u00fcr&#8217;\u00fcn Kahkahas\u0131"},"content":{"rendered":"<p>Sevgili anneci\u011fim, merhaba! Sen Zeus\u2019un bana garezi oldu\u011funa inan\u0131yorsun. Bana hep diyorsun ki Zeus hastal\u0131klar ya\u011fd\u0131racakm\u0131\u015f; arkada\u015flar\u0131m\u0131 \u00f6ld\u00fcrecek, beni paras\u0131z pulsuz b\u0131rakacak ve Olimpos\u2019taki b\u00fct\u00fcn tanr\u0131lara emir verecekmi\u015f bana \u00e7ile \u00e7ektirsinler diye. Ama i\u00e7in rahat olsun! Benim mutlu bir hayat s\u00fcrmeme asla engel olamayacak Zeus, \u00e7\u00fcnk\u00fc bundan b\u00f6yle ona inanmamaya karar verdim. -O\u011flun, Epik\u00fcr- K\u00fc\u00e7\u00fck Filozoflar Dizisi, 8-12 ya\u015f \u00e7ocuklar\u0131 i\u00e7in filozoflar\u0131n hik\u00e2yelerini anlatan \u00e7ok g\u00fczel resimlenmi\u015f kitaplardan olu\u015fuyor. Diziyle \u00e7ocuklar\u0131n felsefeye zevkli bir giri\u015f yapmalar\u0131n\u0131, kendi sorular\u0131n\u0131n pe\u015finden gitme al\u0131\u015fkanl\u0131\u011f\u0131 kazanmalar\u0131n\u0131 ama\u00e7l\u0131yoruz. Epik\u00fcr\u2019\u00fcn Kahkahas\u0131 dizinin on \u00fc\u00e7\u00fcnc\u00fc kitab\u0131. <\/p>\n","protected":false},"excerpt":{"rendered":"<p>Sevgili anneci\u011fim, merhaba! Sen Zeus\u2019un bana garezi oldu\u011funa inan\u0131yorsun. Bana hep diyorsun ki Zeus hastal\u0131klar ya\u011fd\u0131racakm\u0131\u015f; arkada\u015flar\u0131m\u0131 \u00f6ld\u00fcrecek, beni paras\u0131z pulsuz b\u0131rakacak ve Olimpos\u2019taki b\u00fct\u00fcn tanr\u0131lara<span class=\"excerpt-hellip\"> [\u2026]<\/span><\/p>\n","protected":false},"featured_media":0,"template":"","meta":{"_monsterinsights_skip_tracking":false,"_monsterinsights_sitenote_active":false,"_monsterinsights_sitenote_note":"","_monsterinsights_sitenote_category":0},"product_brand":[],"product_cat":[12312,12304],"product_tag":[],"class_list":{"0":"post-691706","1":"product","2":"type-product","3":"status-publish","5":"product_cat-diger","6":"product_cat-tarih","7":"pa_cilt-ciltsiz","8":"pa_tur-kitap","9":"pa_yayinevi-metis-yayinlari","10":"pa_yazar-yan-marchand","12":"first","13":"instock","14":"sale","15":"shipping-taxable","16":"purchasable","17":"product-type-simple"},"_links":{"self":[{"href":"https:\/\/roveyayinevi.com.tr\/index.php\/wp-json\/wp\/v2\/product\/691706","targetHints":{"allow":["GET"]}}],"collection":[{"href":"https:\/\/roveyayinevi.com.tr\/index.php\/wp-json\/wp\/v2\/product"}],"about":[{"href":"https:\/\/roveyayinevi.com.tr\/index.php\/wp-json\/wp\/v2\/types\/product"}],"wp:attachment":[{"href":"https:\/\/roveyayinevi.com.tr\/index.php\/wp-json\/wp\/v2\/media?parent=691706"}],"wp:term":[{"taxonomy":"product_brand","embeddable":true,"href":"https:\/\/roveyayinevi.com.tr\/index.php\/wp-json\/wp\/v2\/product_brand?post=691706"},{"taxonomy":"product_cat","embeddable":true,"href":"https:\/\/roveyayinevi.com.tr\/index.php\/wp-json\/wp\/v2\/product_cat?post=691706"},{"taxonomy":"product_tag","embeddable":true,"href":"https:\/\/roveyayinevi.com.tr\/index.php\/wp-json\/wp\/v2\/product_tag?post=691706"}],"curies":[{"name":"wp","href":"https:\/\/api.w.org\/{rel}","templated":true}]}}