{"id":691703,"date":"2025-08-27T14:00:27","date_gmt":"2025-08-27T11:00:27","guid":{"rendered":"https:\/\/roveyayinevi.com.tr\/index.php\/urun\/haram-yemenin-sonu-degerler-egitimi-hikayeleri\/"},"modified":"2026-04-16T02:00:58","modified_gmt":"2026-04-15T23:00:58","slug":"haram-yemenin-sonu-degerler-egitimi-hikayeleri","status":"publish","type":"product","link":"https:\/\/roveyayinevi.com.tr\/index.php\/urun\/haram-yemenin-sonu-degerler-egitimi-hikayeleri\/","title":{"rendered":"Haram Yemenin Sonu &#8211; De\u011ferler E\u011fitimi Hikayeleri"},"content":{"rendered":"<p>Karabay\u0131r K\u00f6y\u00fc`nde ya\u015fayan Yenge\u00e7 Kemal k\u0131sa zamanda zengin olmu\u015ftu. Kimse ne bir yanl\u0131\u015f\u0131n\u0131 g\u00f6rm\u00fc\u015ft\u00fc ne de bir hatas\u0131n\u0131 fark etmi\u015fti. Herkesle iyi ge\u00e7inirdi. Yenge\u00e7 Kemal kasapl\u0131k yap\u0131yordu. K\u00f6ydekiler hayvanlar\u0131na bir \u015fey olsa solu\u011fu Yenge\u00e7 Kemal`in yan\u0131nda al\u0131yorlard\u0131. S\u00fcl\u00fc Day\u0131`n\u0131n da danas\u0131 hastalanm\u0131\u015ft\u0131. Yenge\u00e7 Kemal`den yard\u0131m istedi\u2026 B\u00f6ylelikle olaylar geli\u015fti ve Yenge\u00e7 Kemal`in k\u0131sa zamanda nas\u0131l zengin oldu\u011fu anla\u015f\u0131ld\u0131. Haram yemenin nelere mal oldu\u011funu bu hik\u00e2yeyle daha iyi anlayacaks\u0131n\u0131z. Kitapta \u201cHaram Yemenin Sonu\u201dyla birlikte birbirinden e\u011flenceli ve \u00f6\u011fretici be\u015f hik\u00e2ye daha bulunuyor: \u201cBizim \u015e\u00fckr\u00fc\u201d, \u201c\u0130mparator\u201d, \u201cHasta \u00c7ocuk\u201d, \u201cKasabaya Gelen Panay\u0131r\u201d, \u201cSarho\u015fun Pi\u015fmanl\u0131\u011f\u0131\u201d, \u201cS\u00fcnger Avc\u0131s\u0131\u201d\u2026 <\/p>\n","protected":false},"excerpt":{"rendered":"<p>Karabay\u0131r K\u00f6y\u00fc`nde ya\u015fayan Yenge\u00e7 Kemal k\u0131sa zamanda zengin olmu\u015ftu. Kimse ne bir yanl\u0131\u015f\u0131n\u0131 g\u00f6rm\u00fc\u015ft\u00fc ne de bir hatas\u0131n\u0131 fark etmi\u015fti. Herkesle iyi ge\u00e7inirdi. Yenge\u00e7 Kemal kasapl\u0131k<span class=\"excerpt-hellip\"> [\u2026]<\/span><\/p>\n","protected":false},"featured_media":0,"template":"","meta":{"_monsterinsights_skip_tracking":false,"_monsterinsights_sitenote_active":false,"_monsterinsights_sitenote_note":"","_monsterinsights_sitenote_category":0},"product_brand":[],"product_cat":[12274,12284],"product_tag":[],"class_list":{"0":"post-691703","1":"product","2":"type-product","3":"status-publish","5":"product_cat-cocuk-ve-genclik-kitaplari","6":"product_cat-hikayeler","7":"pa_cilt-ciltsiz","8":"pa_tur-kitap","9":"pa_yayinevi-nesil-cocuk-yayinlari","10":"pa_yazar-yavuz-bahadiroglu","12":"first","13":"instock","14":"sale","15":"shipping-taxable","16":"purchasable","17":"product-type-simple"},"_links":{"self":[{"href":"https:\/\/roveyayinevi.com.tr\/index.php\/wp-json\/wp\/v2\/product\/691703","targetHints":{"allow":["GET"]}}],"collection":[{"href":"https:\/\/roveyayinevi.com.tr\/index.php\/wp-json\/wp\/v2\/product"}],"about":[{"href":"https:\/\/roveyayinevi.com.tr\/index.php\/wp-json\/wp\/v2\/types\/product"}],"wp:attachment":[{"href":"https:\/\/roveyayinevi.com.tr\/index.php\/wp-json\/wp\/v2\/media?parent=691703"}],"wp:term":[{"taxonomy":"product_brand","embeddable":true,"href":"https:\/\/roveyayinevi.com.tr\/index.php\/wp-json\/wp\/v2\/product_brand?post=691703"},{"taxonomy":"product_cat","embeddable":true,"href":"https:\/\/roveyayinevi.com.tr\/index.php\/wp-json\/wp\/v2\/product_cat?post=691703"},{"taxonomy":"product_tag","embeddable":true,"href":"https:\/\/roveyayinevi.com.tr\/index.php\/wp-json\/wp\/v2\/product_tag?post=691703"}],"curies":[{"name":"wp","href":"https:\/\/api.w.org\/{rel}","templated":true}]}}