{"id":691702,"date":"2025-08-27T14:00:27","date_gmt":"2025-08-27T11:00:27","guid":{"rendered":"https:\/\/roveyayinevi.com.tr\/index.php\/urun\/ahireti-ogrenmek-istiyorum-hikayelerle-ahiret-inanci\/"},"modified":"2026-04-16T02:00:58","modified_gmt":"2026-04-15T23:00:58","slug":"ahireti-ogrenmek-istiyorum-hikayelerle-ahiret-inanci","status":"publish","type":"product","link":"https:\/\/roveyayinevi.com.tr\/index.php\/urun\/ahireti-ogrenmek-istiyorum-hikayelerle-ahiret-inanci\/","title":{"rendered":"Ahireti \u00d6\u011frenmek \u0130stiyorum &#8211; Hikayelerle Ahiret \u0130nanc\u0131"},"content":{"rendered":"<p>&#8211; \u00d6ld\u00fckten sonra nereye gidece\u011fiz? <\/p>\n","protected":false},"excerpt":{"rendered":"<p>&#8211; \u00d6ld\u00fckten sonra nereye gidece\u011fiz?<\/p>\n","protected":false},"featured_media":0,"template":"","meta":{"_monsterinsights_skip_tracking":false,"_monsterinsights_sitenote_active":false,"_monsterinsights_sitenote_note":"","_monsterinsights_sitenote_category":0},"product_brand":[],"product_cat":[16789,12718,12719],"product_tag":[],"class_list":{"0":"post-691702","1":"product","2":"type-product","3":"status-publish","5":"product_cat-diger-islam","6":"product_cat-din","7":"product_cat-islam","8":"pa_tur-kitap","9":"pa_yayinevi-nesil-cocuk-yayinlari","10":"pa_yazar-suleyman-karacelil","12":"first","13":"instock","14":"sale","15":"shipping-taxable","16":"purchasable","17":"product-type-simple"},"_links":{"self":[{"href":"https:\/\/roveyayinevi.com.tr\/index.php\/wp-json\/wp\/v2\/product\/691702","targetHints":{"allow":["GET"]}}],"collection":[{"href":"https:\/\/roveyayinevi.com.tr\/index.php\/wp-json\/wp\/v2\/product"}],"about":[{"href":"https:\/\/roveyayinevi.com.tr\/index.php\/wp-json\/wp\/v2\/types\/product"}],"wp:attachment":[{"href":"https:\/\/roveyayinevi.com.tr\/index.php\/wp-json\/wp\/v2\/media?parent=691702"}],"wp:term":[{"taxonomy":"product_brand","embeddable":true,"href":"https:\/\/roveyayinevi.com.tr\/index.php\/wp-json\/wp\/v2\/product_brand?post=691702"},{"taxonomy":"product_cat","embeddable":true,"href":"https:\/\/roveyayinevi.com.tr\/index.php\/wp-json\/wp\/v2\/product_cat?post=691702"},{"taxonomy":"product_tag","embeddable":true,"href":"https:\/\/roveyayinevi.com.tr\/index.php\/wp-json\/wp\/v2\/product_tag?post=691702"}],"curies":[{"name":"wp","href":"https:\/\/api.w.org\/{rel}","templated":true}]}}