{"id":691688,"date":"2025-08-27T14:00:24","date_gmt":"2025-08-27T11:00:24","guid":{"rendered":"https:\/\/roveyayinevi.com.tr\/index.php\/urun\/sezen-aksu-eksik-siir-sarki-sozleri-1977-2006\/"},"modified":"2026-04-16T02:00:57","modified_gmt":"2026-04-15T23:00:57","slug":"sezen-aksu-eksik-siir-sarki-sozleri-1977-2006","status":"publish","type":"product","link":"https:\/\/roveyayinevi.com.tr\/index.php\/urun\/sezen-aksu-eksik-siir-sarki-sozleri-1977-2006\/","title":{"rendered":"Sezen Aksu Eksik \u015eiir &#8211; \u015eark\u0131 S\u00f6zleri (1977-2006)"},"content":{"rendered":"<p>Sezen Aksu&#8217;nun 1975-2006 aras\u0131nda yazd\u0131\u011f\u0131 d\u00f6rt y\u00fcz\u00fcn \u00fczerinde \u015fark\u0131 s\u00f6z\u00fcnden se\u00e7ti\u011fimiz 197&#8217;si yer al\u0131yor kitapta. Baz\u0131lar\u0131n\u0131 \u00e7ok iyi hat\u0131rlayacaks\u0131n\u0131z.Kendi kendinize m\u0131r\u0131ldand\u0131\u011f\u0131n\u0131z, hi\u00e7bir zaman unutamad\u0131\u011f\u0131n\u0131z \u015fark\u0131lar&#8230; Ama muhtemelen bilmediklerinizle, duymad\u0131klar\u0131n\u0131zla da kar\u015f\u0131la\u015facaks\u0131n\u0131z.  T\u00fcrkiye&#8217;de art arda 3-4 ku\u015fa\u011f\u0131n hat\u0131ralar\u0131nda yer etmi\u015f Sezen \u015fark\u0131lar\u0131n\u0131 b\u00f6yle bir kitap b\u00fct\u00fcnl\u00fc\u011f\u00fc i\u00e7inde, bu kez &#8220;okunacak&#8221; bir \u015fey olarak sunarken, sanat\u00e7\u0131n\u0131n \u015fark\u0131 s\u00f6zlerinin ta\u015f\u0131d\u0131\u011f\u0131 \u015fiirselli\u011fi okurla payla\u015fmak, kendi m\u00fcziklerine kavu\u015fmazdan \u00f6nce, k\u00e2\u011f\u0131t \u00fcst\u00fcne ilk geldikleri halleriyle okutmak istedik.  Eksik \u015eiir, a\u015fk ve sevgi, tutkular\u0131m\u0131z, vazge\u00e7i\u015flerimiz ve hep yeniden umutlan\u0131\u015f\u0131m\u0131z \u00fczerine bir kitap. \u0130nsan olmakla ne kadar k\u0131r\u0131lgan oldu\u011fumuzu, ama her \u015feye ra\u011fmen yaralar\u0131m\u0131z\u0131 sar\u0131p ayakta durabilecek g\u00fcce sahip oldu\u011fumuzu kan\u0131tl\u0131yor. <\/p>\n","protected":false},"excerpt":{"rendered":"<p>Sezen Aksu&#8217;nun 1975-2006 aras\u0131nda yazd\u0131\u011f\u0131 d\u00f6rt y\u00fcz\u00fcn \u00fczerinde \u015fark\u0131 s\u00f6z\u00fcnden se\u00e7ti\u011fimiz 197&#8217;si yer al\u0131yor kitapta. Baz\u0131lar\u0131n\u0131 \u00e7ok iyi hat\u0131rlayacaks\u0131n\u0131z.Kendi kendinize m\u0131r\u0131ldand\u0131\u011f\u0131n\u0131z, hi\u00e7bir zaman unutamad\u0131\u011f\u0131n\u0131z \u015fark\u0131lar&#8230; Ama<span class=\"excerpt-hellip\"> [\u2026]<\/span><\/p>\n","protected":false},"featured_media":0,"template":"","meta":{"_monsterinsights_skip_tracking":false,"_monsterinsights_sitenote_active":false,"_monsterinsights_sitenote_note":"","_monsterinsights_sitenote_category":0},"product_brand":[],"product_cat":[12291,12509],"product_tag":[],"class_list":{"0":"post-691688","1":"product","2":"type-product","3":"status-publish","5":"product_cat-edebiyat","6":"product_cat-siir","7":"pa_cilt-ciltsiz","8":"pa_tur-kitap","9":"pa_yayinevi-metis-yayinlari","10":"pa_yazar-sezen-aksu","12":"first","13":"instock","14":"sale","15":"shipping-taxable","16":"purchasable","17":"product-type-simple"},"_links":{"self":[{"href":"https:\/\/roveyayinevi.com.tr\/index.php\/wp-json\/wp\/v2\/product\/691688","targetHints":{"allow":["GET"]}}],"collection":[{"href":"https:\/\/roveyayinevi.com.tr\/index.php\/wp-json\/wp\/v2\/product"}],"about":[{"href":"https:\/\/roveyayinevi.com.tr\/index.php\/wp-json\/wp\/v2\/types\/product"}],"wp:attachment":[{"href":"https:\/\/roveyayinevi.com.tr\/index.php\/wp-json\/wp\/v2\/media?parent=691688"}],"wp:term":[{"taxonomy":"product_brand","embeddable":true,"href":"https:\/\/roveyayinevi.com.tr\/index.php\/wp-json\/wp\/v2\/product_brand?post=691688"},{"taxonomy":"product_cat","embeddable":true,"href":"https:\/\/roveyayinevi.com.tr\/index.php\/wp-json\/wp\/v2\/product_cat?post=691688"},{"taxonomy":"product_tag","embeddable":true,"href":"https:\/\/roveyayinevi.com.tr\/index.php\/wp-json\/wp\/v2\/product_tag?post=691688"}],"curies":[{"name":"wp","href":"https:\/\/api.w.org\/{rel}","templated":true}]}}