{"id":691686,"date":"2025-08-27T14:00:24","date_gmt":"2025-08-27T11:00:24","guid":{"rendered":"https:\/\/roveyayinevi.com.tr\/index.php\/urun\/muhtesem-gatsby\/"},"modified":"2026-04-16T02:00:57","modified_gmt":"2026-04-15T23:00:57","slug":"muhtesem-gatsby","status":"publish","type":"product","link":"https:\/\/roveyayinevi.com.tr\/index.php\/urun\/muhtesem-gatsby\/","title":{"rendered":"Muhte\u015fem Gatsby"},"content":{"rendered":"<p>San\u0131yorum Gatsby\u2019nin evine gitti\u011fim ilk gece ger\u00e7ekten davet edilmi\u015f olan \u00e7ok az konuktan biriydim. Di\u011ferleri davet edilmemi\u015flerdi. Gelmi\u015flerdi&#8230; 1. D\u00fcnya Sava\u015f\u0131\u2019n\u0131n ard\u0131ndan kendi \u00e7abalar\u0131 sonucu servet sahibi olmu\u015f gizemli Jay Gatsby, paran\u0131n, zenginlerin ve bir ba\u015fka erke\u011fe kapt\u0131rd\u0131\u011f\u0131 kad\u0131n\u0131n ard\u0131ndan sab\u0131rl\u0131 bir kararl\u0131l\u0131kla ko\u015fmaktad\u0131r. En sonunda Daisby Buchanan ile bir araya gelmeyi ba\u015fard\u0131\u011f\u0131 zaman, trajik olaylar birbiri ard\u0131na sahneye konmay\u0131 beklemektedir. Hik\u00e2ye, Gatsby\u2019nin tarafs\u0131z ve hep yan\u0131nda olan dostu ve kom\u015fusu Nick Carraway\u2019\u0131n g\u00f6z\u00fcnden anlat\u0131l\u0131r. Fitzgerald\u2019\u0131n edebi yetene\u011fi, bize  Caz \u00c7a\u011f\u0131 n\u0131n kay\u0131p ku\u015fa\u011f\u0131n\u0131n ya\u015fama bak\u0131\u015f\u0131 ve kendilerini bekleyen kader \u00fczerine e\u015fsiz ipu\u00e7lar\u0131 verir. <\/p>\n","protected":false},"excerpt":{"rendered":"<p>San\u0131yorum Gatsby\u2019nin evine gitti\u011fim ilk gece ger\u00e7ekten davet edilmi\u015f olan \u00e7ok az konuktan biriydim. Di\u011ferleri davet edilmemi\u015flerdi. Gelmi\u015flerdi&#8230; 1. D\u00fcnya Sava\u015f\u0131\u2019n\u0131n ard\u0131ndan kendi \u00e7abalar\u0131 sonucu servet<span class=\"excerpt-hellip\"> [\u2026]<\/span><\/p>\n","protected":false},"featured_media":0,"template":"","meta":{"_monsterinsights_skip_tracking":false,"_monsterinsights_sitenote_active":false,"_monsterinsights_sitenote_note":"","_monsterinsights_sitenote_category":0},"product_brand":[],"product_cat":[12891,12291],"product_tag":[],"class_list":{"0":"post-691686","1":"product","2":"type-product","3":"status-publish","5":"product_cat-amerikan-edebiyati","6":"product_cat-edebiyat","7":"pa_tur-kitap","8":"pa_yayinevi-oda-yayinlari","9":"pa_yazar-francis-scott-key-fitzgerald","11":"first","12":"instock","13":"sale","14":"shipping-taxable","15":"purchasable","16":"product-type-simple"},"_links":{"self":[{"href":"https:\/\/roveyayinevi.com.tr\/index.php\/wp-json\/wp\/v2\/product\/691686","targetHints":{"allow":["GET"]}}],"collection":[{"href":"https:\/\/roveyayinevi.com.tr\/index.php\/wp-json\/wp\/v2\/product"}],"about":[{"href":"https:\/\/roveyayinevi.com.tr\/index.php\/wp-json\/wp\/v2\/types\/product"}],"wp:attachment":[{"href":"https:\/\/roveyayinevi.com.tr\/index.php\/wp-json\/wp\/v2\/media?parent=691686"}],"wp:term":[{"taxonomy":"product_brand","embeddable":true,"href":"https:\/\/roveyayinevi.com.tr\/index.php\/wp-json\/wp\/v2\/product_brand?post=691686"},{"taxonomy":"product_cat","embeddable":true,"href":"https:\/\/roveyayinevi.com.tr\/index.php\/wp-json\/wp\/v2\/product_cat?post=691686"},{"taxonomy":"product_tag","embeddable":true,"href":"https:\/\/roveyayinevi.com.tr\/index.php\/wp-json\/wp\/v2\/product_tag?post=691686"}],"curies":[{"name":"wp","href":"https:\/\/api.w.org\/{rel}","templated":true}]}}