{"id":691682,"date":"2025-08-27T14:00:23","date_gmt":"2025-08-27T11:00:23","guid":{"rendered":"https:\/\/roveyayinevi.com.tr\/index.php\/urun\/yerdeniz-serisi-3-en-uzak-sahil\/"},"modified":"2026-04-16T02:00:57","modified_gmt":"2026-04-15T23:00:57","slug":"yerdeniz-serisi-3-en-uzak-sahil","status":"publish","type":"product","link":"https:\/\/roveyayinevi.com.tr\/index.php\/urun\/yerdeniz-serisi-3-en-uzak-sahil\/","title":{"rendered":"Yerdeniz Serisi 3 &#8211; En Uzak Sahil"},"content":{"rendered":"<p>Yerdeniz serisinin \u00fc\u00e7\u00fcnc\u00fc kitab\u0131 En Uzak Sahil \u00f6l\u00fcm hakk\u0131nda. \u0130lk iki kitap ya\u015fad\u0131\u011f\u0131m ve atlatt\u0131\u011f\u0131m \u015feyler hakk\u0131ndayd\u0131. En Uzak Sahil\u2019 de konu edilen \u015feyi ise ya\u015fay\u0131p atlatamazs\u0131n\u0131z. Bu bana gen\u00e7 okurlar i\u00e7in \u00e7ok uygun bir konu gibi gelmi\u015fti, \u00e7\u00fcnk\u00fc \u00e7ocuk yaln\u0131zca \u00f6l\u00fcm\u00fcn varoldu\u011funu de\u011fil, \u00e7ocuklar \u00f6l\u00fcm\u00fcn yo\u011fun bir bi\u00e7imde fark\u0131ndad\u0131rlar, kendisinin de \u00f6l\u00fcml\u00fc oldu\u011funu, \u00f6lece\u011fini anlad\u0131\u011f\u0131 anda, \u00e7ocukluk biter ve yeni hayat ba\u015flar. Bu da b\u00fcy\u00fcmedir, ama daha geni\u015f bir ba\u011flamda. &#8211; Ursula K. Le Guin<\/p>\n","protected":false},"excerpt":{"rendered":"<p>Yerdeniz serisinin \u00fc\u00e7\u00fcnc\u00fc kitab\u0131 En Uzak Sahil \u00f6l\u00fcm hakk\u0131nda. \u0130lk iki kitap ya\u015fad\u0131\u011f\u0131m ve atlatt\u0131\u011f\u0131m \u015feyler hakk\u0131ndayd\u0131. En Uzak Sahil\u2019 de konu edilen \u015feyi ise ya\u015fay\u0131p<span class=\"excerpt-hellip\"> [\u2026]<\/span><\/p>\n","protected":false},"featured_media":0,"template":"","meta":{"_monsterinsights_skip_tracking":false,"_monsterinsights_sitenote_active":false,"_monsterinsights_sitenote_note":"","_monsterinsights_sitenote_category":0},"product_brand":[],"product_cat":[12291,14777],"product_tag":[],"class_list":{"0":"post-691682","1":"product","2":"type-product","3":"status-publish","5":"product_cat-edebiyat","6":"product_cat-fantastik","7":"pa_cilt-ciltsiz","8":"pa_tur-kitap","9":"pa_yayinevi-metis-yayinlari","10":"pa_yazar-ursula-k-le-guin","12":"first","13":"instock","14":"sale","15":"shipping-taxable","16":"purchasable","17":"product-type-simple"},"_links":{"self":[{"href":"https:\/\/roveyayinevi.com.tr\/index.php\/wp-json\/wp\/v2\/product\/691682","targetHints":{"allow":["GET"]}}],"collection":[{"href":"https:\/\/roveyayinevi.com.tr\/index.php\/wp-json\/wp\/v2\/product"}],"about":[{"href":"https:\/\/roveyayinevi.com.tr\/index.php\/wp-json\/wp\/v2\/types\/product"}],"wp:attachment":[{"href":"https:\/\/roveyayinevi.com.tr\/index.php\/wp-json\/wp\/v2\/media?parent=691682"}],"wp:term":[{"taxonomy":"product_brand","embeddable":true,"href":"https:\/\/roveyayinevi.com.tr\/index.php\/wp-json\/wp\/v2\/product_brand?post=691682"},{"taxonomy":"product_cat","embeddable":true,"href":"https:\/\/roveyayinevi.com.tr\/index.php\/wp-json\/wp\/v2\/product_cat?post=691682"},{"taxonomy":"product_tag","embeddable":true,"href":"https:\/\/roveyayinevi.com.tr\/index.php\/wp-json\/wp\/v2\/product_tag?post=691682"}],"curies":[{"name":"wp","href":"https:\/\/api.w.org\/{rel}","templated":true}]}}