{"id":691680,"date":"2025-08-27T14:00:23","date_gmt":"2025-08-27T11:00:23","guid":{"rendered":"https:\/\/roveyayinevi.com.tr\/index.php\/urun\/nana\/"},"modified":"2026-04-16T02:00:57","modified_gmt":"2026-04-15T23:00:57","slug":"nana","status":"publish","type":"product","link":"https:\/\/roveyayinevi.com.tr\/index.php\/urun\/nana\/","title":{"rendered":"Nana"},"content":{"rendered":"<p>Emile Zola, kapitalist d\u00fcnyada herkesin bir \u015fey satt\u0131\u011f\u0131n\u0131, satacak bir \u015feyi olamayan kad\u0131nlar\u0131n bedenini satt\u0131\u011f\u0131n\u0131, satacak bir \u015feyi olmayan erkelerin de onurunu satt\u0131\u011f\u0131n\u0131, kapitalizmin o erken d\u00f6neminde g\u00f6zlemlemi\u015f,bu olguyu ya\u015famadan insan anla\u011f\u0131na \u00e7\u0131karmay\u0131 tasarlam\u0131\u015ft\u0131. Nana, Emile Zola\u2019n\u0131n \u00fctopyac\u0131 sosyalist bak\u0131\u015f a\u00e7\u0131s\u0131yla bu ihtiya\u00e7lar\u0131n do\u011fup roman haline geldi. Paran\u0131n ve yol a\u00e7t\u0131\u011f\u0131 entrikalar\u0131n, ba\u015fka bir deyi\u015fle insan\u0131n yabanc\u0131la\u015fmas\u0131n\u0131n en g\u00f6rkemli roman\u0131d\u0131r. Bu bak\u0131mdan, yabanc\u0131la\u015fma konusunda \u00e7al\u0131\u015fan Marksistler\u2019in s\u00fcrekli ba\u015fvuru kayna\u011f\u0131d\u0131r. Bug\u00fcn\u00fcn insana ayk\u0131r\u0131 olan d\u00fcnyas\u0131n\u0131n de\u011fi\u015ftirilmesi, insan\u0131n insanca ya\u015fayaca\u011f\u0131 bir d\u00fcnyan\u0131n zorunlu oldu\u011funu sergiliyor. Gelecek mutlu bir insanl\u0131k bir\u00e7o\u011fumuzun ba\u015fkoydu\u011fu ve bekledi\u011fi bir de\u011fi\u015fimdir. Bunu zorunlu k\u0131lan da Nana\u2018da anlat\u0131lanlar. <\/p>\n","protected":false},"excerpt":{"rendered":"<p>Emile Zola, kapitalist d\u00fcnyada herkesin bir \u015fey satt\u0131\u011f\u0131n\u0131, satacak bir \u015feyi olamayan kad\u0131nlar\u0131n bedenini satt\u0131\u011f\u0131n\u0131, satacak bir \u015feyi olmayan erkelerin de onurunu satt\u0131\u011f\u0131n\u0131, kapitalizmin o erken<span class=\"excerpt-hellip\"> [\u2026]<\/span><\/p>\n","protected":false},"featured_media":0,"template":"","meta":{"_monsterinsights_skip_tracking":false,"_monsterinsights_sitenote_active":false,"_monsterinsights_sitenote_note":"","_monsterinsights_sitenote_category":0},"product_brand":[],"product_cat":[12291,13376],"product_tag":[],"class_list":{"0":"post-691680","1":"product","2":"type-product","3":"status-publish","5":"product_cat-edebiyat","6":"product_cat-fransiz-edebiyati","7":"pa_cilt-ciltsiz","8":"pa_tur-kitap","9":"pa_yayinevi-oda-yayinlari","10":"pa_yazar-emile-zola","12":"first","13":"instock","14":"sale","15":"shipping-taxable","16":"purchasable","17":"product-type-simple"},"_links":{"self":[{"href":"https:\/\/roveyayinevi.com.tr\/index.php\/wp-json\/wp\/v2\/product\/691680","targetHints":{"allow":["GET"]}}],"collection":[{"href":"https:\/\/roveyayinevi.com.tr\/index.php\/wp-json\/wp\/v2\/product"}],"about":[{"href":"https:\/\/roveyayinevi.com.tr\/index.php\/wp-json\/wp\/v2\/types\/product"}],"wp:attachment":[{"href":"https:\/\/roveyayinevi.com.tr\/index.php\/wp-json\/wp\/v2\/media?parent=691680"}],"wp:term":[{"taxonomy":"product_brand","embeddable":true,"href":"https:\/\/roveyayinevi.com.tr\/index.php\/wp-json\/wp\/v2\/product_brand?post=691680"},{"taxonomy":"product_cat","embeddable":true,"href":"https:\/\/roveyayinevi.com.tr\/index.php\/wp-json\/wp\/v2\/product_cat?post=691680"},{"taxonomy":"product_tag","embeddable":true,"href":"https:\/\/roveyayinevi.com.tr\/index.php\/wp-json\/wp\/v2\/product_tag?post=691680"}],"curies":[{"name":"wp","href":"https:\/\/api.w.org\/{rel}","templated":true}]}}