{"id":691677,"date":"2025-08-27T14:00:22","date_gmt":"2025-08-27T11:00:22","guid":{"rendered":"https:\/\/roveyayinevi.com.tr\/index.php\/urun\/maca-kizi\/"},"modified":"2026-04-16T02:00:57","modified_gmt":"2026-04-15T23:00:57","slug":"maca-kizi","status":"publish","type":"product","link":"https:\/\/roveyayinevi.com.tr\/index.php\/urun\/maca-kizi\/","title":{"rendered":"Ma\u00e7a K\u0131z\u0131"},"content":{"rendered":"<p>1799\u2019da Moskova\u2019da do\u011fan Aleksandr Sergeyevi\u00e7 Pu\u015fkin, \u00e7arl\u0131k y\u00f6netiminin zul\u00fcmlerine kar\u015f\u0131 yazd\u0131\u011f\u0131 \u015fiirlerle \u00fcnlendi. Daha sonra yazd\u0131\u011f\u0131 eserlerle Rus edebiyat\u0131n\u0131n kurucusu olarak kabul edildi. Edebi k\u00fclt\u00fcr\u00fcnde Rus halk sanat\u0131 epeyce yer tutar.\u015eiirde lirik, romantik Bat\u0131 \u015fairlerinin yolunu izleyen Pu\u015fkin, \u00f6yk\u00fc ve romanda Ger\u00e7ek\u00e7ilik ak\u0131m\u0131na y\u00f6nelmi\u015ftir. Edebi konular\u0131n\u0131 g\u00fcndelik hayat olu\u015fturur.1833\u2019te yazd\u0131\u011f\u0131 Ma\u00e7a K\u0131z\u0131, Pu\u015fkin\u2019in yaz\u0131nsal yarat\u0131c\u0131l\u0131ktaki ustal\u0131\u011f\u0131n\u0131 g\u00f6steren yap\u0131tlar\u0131ndan biridir.Ma\u00e7a K\u0131z\u0131\u2019n\u0131 merak ve \u00e7o\u015fkuyla okuyacaks\u0131n\u0131z.<\/p>\n","protected":false},"excerpt":{"rendered":"<p>1799\u2019da Moskova\u2019da do\u011fan Aleksandr Sergeyevi\u00e7 Pu\u015fkin, \u00e7arl\u0131k y\u00f6netiminin zul\u00fcmlerine kar\u015f\u0131 yazd\u0131\u011f\u0131 \u015fiirlerle \u00fcnlendi. Daha sonra yazd\u0131\u011f\u0131 eserlerle Rus edebiyat\u0131n\u0131n kurucusu olarak kabul edildi. Edebi k\u00fclt\u00fcr\u00fcnde Rus<span class=\"excerpt-hellip\"> [\u2026]<\/span><\/p>\n","protected":false},"featured_media":0,"template":"","meta":{"_monsterinsights_skip_tracking":false,"_monsterinsights_sitenote_active":false,"_monsterinsights_sitenote_note":"","_monsterinsights_sitenote_category":0},"product_brand":[],"product_cat":[12291,13570],"product_tag":[],"class_list":{"0":"post-691677","1":"product","2":"type-product","3":"status-publish","5":"product_cat-edebiyat","6":"product_cat-rus-edebiyati","7":"pa_cilt-ciltsiz","8":"pa_tur-kitap","9":"pa_yayinevi-oda-yayinlari","10":"pa_yazar-aleksandr-sergeyevic-puskin","12":"first","13":"instock","14":"sale","15":"shipping-taxable","16":"purchasable","17":"product-type-simple"},"_links":{"self":[{"href":"https:\/\/roveyayinevi.com.tr\/index.php\/wp-json\/wp\/v2\/product\/691677","targetHints":{"allow":["GET"]}}],"collection":[{"href":"https:\/\/roveyayinevi.com.tr\/index.php\/wp-json\/wp\/v2\/product"}],"about":[{"href":"https:\/\/roveyayinevi.com.tr\/index.php\/wp-json\/wp\/v2\/types\/product"}],"wp:attachment":[{"href":"https:\/\/roveyayinevi.com.tr\/index.php\/wp-json\/wp\/v2\/media?parent=691677"}],"wp:term":[{"taxonomy":"product_brand","embeddable":true,"href":"https:\/\/roveyayinevi.com.tr\/index.php\/wp-json\/wp\/v2\/product_brand?post=691677"},{"taxonomy":"product_cat","embeddable":true,"href":"https:\/\/roveyayinevi.com.tr\/index.php\/wp-json\/wp\/v2\/product_cat?post=691677"},{"taxonomy":"product_tag","embeddable":true,"href":"https:\/\/roveyayinevi.com.tr\/index.php\/wp-json\/wp\/v2\/product_tag?post=691677"}],"curies":[{"name":"wp","href":"https:\/\/api.w.org\/{rel}","templated":true}]}}