{"id":691671,"date":"2025-08-27T14:00:21","date_gmt":"2025-08-27T11:00:21","guid":{"rendered":"https:\/\/roveyayinevi.com.tr\/index.php\/urun\/doktor-olacagim\/"},"modified":"2026-04-16T02:00:57","modified_gmt":"2026-04-15T23:00:57","slug":"doktor-olacagim","status":"publish","type":"product","link":"https:\/\/roveyayinevi.com.tr\/index.php\/urun\/doktor-olacagim\/","title":{"rendered":"Doktor Olaca\u011f\u0131m"},"content":{"rendered":"<p>Babas\u0131n\u0131 k\u00fc\u00e7\u00fck ya\u015fta kaybeden Adil, annesi ile birlikte fakir bir hayat s\u00fcr\u00fcyordu. Ya\u015fad\u0131klar\u0131 bu hayat annesini \u00e7aresiz bir hastal\u0131\u011fa s\u00fcr\u00fckledi. Adil bu duruma \u00e7ok \u00fcz\u00fcld\u00fc. Annesini hastaneye g\u00f6t\u00fcrebilmek i\u00e7in a\u011f\u0131r \u015fartlar alt\u0131nda \u00e7al\u0131\u015fmaya ba\u015flad\u0131. Ama bu da yeterli de\u011fildi\u2026 Acaba Adil\u2019i nas\u0131l bir hik\u00e2ye bekliyordu\u2026 <\/p>\n","protected":false},"excerpt":{"rendered":"<p>Babas\u0131n\u0131 k\u00fc\u00e7\u00fck ya\u015fta kaybeden Adil, annesi ile birlikte fakir bir hayat s\u00fcr\u00fcyordu. Ya\u015fad\u0131klar\u0131 bu hayat annesini \u00e7aresiz bir hastal\u0131\u011fa s\u00fcr\u00fckledi. Adil bu duruma \u00e7ok \u00fcz\u00fcld\u00fc. Annesini<span class=\"excerpt-hellip\"> [\u2026]<\/span><\/p>\n","protected":false},"featured_media":0,"template":"","meta":{"_monsterinsights_skip_tracking":false,"_monsterinsights_sitenote_active":false,"_monsterinsights_sitenote_note":"","_monsterinsights_sitenote_category":0},"product_brand":[],"product_cat":[12274,12284],"product_tag":[],"class_list":{"0":"post-691671","1":"product","2":"type-product","3":"status-publish","5":"product_cat-cocuk-ve-genclik-kitaplari","6":"product_cat-hikayeler","7":"pa_cilt-ciltsiz","8":"pa_tur-kitap","9":"pa_yayinevi-nesil-cocuk-yayinlari","10":"pa_yazar-yavuz-bahadiroglu","12":"first","13":"instock","14":"sale","15":"shipping-taxable","16":"purchasable","17":"product-type-simple"},"_links":{"self":[{"href":"https:\/\/roveyayinevi.com.tr\/index.php\/wp-json\/wp\/v2\/product\/691671","targetHints":{"allow":["GET"]}}],"collection":[{"href":"https:\/\/roveyayinevi.com.tr\/index.php\/wp-json\/wp\/v2\/product"}],"about":[{"href":"https:\/\/roveyayinevi.com.tr\/index.php\/wp-json\/wp\/v2\/types\/product"}],"wp:attachment":[{"href":"https:\/\/roveyayinevi.com.tr\/index.php\/wp-json\/wp\/v2\/media?parent=691671"}],"wp:term":[{"taxonomy":"product_brand","embeddable":true,"href":"https:\/\/roveyayinevi.com.tr\/index.php\/wp-json\/wp\/v2\/product_brand?post=691671"},{"taxonomy":"product_cat","embeddable":true,"href":"https:\/\/roveyayinevi.com.tr\/index.php\/wp-json\/wp\/v2\/product_cat?post=691671"},{"taxonomy":"product_tag","embeddable":true,"href":"https:\/\/roveyayinevi.com.tr\/index.php\/wp-json\/wp\/v2\/product_tag?post=691671"}],"curies":[{"name":"wp","href":"https:\/\/api.w.org\/{rel}","templated":true}]}}