{"id":691669,"date":"2025-08-27T14:00:20","date_gmt":"2025-08-27T11:00:20","guid":{"rendered":"https:\/\/roveyayinevi.com.tr\/index.php\/urun\/kumarbaz-2\/"},"modified":"2026-04-16T02:00:57","modified_gmt":"2026-04-15T23:00:57","slug":"kumarbaz-2","status":"publish","type":"product","link":"https:\/\/roveyayinevi.com.tr\/index.php\/urun\/kumarbaz-2\/","title":{"rendered":"Kumarbaz"},"content":{"rendered":"<p>&#8220;Kumarbaz&#8221; t\u00fcm varl\u0131\u011f\u0131n\u0131, g\u00fcc\u00fcn\u00fc, yetene\u011fini rulet masas\u0131na yat\u0131ran; bilinmeyene, tehlikeye \u00f6zlem duyan; hem ba\u015fkald\u0131ran, hem korkan; i\u00e7inde binbir t\u00fcrl\u00fc \u00e7eli\u015fki bar\u0131nd\u0131ran kumara tutkun bir adam\u0131n roman\u0131. Kendisi de bir s\u00fcre kumar\u0131n tutsa\u011f\u0131 olan Dostoyevski, belki hi\u00e7bir roman\u0131na kendi ya\u015fam\u0131ndan bu kadar \u00e7ok \u015fey katmam\u0131\u015ft\u0131r. Hi\u00e7bir \u015fey yazmasayd\u0131 bile &#8220;Kumarbaz&#8221; onu Dostoyevski yapmaya yeterdi.<\/p>\n","protected":false},"excerpt":{"rendered":"<p>&#8220;Kumarbaz&#8221; t\u00fcm varl\u0131\u011f\u0131n\u0131, g\u00fcc\u00fcn\u00fc, yetene\u011fini rulet masas\u0131na yat\u0131ran; bilinmeyene, tehlikeye \u00f6zlem duyan; hem ba\u015fkald\u0131ran, hem korkan; i\u00e7inde binbir t\u00fcrl\u00fc \u00e7eli\u015fki bar\u0131nd\u0131ran kumara tutkun bir adam\u0131n roman\u0131.<span class=\"excerpt-hellip\"> [\u2026]<\/span><\/p>\n","protected":false},"featured_media":0,"template":"","meta":{"_monsterinsights_skip_tracking":false,"_monsterinsights_sitenote_active":false,"_monsterinsights_sitenote_note":"","_monsterinsights_sitenote_category":0},"product_brand":[],"product_cat":[12291,13570],"product_tag":[],"class_list":{"0":"post-691669","1":"product","2":"type-product","3":"status-publish","5":"product_cat-edebiyat","6":"product_cat-rus-edebiyati","7":"pa_cilt-ciltsiz","8":"pa_tur-kitap","9":"pa_yayinevi-oda-yayinlari","10":"pa_yazar-fyodor-mihaylovic-dostoyevski","12":"first","13":"instock","14":"sale","15":"shipping-taxable","16":"purchasable","17":"product-type-simple"},"_links":{"self":[{"href":"https:\/\/roveyayinevi.com.tr\/index.php\/wp-json\/wp\/v2\/product\/691669","targetHints":{"allow":["GET"]}}],"collection":[{"href":"https:\/\/roveyayinevi.com.tr\/index.php\/wp-json\/wp\/v2\/product"}],"about":[{"href":"https:\/\/roveyayinevi.com.tr\/index.php\/wp-json\/wp\/v2\/types\/product"}],"wp:attachment":[{"href":"https:\/\/roveyayinevi.com.tr\/index.php\/wp-json\/wp\/v2\/media?parent=691669"}],"wp:term":[{"taxonomy":"product_brand","embeddable":true,"href":"https:\/\/roveyayinevi.com.tr\/index.php\/wp-json\/wp\/v2\/product_brand?post=691669"},{"taxonomy":"product_cat","embeddable":true,"href":"https:\/\/roveyayinevi.com.tr\/index.php\/wp-json\/wp\/v2\/product_cat?post=691669"},{"taxonomy":"product_tag","embeddable":true,"href":"https:\/\/roveyayinevi.com.tr\/index.php\/wp-json\/wp\/v2\/product_tag?post=691669"}],"curies":[{"name":"wp","href":"https:\/\/api.w.org\/{rel}","templated":true}]}}