{"id":691668,"date":"2025-08-27T14:00:20","date_gmt":"2025-08-27T11:00:20","guid":{"rendered":"https:\/\/roveyayinevi.com.tr\/index.php\/urun\/moby-dick-beyaz-balina\/"},"modified":"2026-04-16T02:00:57","modified_gmt":"2026-04-15T23:00:57","slug":"moby-dick-beyaz-balina","status":"publish","type":"product","link":"https:\/\/roveyayinevi.com.tr\/index.php\/urun\/moby-dick-beyaz-balina\/","title":{"rendered":"Moby Dick Beyaz Balina"},"content":{"rendered":"<p>\u0130nsan\u0131n i\u00e7indeki k\u00f6t\u00fcl\u00fck duygusuyla sava\u015fmas\u0131n\u0131n g\u00f6rkemli bir an\u0131t\u0131 olan   Moby Dick   ya da di\u011fer ad\u0131yla   Beyaz Balina   19. y\u00fczy\u0131l roman\u0131n\u0131n kilometre ta\u015flar\u0131ndan biridir. Beyaz Balina\u2019y\u0131 di\u011fer deniz romanlar\u0131ndan ay\u0131ransa, e\u015fsiz kurgusu, tarihten mitolojiye, mitolojiden psikolojiye ve do\u011fa bilimlerine var\u0131ncaya kadar, bar\u0131nd\u0131rd\u0131\u011f\u0131 \u00e7okkatmanl\u0131 bir roman olmas\u0131d\u0131r. <\/p>\n","protected":false},"excerpt":{"rendered":"<p>\u0130nsan\u0131n i\u00e7indeki k\u00f6t\u00fcl\u00fck duygusuyla sava\u015fmas\u0131n\u0131n g\u00f6rkemli bir an\u0131t\u0131 olan Moby Dick ya da di\u011fer ad\u0131yla Beyaz Balina 19. y\u00fczy\u0131l roman\u0131n\u0131n kilometre ta\u015flar\u0131ndan biridir. Beyaz Balina\u2019y\u0131 di\u011fer<span class=\"excerpt-hellip\"> [\u2026]<\/span><\/p>\n","protected":false},"featured_media":0,"template":"","meta":{"_monsterinsights_skip_tracking":false,"_monsterinsights_sitenote_active":false,"_monsterinsights_sitenote_note":"","_monsterinsights_sitenote_category":0},"product_brand":[],"product_cat":[12891,12291],"product_tag":[],"class_list":{"0":"post-691668","1":"product","2":"type-product","3":"status-publish","5":"product_cat-amerikan-edebiyati","6":"product_cat-edebiyat","7":"pa_tur-kitap","8":"pa_yayinevi-oda-yayinlari","9":"pa_yazar-herman-melville","11":"first","12":"instock","13":"sale","14":"shipping-taxable","15":"purchasable","16":"product-type-simple"},"_links":{"self":[{"href":"https:\/\/roveyayinevi.com.tr\/index.php\/wp-json\/wp\/v2\/product\/691668","targetHints":{"allow":["GET"]}}],"collection":[{"href":"https:\/\/roveyayinevi.com.tr\/index.php\/wp-json\/wp\/v2\/product"}],"about":[{"href":"https:\/\/roveyayinevi.com.tr\/index.php\/wp-json\/wp\/v2\/types\/product"}],"wp:attachment":[{"href":"https:\/\/roveyayinevi.com.tr\/index.php\/wp-json\/wp\/v2\/media?parent=691668"}],"wp:term":[{"taxonomy":"product_brand","embeddable":true,"href":"https:\/\/roveyayinevi.com.tr\/index.php\/wp-json\/wp\/v2\/product_brand?post=691668"},{"taxonomy":"product_cat","embeddable":true,"href":"https:\/\/roveyayinevi.com.tr\/index.php\/wp-json\/wp\/v2\/product_cat?post=691668"},{"taxonomy":"product_tag","embeddable":true,"href":"https:\/\/roveyayinevi.com.tr\/index.php\/wp-json\/wp\/v2\/product_tag?post=691668"}],"curies":[{"name":"wp","href":"https:\/\/api.w.org\/{rel}","templated":true}]}}