{"id":691667,"date":"2025-08-27T14:00:20","date_gmt":"2025-08-27T11:00:20","guid":{"rendered":"https:\/\/roveyayinevi.com.tr\/index.php\/urun\/kral-lear-3\/"},"modified":"2026-04-16T02:00:57","modified_gmt":"2026-04-15T23:00:57","slug":"kral-lear-3","status":"publish","type":"product","link":"https:\/\/roveyayinevi.com.tr\/index.php\/urun\/kral-lear-3\/","title":{"rendered":"Kral Lear"},"content":{"rendered":"<p>B\u00fct\u00fcn meseleyi olmak ya da olmamak s\u00f6zleriyle \u00f6zetleyen en b\u00fcy\u00fck oyun yazar\u0131 William Shakespeare\u2019in hayat\u0131 hakk\u0131nda pek az \u015fey biliniyor. \ufffcTan\u0131t\u0131m Metni<\/p>\n","protected":false},"excerpt":{"rendered":"<p>B\u00fct\u00fcn meseleyi olmak ya da olmamak s\u00f6zleriyle \u00f6zetleyen en b\u00fcy\u00fck oyun yazar\u0131 William Shakespeare\u2019in hayat\u0131 hakk\u0131nda pek az \u015fey biliniyor. \ufffcTan\u0131t\u0131m Metni<\/p>\n","protected":false},"featured_media":0,"template":"","meta":{"_monsterinsights_skip_tracking":false,"_monsterinsights_sitenote_active":false,"_monsterinsights_sitenote_note":"","_monsterinsights_sitenote_category":0},"product_brand":[],"product_cat":[12291,12866],"product_tag":[],"class_list":{"0":"post-691667","1":"product","2":"type-product","3":"status-publish","5":"product_cat-edebiyat","6":"product_cat-ingiliz-edebiyati","7":"pa_tur-kitap","8":"pa_yayinevi-oda-yayinlari","9":"pa_yazar-william-shakespeare","11":"first","12":"instock","13":"sale","14":"shipping-taxable","15":"purchasable","16":"product-type-simple"},"_links":{"self":[{"href":"https:\/\/roveyayinevi.com.tr\/index.php\/wp-json\/wp\/v2\/product\/691667","targetHints":{"allow":["GET"]}}],"collection":[{"href":"https:\/\/roveyayinevi.com.tr\/index.php\/wp-json\/wp\/v2\/product"}],"about":[{"href":"https:\/\/roveyayinevi.com.tr\/index.php\/wp-json\/wp\/v2\/types\/product"}],"wp:attachment":[{"href":"https:\/\/roveyayinevi.com.tr\/index.php\/wp-json\/wp\/v2\/media?parent=691667"}],"wp:term":[{"taxonomy":"product_brand","embeddable":true,"href":"https:\/\/roveyayinevi.com.tr\/index.php\/wp-json\/wp\/v2\/product_brand?post=691667"},{"taxonomy":"product_cat","embeddable":true,"href":"https:\/\/roveyayinevi.com.tr\/index.php\/wp-json\/wp\/v2\/product_cat?post=691667"},{"taxonomy":"product_tag","embeddable":true,"href":"https:\/\/roveyayinevi.com.tr\/index.php\/wp-json\/wp\/v2\/product_tag?post=691667"}],"curies":[{"name":"wp","href":"https:\/\/api.w.org\/{rel}","templated":true}]}}