{"id":691664,"date":"2025-08-27T14:00:19","date_gmt":"2025-08-27T11:00:19","guid":{"rendered":"https:\/\/roveyayinevi.com.tr\/index.php\/urun\/hukumdar-2\/"},"modified":"2026-04-16T02:00:57","modified_gmt":"2026-04-15T23:00:57","slug":"hukumdar-2","status":"publish","type":"product","link":"https:\/\/roveyayinevi.com.tr\/index.php\/urun\/hukumdar-2\/","title":{"rendered":"H\u00fck\u00fcmdar"},"content":{"rendered":"<p>G\u00fcc\u00fcn iktidar, iktidar\u0131n   g\u00fc\u00e7   demek oldu\u011funu, as\u0131l meselenin; bu g\u00fcc\u00fcn en az masrafla; kimlerle ve nas\u0131l b\u00f6l\u00fc\u015f\u00fclmesi gerekti\u011fi \u00fczerinde duran   insan   Makyavel, yaz\u0131ld\u0131\u011f\u0131 g\u00fcnden ba\u015flayarak, iktidar-g\u00fc\u00e7-anla\u015f\u0131klar sorununun, R\u00f6nesans \u00f6ncesi \u0130talyas\u0131\u2019nda nas\u0131l \u00e7\u00f6z\u00fcme ba\u011fland\u0131\u011f\u0131n\u0131 a\u00e7\u0131kl\u0131yor. <\/p>\n","protected":false},"excerpt":{"rendered":"<p>G\u00fcc\u00fcn iktidar, iktidar\u0131n g\u00fc\u00e7 demek oldu\u011funu, as\u0131l meselenin; bu g\u00fcc\u00fcn en az masrafla; kimlerle ve nas\u0131l b\u00f6l\u00fc\u015f\u00fclmesi gerekti\u011fi \u00fczerinde duran insan Makyavel, yaz\u0131ld\u0131\u011f\u0131 g\u00fcnden ba\u015flayarak, iktidar-g\u00fc\u00e7-anla\u015f\u0131klar<span class=\"excerpt-hellip\"> [\u2026]<\/span><\/p>\n","protected":false},"featured_media":0,"template":"","meta":{"_monsterinsights_skip_tracking":false,"_monsterinsights_sitenote_active":false,"_monsterinsights_sitenote_note":"","_monsterinsights_sitenote_category":0},"product_brand":[],"product_cat":[12965,12337],"product_tag":[],"class_list":{"0":"post-691664","1":"product","2":"type-product","3":"status-publish","5":"product_cat-genel-politika","6":"product_cat-politika-siyaset","7":"pa_tur-kitap","8":"pa_yayinevi-oda-yayinlari","9":"pa_yazar-niccolo-machiavelli","11":"first","12":"instock","13":"sale","14":"shipping-taxable","15":"purchasable","16":"product-type-simple"},"_links":{"self":[{"href":"https:\/\/roveyayinevi.com.tr\/index.php\/wp-json\/wp\/v2\/product\/691664","targetHints":{"allow":["GET"]}}],"collection":[{"href":"https:\/\/roveyayinevi.com.tr\/index.php\/wp-json\/wp\/v2\/product"}],"about":[{"href":"https:\/\/roveyayinevi.com.tr\/index.php\/wp-json\/wp\/v2\/types\/product"}],"wp:attachment":[{"href":"https:\/\/roveyayinevi.com.tr\/index.php\/wp-json\/wp\/v2\/media?parent=691664"}],"wp:term":[{"taxonomy":"product_brand","embeddable":true,"href":"https:\/\/roveyayinevi.com.tr\/index.php\/wp-json\/wp\/v2\/product_brand?post=691664"},{"taxonomy":"product_cat","embeddable":true,"href":"https:\/\/roveyayinevi.com.tr\/index.php\/wp-json\/wp\/v2\/product_cat?post=691664"},{"taxonomy":"product_tag","embeddable":true,"href":"https:\/\/roveyayinevi.com.tr\/index.php\/wp-json\/wp\/v2\/product_tag?post=691664"}],"curies":[{"name":"wp","href":"https:\/\/api.w.org\/{rel}","templated":true}]}}