{"id":691663,"date":"2025-08-27T14:00:19","date_gmt":"2025-08-27T11:00:19","guid":{"rendered":"https:\/\/roveyayinevi.com.tr\/index.php\/urun\/halk-avcisi\/"},"modified":"2026-04-16T02:00:57","modified_gmt":"2026-04-15T23:00:57","slug":"halk-avcisi","status":"publish","type":"product","link":"https:\/\/roveyayinevi.com.tr\/index.php\/urun\/halk-avcisi\/","title":{"rendered":"Halk Avc\u0131s\u0131"},"content":{"rendered":"<p>Halk avc\u0131lar\u0131 halktan ne denli uzaksalar o denli yak\u0131n ve \u015firin g\u00f6r\u00fcnmeye \u00e7al\u0131\u015f\u0131rlar. S\u00f6m\u00fcr\u00fc d\u00fczenini s\u00fcrd\u00fcrmek ve halk\u0131n al\u0131nterini ya\u011fmalamak i\u00e7in tumturakl\u0131 laflarla duygular\u0131 ok\u015farlar, nabza g\u00f6re \u015ferbet vererek halk\u0131 uyutmaya \u00e7al\u0131\u015f\u0131rlar. Ama g\u00fcn\u00fcn birinde tak der halk\u0131n can\u0131na&#8230; Umutlar \u00e7o\u011fal\u0131r, \u00f6fkeler artar, elele verir t\u00fcm ezilenler&#8230; Ve i\u015fte o zaman maskeler ala\u015fa\u011f\u0131 edilir, kuzu postuna b\u00fcr\u00fcnm\u00fc\u015f halk avc\u0131lar\u0131n\u0131n \u00e7irkin y\u00fczleri t\u00fcm i\u011fren\u00e7li\u011fiyle g\u00f6zler \u00f6n\u00fcne serilir. \ufffcTan\u0131t\u0131m Metni<\/p>\n","protected":false},"excerpt":{"rendered":"<p>Halk avc\u0131lar\u0131 halktan ne denli uzaksalar o denli yak\u0131n ve \u015firin g\u00f6r\u00fcnmeye \u00e7al\u0131\u015f\u0131rlar. S\u00f6m\u00fcr\u00fc d\u00fczenini s\u00fcrd\u00fcrmek ve halk\u0131n al\u0131nterini ya\u011fmalamak i\u00e7in tumturakl\u0131 laflarla duygular\u0131 ok\u015farlar, nabza<span class=\"excerpt-hellip\"> [\u2026]<\/span><\/p>\n","protected":false},"featured_media":0,"template":"","meta":{"_monsterinsights_skip_tracking":false,"_monsterinsights_sitenote_active":false,"_monsterinsights_sitenote_note":"","_monsterinsights_sitenote_category":0},"product_brand":[],"product_cat":[12891,12291],"product_tag":[],"class_list":{"0":"post-691663","1":"product","2":"type-product","3":"status-publish","5":"product_cat-amerikan-edebiyati","6":"product_cat-edebiyat","7":"pa_tur-kitap","8":"pa_yayinevi-oda-yayinlari","9":"pa_yazar-jack-london","11":"first","12":"instock","13":"sale","14":"shipping-taxable","15":"purchasable","16":"product-type-simple"},"_links":{"self":[{"href":"https:\/\/roveyayinevi.com.tr\/index.php\/wp-json\/wp\/v2\/product\/691663","targetHints":{"allow":["GET"]}}],"collection":[{"href":"https:\/\/roveyayinevi.com.tr\/index.php\/wp-json\/wp\/v2\/product"}],"about":[{"href":"https:\/\/roveyayinevi.com.tr\/index.php\/wp-json\/wp\/v2\/types\/product"}],"wp:attachment":[{"href":"https:\/\/roveyayinevi.com.tr\/index.php\/wp-json\/wp\/v2\/media?parent=691663"}],"wp:term":[{"taxonomy":"product_brand","embeddable":true,"href":"https:\/\/roveyayinevi.com.tr\/index.php\/wp-json\/wp\/v2\/product_brand?post=691663"},{"taxonomy":"product_cat","embeddable":true,"href":"https:\/\/roveyayinevi.com.tr\/index.php\/wp-json\/wp\/v2\/product_cat?post=691663"},{"taxonomy":"product_tag","embeddable":true,"href":"https:\/\/roveyayinevi.com.tr\/index.php\/wp-json\/wp\/v2\/product_tag?post=691663"}],"curies":[{"name":"wp","href":"https:\/\/api.w.org\/{rel}","templated":true}]}}