{"id":691660,"date":"2025-08-27T14:00:19","date_gmt":"2025-08-27T11:00:19","guid":{"rendered":"https:\/\/roveyayinevi.com.tr\/index.php\/urun\/julius-caesar-2\/"},"modified":"2026-04-16T02:00:57","modified_gmt":"2026-04-15T23:00:57","slug":"julius-caesar-2","status":"publish","type":"product","link":"https:\/\/roveyayinevi.com.tr\/index.php\/urun\/julius-caesar-2\/","title":{"rendered":"Julius Caesar"},"content":{"rendered":"<p>Julius Caesar; Shakespeare\u2019in, konusunu eski Yunan ve Roma tarihinden ald\u0131\u011f\u0131 en \u00fcnl\u00fc oyunu; Ceasar ise suikasta kurban gidi\u015finin ard\u0131ndan Roma ilahlar\u0131ndan biri olarak ilan edilmi\u015f bir komutan, devlet adam\u0131 ve lider&#8230; Ak\u0131llarda &#8220;Sen de mi Brutus?&#8221; s\u00f6zleriyle yer eden oyunda; Ceasar\u2019\u0131n suikast\u00e7\u0131lar\u0131ndan biri olan Brutus\u2019un Roma\u2019n\u0131n bir imparatorlu\u011fa d\u00f6n\u00fc\u015fmesine kar\u015f\u0131 \u00e7\u0131kmas\u0131 bir cinayetle son bulur. Bir cumhuriyet \u00fclkesinde ya\u015famay\u0131 isteme d\u00fc\u015f\u00fcncesi ise, kendisinin trajik intihar\u0131yla noktalan\u0131r. Shakespeare yine b\u00fcy\u00fck, \u015fairane, \u00f6l\u00fcms\u00fcz&#8230;<\/p>\n","protected":false},"excerpt":{"rendered":"<p>Julius Caesar; Shakespeare\u2019in, konusunu eski Yunan ve Roma tarihinden ald\u0131\u011f\u0131 en \u00fcnl\u00fc oyunu; Ceasar ise suikasta kurban gidi\u015finin ard\u0131ndan Roma ilahlar\u0131ndan biri olarak ilan edilmi\u015f bir<span class=\"excerpt-hellip\"> [\u2026]<\/span><\/p>\n","protected":false},"featured_media":0,"template":"","meta":{"_monsterinsights_skip_tracking":false,"_monsterinsights_sitenote_active":false,"_monsterinsights_sitenote_note":"","_monsterinsights_sitenote_category":0},"product_brand":[],"product_cat":[12291,12866],"product_tag":[],"class_list":{"0":"post-691660","1":"product","2":"type-product","3":"status-publish","5":"product_cat-edebiyat","6":"product_cat-ingiliz-edebiyati","7":"pa_cilt-ciltsiz","8":"pa_tur-kitap","9":"pa_yayinevi-oda-yayinlari","10":"pa_yazar-william-shakespeare","12":"first","13":"instock","14":"sale","15":"shipping-taxable","16":"purchasable","17":"product-type-simple"},"_links":{"self":[{"href":"https:\/\/roveyayinevi.com.tr\/index.php\/wp-json\/wp\/v2\/product\/691660","targetHints":{"allow":["GET"]}}],"collection":[{"href":"https:\/\/roveyayinevi.com.tr\/index.php\/wp-json\/wp\/v2\/product"}],"about":[{"href":"https:\/\/roveyayinevi.com.tr\/index.php\/wp-json\/wp\/v2\/types\/product"}],"wp:attachment":[{"href":"https:\/\/roveyayinevi.com.tr\/index.php\/wp-json\/wp\/v2\/media?parent=691660"}],"wp:term":[{"taxonomy":"product_brand","embeddable":true,"href":"https:\/\/roveyayinevi.com.tr\/index.php\/wp-json\/wp\/v2\/product_brand?post=691660"},{"taxonomy":"product_cat","embeddable":true,"href":"https:\/\/roveyayinevi.com.tr\/index.php\/wp-json\/wp\/v2\/product_cat?post=691660"},{"taxonomy":"product_tag","embeddable":true,"href":"https:\/\/roveyayinevi.com.tr\/index.php\/wp-json\/wp\/v2\/product_tag?post=691660"}],"curies":[{"name":"wp","href":"https:\/\/api.w.org\/{rel}","templated":true}]}}