{"id":691656,"date":"2025-08-27T14:00:18","date_gmt":"2025-08-27T11:00:18","guid":{"rendered":"https:\/\/roveyayinevi.com.tr\/index.php\/urun\/biricik-ibadetim-namaz\/"},"modified":"2026-04-16T02:00:57","modified_gmt":"2026-04-15T23:00:57","slug":"biricik-ibadetim-namaz","status":"publish","type":"product","link":"https:\/\/roveyayinevi.com.tr\/index.php\/urun\/biricik-ibadetim-namaz\/","title":{"rendered":"Biricik \u0130badetim Namaz"},"content":{"rendered":"<p>Rabbimiz her g\u00fcn be\u015f defa bizi huzuruna \u00e7a\u011f\u0131r\u0131yor. Nas\u0131l m\u0131? Namazla tabi ki&#8230; O \u00e7a\u011f\u0131r\u0131r da, gitmemek olur mu? Rabbimiz her \u015feyin yarat\u0131c\u0131s\u0131, k\u00e2inat\u0131n sahibi&#8230; Namaz k\u0131ld\u0131\u011f\u0131m\u0131zda O\u2019nunla bulu\u015fmu\u015f oluruz. O\u2019nunla konu\u015fmu\u015f oluruz. Bize verdi\u011fi her \u015fey i\u00e7in O\u2019na te\u015fekk\u00fcr etmi\u015f oluruz. Namaz \u00e7ok tatl\u0131 bir ibadet. Tad\u0131n\u0131 almaya ba\u015flay\u0131nca hi\u00e7 b\u0131rakamayacaks\u0131n. Camiler en sevdi\u011fin yerler olacak. Seccadenle arkada\u015f olacaks\u0131n. Kalbin huzur ve sevin\u00e7le dolacak. Bu kitapta  biricik ibadetimiz namaz la ilgili pek \u00e7ok \u015fey \u00f6\u011freneceksin. Hadi \u00e7evir sayfalar\u0131, gir bu g\u00fczel d\u00fcnyaya! <\/p>\n","protected":false},"excerpt":{"rendered":"<p>Rabbimiz her g\u00fcn be\u015f defa bizi huzuruna \u00e7a\u011f\u0131r\u0131yor. Nas\u0131l m\u0131? Namazla tabi ki&#8230; O \u00e7a\u011f\u0131r\u0131r da, gitmemek olur mu? Rabbimiz her \u015feyin yarat\u0131c\u0131s\u0131, k\u00e2inat\u0131n sahibi&#8230; Namaz<span class=\"excerpt-hellip\"> [\u2026]<\/span><\/p>\n","protected":false},"featured_media":0,"template":"","meta":{"_monsterinsights_skip_tracking":false,"_monsterinsights_sitenote_active":false,"_monsterinsights_sitenote_note":"","_monsterinsights_sitenote_category":0},"product_brand":[],"product_cat":[12274,18802],"product_tag":[],"class_list":{"0":"post-691656","1":"product","2":"type-product","3":"status-publish","5":"product_cat-cocuk-ve-genclik-kitaplari","6":"product_cat-din-egitimi","7":"pa_cilt-ciltsiz","8":"pa_tur-kitap","9":"pa_yayinevi-nesil-cocuk-yayinlari","10":"pa_yazar-necla-gunay","12":"first","13":"instock","14":"sale","15":"shipping-taxable","16":"purchasable","17":"product-type-simple"},"_links":{"self":[{"href":"https:\/\/roveyayinevi.com.tr\/index.php\/wp-json\/wp\/v2\/product\/691656","targetHints":{"allow":["GET"]}}],"collection":[{"href":"https:\/\/roveyayinevi.com.tr\/index.php\/wp-json\/wp\/v2\/product"}],"about":[{"href":"https:\/\/roveyayinevi.com.tr\/index.php\/wp-json\/wp\/v2\/types\/product"}],"wp:attachment":[{"href":"https:\/\/roveyayinevi.com.tr\/index.php\/wp-json\/wp\/v2\/media?parent=691656"}],"wp:term":[{"taxonomy":"product_brand","embeddable":true,"href":"https:\/\/roveyayinevi.com.tr\/index.php\/wp-json\/wp\/v2\/product_brand?post=691656"},{"taxonomy":"product_cat","embeddable":true,"href":"https:\/\/roveyayinevi.com.tr\/index.php\/wp-json\/wp\/v2\/product_cat?post=691656"},{"taxonomy":"product_tag","embeddable":true,"href":"https:\/\/roveyayinevi.com.tr\/index.php\/wp-json\/wp\/v2\/product_tag?post=691656"}],"curies":[{"name":"wp","href":"https:\/\/api.w.org\/{rel}","templated":true}]}}