{"id":691654,"date":"2025-08-27T14:00:17","date_gmt":"2025-08-27T11:00:17","guid":{"rendered":"https:\/\/roveyayinevi.com.tr\/index.php\/urun\/secdede-son-nefes\/"},"modified":"2026-04-16T02:00:57","modified_gmt":"2026-04-15T23:00:57","slug":"secdede-son-nefes","status":"publish","type":"product","link":"https:\/\/roveyayinevi.com.tr\/index.php\/urun\/secdede-son-nefes\/","title":{"rendered":"Secdede Son Nefes"},"content":{"rendered":"<p>Dayanabilen y\u00fcreklere&#8230;. Her g\u00fcn okuyucular\u0131mdan onlarca mektup ve mesaj al\u0131yorum. Bu da onlardan birisiydi. Ama \u00f6ylesine ibretli, \u00f6ylesine yak\u0131c\u0131yd\u0131 ki, ilk okuyu\u015fta, kelimenin tam anlam\u0131yla \u015fa\u015f\u0131r\u0131p, kalm\u0131\u015ft\u0131m. Hi\u00e7 d\u00fc\u015f\u00fcnmeden bu mutlaka kitap olmal\u0131 diye ge\u00e7irdim i\u00e7inden&#8230; Yaz\u0131y\u0131 g\u00f6nderen okuyucumla g\u00f6r\u00fc\u015f\u00fcp, hayat hik\u00e2yesini dinleyince de; \u015fa\u015fk\u0131nl\u0131\u011f\u0131m b\u00fcsb\u00fct\u00fcn artm\u0131\u015ft\u0131. Allah\u2019\u0131m ! Olamaz b\u00f6yle bir \u015fey diye inledim, hayretler i\u00e7inde kalarak&#8230;. \u0130\u015fte insan\u0131n kan\u0131n\u0131 donduran, akl\u0131n\u0131 u\u00e7uran ve herkese m\u00fcthi\u015f bir hayat dersi sunan bu ya\u015fananlar, kitap haline geldi. Gen\u00e7lerden ya\u015fl\u0131lara, evlilerden bek\u00e2rlara, patronlardan i\u015f\u00e7ilere her kesim, bu kitab\u0131 mutlaka okumal\u0131d\u0131r. \u00c7\u00fcnk\u00fc hepsine de yetecek hayat\u0131n ger\u00e7ekleri ve ibretli \u00f6rnekleri vard\u0131r. Dayanabilen y\u00fcrekler, buyurun&#8230; \ufffcTan\u0131t\u0131m Metni<\/p>\n","protected":false},"excerpt":{"rendered":"<p>Dayanabilen y\u00fcreklere&#8230;. Her g\u00fcn okuyucular\u0131mdan onlarca mektup ve mesaj al\u0131yorum. Bu da onlardan birisiydi. Ama \u00f6ylesine ibretli, \u00f6ylesine yak\u0131c\u0131yd\u0131 ki, ilk okuyu\u015fta, kelimenin tam anlam\u0131yla \u015fa\u015f\u0131r\u0131p,<span class=\"excerpt-hellip\"> [\u2026]<\/span><\/p>\n","protected":false},"featured_media":0,"template":"","meta":{"_monsterinsights_skip_tracking":false,"_monsterinsights_sitenote_active":false,"_monsterinsights_sitenote_note":"","_monsterinsights_sitenote_category":0},"product_brand":[],"product_cat":[12718,18102,12719],"product_tag":[],"class_list":{"0":"post-691654","1":"product","2":"type-product","3":"status-publish","5":"product_cat-din","6":"product_cat-edebiyat-roman","7":"product_cat-islam","8":"pa_tur-kitap","9":"pa_yayinevi-nesil-yayinlari","10":"pa_yazar-halit-ertugrul","12":"first","13":"instock","14":"sale","15":"shipping-taxable","16":"purchasable","17":"product-type-simple"},"_links":{"self":[{"href":"https:\/\/roveyayinevi.com.tr\/index.php\/wp-json\/wp\/v2\/product\/691654","targetHints":{"allow":["GET"]}}],"collection":[{"href":"https:\/\/roveyayinevi.com.tr\/index.php\/wp-json\/wp\/v2\/product"}],"about":[{"href":"https:\/\/roveyayinevi.com.tr\/index.php\/wp-json\/wp\/v2\/types\/product"}],"wp:attachment":[{"href":"https:\/\/roveyayinevi.com.tr\/index.php\/wp-json\/wp\/v2\/media?parent=691654"}],"wp:term":[{"taxonomy":"product_brand","embeddable":true,"href":"https:\/\/roveyayinevi.com.tr\/index.php\/wp-json\/wp\/v2\/product_brand?post=691654"},{"taxonomy":"product_cat","embeddable":true,"href":"https:\/\/roveyayinevi.com.tr\/index.php\/wp-json\/wp\/v2\/product_cat?post=691654"},{"taxonomy":"product_tag","embeddable":true,"href":"https:\/\/roveyayinevi.com.tr\/index.php\/wp-json\/wp\/v2\/product_tag?post=691654"}],"curies":[{"name":"wp","href":"https:\/\/api.w.org\/{rel}","templated":true}]}}