{"id":691651,"date":"2025-08-27T14:00:17","date_gmt":"2025-08-27T11:00:17","guid":{"rendered":"https:\/\/roveyayinevi.com.tr\/index.php\/urun\/faust-3\/"},"modified":"2026-04-16T02:00:57","modified_gmt":"2026-04-15T23:00:57","slug":"faust-3","status":"publish","type":"product","link":"https:\/\/roveyayinevi.com.tr\/index.php\/urun\/faust-3\/","title":{"rendered":"Faust"},"content":{"rendered":"<p>&#8220;Sanatta hi\u00e7bir zaman kusursuz yoktur, en iyi say\u0131labilecek bir yap\u0131t ancak \u2018olduk\u00e7a iyidir\u2019.&#8221; s\u00f6zleriyle sanat anlay\u0131\u015f\u0131n\u0131 belirten Goethe, sadece Almanya\u2019n\u0131n de\u011fil, b\u00fct\u00fcn Avrupa\u2019n\u0131n en \u00f6nemli dehalar\u0131ndan biridir. Ya\u015fam\u0131 boyunca \u015fiirden romana, felsefeden bilime kadar farkl\u0131 alanlarda say\u0131s\u0131 y\u00fczlerle ifade edilen yap\u0131ta imza atm\u0131\u015ft\u0131r. Faust, Goethe\u2019nin yazarl\u0131k ya\u015fam\u0131n\u0131n elli y\u0131ll\u0131k eme\u011fini alarak, hakl\u0131 bir \u00fcne kavu\u015fmu\u015f en \u00f6nemli yap\u0131t\u0131d\u0131r. Ruhsal \u00f6zg\u00fcrl\u00fc\u011fe ula\u015fman\u0131n maddi arzulardan s\u0131yr\u0131lmak ve bencil olmamakla m\u00fcmk\u00fcn olabilece\u011fi fikrini i\u015fledi\u011fi bu yap\u0131t, yazar\u0131n sanat\u0131n\u0131n da doruk noktas\u0131d\u0131r. \u0130nsan\u0131n \u015feytanla vard\u0131\u011f\u0131 bir anla\u015fma ve bunun sonu\u00e7lar\u0131 \u00fczerine kurulu bu yap\u0131t\u0131yla Goethe\u2019ye yeniden hayranl\u0131k duyacak ve bu yap\u0131t\u0131n\u0131n yazar\u0131n elli y\u0131ll\u0131k eme\u011fine de\u011fdi\u011fini g\u00f6receksiniz.<\/p>\n","protected":false},"excerpt":{"rendered":"<p>&#8220;Sanatta hi\u00e7bir zaman kusursuz yoktur, en iyi say\u0131labilecek bir yap\u0131t ancak \u2018olduk\u00e7a iyidir\u2019.&#8221; s\u00f6zleriyle sanat anlay\u0131\u015f\u0131n\u0131 belirten Goethe, sadece Almanya\u2019n\u0131n de\u011fil, b\u00fct\u00fcn Avrupa\u2019n\u0131n en \u00f6nemli dehalar\u0131ndan<span class=\"excerpt-hellip\"> [\u2026]<\/span><\/p>\n","protected":false},"featured_media":0,"template":"","meta":{"_monsterinsights_skip_tracking":false,"_monsterinsights_sitenote_active":false,"_monsterinsights_sitenote_note":"","_monsterinsights_sitenote_category":0},"product_brand":[],"product_cat":[12782,12291],"product_tag":[],"class_list":{"0":"post-691651","1":"product","2":"type-product","3":"status-publish","5":"product_cat-alman-edebiyati","6":"product_cat-edebiyat","7":"pa_cilt-ciltsiz","8":"pa_tur-kitap","9":"pa_yayinevi-oda-yayinlari","10":"pa_yazar-johann-wolfgang-von-goethe","12":"first","13":"instock","14":"sale","15":"shipping-taxable","16":"purchasable","17":"product-type-simple"},"_links":{"self":[{"href":"https:\/\/roveyayinevi.com.tr\/index.php\/wp-json\/wp\/v2\/product\/691651","targetHints":{"allow":["GET"]}}],"collection":[{"href":"https:\/\/roveyayinevi.com.tr\/index.php\/wp-json\/wp\/v2\/product"}],"about":[{"href":"https:\/\/roveyayinevi.com.tr\/index.php\/wp-json\/wp\/v2\/types\/product"}],"wp:attachment":[{"href":"https:\/\/roveyayinevi.com.tr\/index.php\/wp-json\/wp\/v2\/media?parent=691651"}],"wp:term":[{"taxonomy":"product_brand","embeddable":true,"href":"https:\/\/roveyayinevi.com.tr\/index.php\/wp-json\/wp\/v2\/product_brand?post=691651"},{"taxonomy":"product_cat","embeddable":true,"href":"https:\/\/roveyayinevi.com.tr\/index.php\/wp-json\/wp\/v2\/product_cat?post=691651"},{"taxonomy":"product_tag","embeddable":true,"href":"https:\/\/roveyayinevi.com.tr\/index.php\/wp-json\/wp\/v2\/product_tag?post=691651"}],"curies":[{"name":"wp","href":"https:\/\/api.w.org\/{rel}","templated":true}]}}