{"id":691650,"date":"2025-08-27T14:00:17","date_gmt":"2025-08-27T11:00:17","guid":{"rendered":"https:\/\/roveyayinevi.com.tr\/index.php\/urun\/ev-sahibesi-3\/"},"modified":"2026-04-16T02:00:57","modified_gmt":"2026-04-15T23:00:57","slug":"ev-sahibesi-3","status":"publish","type":"product","link":"https:\/\/roveyayinevi.com.tr\/index.php\/urun\/ev-sahibesi-3\/","title":{"rendered":"Ev Sahibesi"},"content":{"rendered":"<p>Dostoyevski, Ordinov\u2019un Katerina\u2019ya tutkusunu konu etti\u011fi Ev Sahibesi adl\u0131 bu uzun \u00f6yk\u00fcs\u00fcnde, yine insan ki\u015filiklerinin \u00f6zlerine iniyor. Dostoyevski\u2019nin bu derinlemesine aray\u0131\u015f\u0131 klasikle\u015fen bir uzun \u00f6yk\u00fc yarat\u0131yor Ev Sahibesi ile. A\u015fk aray\u0131\u015f\u0131 ile d\u00fc\u015fsellik aras\u0131ndaki ili\u015fkinin irdelendi\u011fi bu uzun \u00f6yk\u00fcde \u2018insan\u2019\u0131 buluyoruz kar\u015f\u0131m\u0131zda. \ufffcTan\u0131t\u0131m Metni<\/p>\n","protected":false},"excerpt":{"rendered":"<p>Dostoyevski, Ordinov\u2019un Katerina\u2019ya tutkusunu konu etti\u011fi Ev Sahibesi adl\u0131 bu uzun \u00f6yk\u00fcs\u00fcnde, yine insan ki\u015filiklerinin \u00f6zlerine iniyor. Dostoyevski\u2019nin bu derinlemesine aray\u0131\u015f\u0131 klasikle\u015fen bir uzun \u00f6yk\u00fc yarat\u0131yor<span class=\"excerpt-hellip\"> [\u2026]<\/span><\/p>\n","protected":false},"featured_media":0,"template":"","meta":{"_monsterinsights_skip_tracking":false,"_monsterinsights_sitenote_active":false,"_monsterinsights_sitenote_note":"","_monsterinsights_sitenote_category":0},"product_brand":[],"product_cat":[12291,13570],"product_tag":[],"class_list":{"0":"post-691650","1":"product","2":"type-product","3":"status-publish","5":"product_cat-edebiyat","6":"product_cat-rus-edebiyati","7":"pa_tur-kitap","8":"pa_yayinevi-oda-yayinlari","9":"pa_yazar-fyodor-mihaylovic-dostoyevski","11":"first","12":"instock","13":"sale","14":"shipping-taxable","15":"purchasable","16":"product-type-simple"},"_links":{"self":[{"href":"https:\/\/roveyayinevi.com.tr\/index.php\/wp-json\/wp\/v2\/product\/691650","targetHints":{"allow":["GET"]}}],"collection":[{"href":"https:\/\/roveyayinevi.com.tr\/index.php\/wp-json\/wp\/v2\/product"}],"about":[{"href":"https:\/\/roveyayinevi.com.tr\/index.php\/wp-json\/wp\/v2\/types\/product"}],"wp:attachment":[{"href":"https:\/\/roveyayinevi.com.tr\/index.php\/wp-json\/wp\/v2\/media?parent=691650"}],"wp:term":[{"taxonomy":"product_brand","embeddable":true,"href":"https:\/\/roveyayinevi.com.tr\/index.php\/wp-json\/wp\/v2\/product_brand?post=691650"},{"taxonomy":"product_cat","embeddable":true,"href":"https:\/\/roveyayinevi.com.tr\/index.php\/wp-json\/wp\/v2\/product_cat?post=691650"},{"taxonomy":"product_tag","embeddable":true,"href":"https:\/\/roveyayinevi.com.tr\/index.php\/wp-json\/wp\/v2\/product_tag?post=691650"}],"curies":[{"name":"wp","href":"https:\/\/api.w.org\/{rel}","templated":true}]}}