{"id":691649,"date":"2025-08-27T14:00:16","date_gmt":"2025-08-27T11:00:16","guid":{"rendered":"https:\/\/roveyayinevi.com.tr\/index.php\/urun\/ragmen\/"},"modified":"2026-04-16T02:00:57","modified_gmt":"2026-04-15T23:00:57","slug":"ragmen","status":"publish","type":"product","link":"https:\/\/roveyayinevi.com.tr\/index.php\/urun\/ragmen\/","title":{"rendered":"Ra\u011fmen"},"content":{"rendered":"<p>Kullukta teslimiyeti, dostlukta vefas\u0131 olmayanlar\u0131n sadakati, zorluk gelinceye kadard\u0131r. Oysa kulluk, her \u015feye  ra\u011fmen  olmal\u0131d\u0131r. Ger\u00e7ek sevgiye ula\u015fanlar\u0131n, ya\u015fad\u0131klar\u0131 tecellilerden  Yand\u0131m Allah, dondum Allah!  diye \u015fik\u00e2yetleri olmaz. Bizler ilah\u00ee a\u015fk\u0131n keremine mazhar olabilirsek \u0130brahim gibi \u0130smail\u2019den, \u0130smail gibi de candan ge\u00e7eriz. E\u011fer Muhammed\u00ee tad\u0131, g\u00f6n\u00fcl dama\u011f\u0131m\u0131zda tatmad\u0131ysak, b\u00fct\u00fcn tatlar\u0131n sadece dil dama\u011f\u0131nda ve nefsan\u00ee arzularda oldu\u011funu zannederiz. \u015eu d\u00fcnyada hangi sevgi var ki ilah\u00ee sevgi ile k\u0131yas edilebilsin? Hangi g\u00fczellik var ki g\u00fczellikleri halk eden Mevla\u2019ya tercih edilebilsin? Kulluk  ra\u011fmen  olursa g\u00fczeldir. Mevla muhatap olmay\u0131nca kulun muhatapl\u0131\u011f\u0131ndan, Mevla dost olmay\u0131nca muhatab\u0131n dostlu\u011fundan, Mevla ma\u015fuk olmay\u0131nca \u00e2\u015f\u0131\u011f\u0131n a\u015fk\u0131ndan hi\u00e7bir \u015fey olmaz. Onun i\u00e7in Rahman severse g\u00fczel olur. Rahman dilerse g\u00fczel olur. Rahman hidayet ederse her \u015fey \u00e7ok g\u00fczel olur. Bu eser, tasavvuf\u00ee sohbet ve muhabbet \u00fcslubu i\u00e7erisinde kullu\u011fu  ra\u011fmen  ya\u015fayabilmenin ve Hak\u2019ta ebed olabilmenin yollar\u0131n\u0131 anlat\u0131yor. <\/p>\n","protected":false},"excerpt":{"rendered":"<p>Kullukta teslimiyeti, dostlukta vefas\u0131 olmayanlar\u0131n sadakati, zorluk gelinceye kadard\u0131r. Oysa kulluk, her \u015feye ra\u011fmen olmal\u0131d\u0131r. Ger\u00e7ek sevgiye ula\u015fanlar\u0131n, ya\u015fad\u0131klar\u0131 tecellilerden Yand\u0131m Allah, dondum Allah! diye \u015fik\u00e2yetleri<span class=\"excerpt-hellip\"> [\u2026]<\/span><\/p>\n","protected":false},"featured_media":0,"template":"","meta":{"_monsterinsights_skip_tracking":false,"_monsterinsights_sitenote_active":false,"_monsterinsights_sitenote_note":"","_monsterinsights_sitenote_category":0},"product_brand":[],"product_cat":[12718,12719,12720],"product_tag":[],"class_list":{"0":"post-691649","1":"product","2":"type-product","3":"status-publish","5":"product_cat-din","6":"product_cat-islam","7":"product_cat-tasavvuf-mezhepler-tarikatlar","8":"pa_tur-kitap","9":"pa_yayinevi-nesil-yayinlari","10":"pa_yazar-ali-bektas","12":"first","13":"instock","14":"sale","15":"shipping-taxable","16":"purchasable","17":"product-type-simple"},"_links":{"self":[{"href":"https:\/\/roveyayinevi.com.tr\/index.php\/wp-json\/wp\/v2\/product\/691649","targetHints":{"allow":["GET"]}}],"collection":[{"href":"https:\/\/roveyayinevi.com.tr\/index.php\/wp-json\/wp\/v2\/product"}],"about":[{"href":"https:\/\/roveyayinevi.com.tr\/index.php\/wp-json\/wp\/v2\/types\/product"}],"wp:attachment":[{"href":"https:\/\/roveyayinevi.com.tr\/index.php\/wp-json\/wp\/v2\/media?parent=691649"}],"wp:term":[{"taxonomy":"product_brand","embeddable":true,"href":"https:\/\/roveyayinevi.com.tr\/index.php\/wp-json\/wp\/v2\/product_brand?post=691649"},{"taxonomy":"product_cat","embeddable":true,"href":"https:\/\/roveyayinevi.com.tr\/index.php\/wp-json\/wp\/v2\/product_cat?post=691649"},{"taxonomy":"product_tag","embeddable":true,"href":"https:\/\/roveyayinevi.com.tr\/index.php\/wp-json\/wp\/v2\/product_tag?post=691649"}],"curies":[{"name":"wp","href":"https:\/\/api.w.org\/{rel}","templated":true}]}}