{"id":691648,"date":"2025-08-27T14:00:16","date_gmt":"2025-08-27T11:00:16","guid":{"rendered":"https:\/\/roveyayinevi.com.tr\/index.php\/urun\/rabbini-arayan-thomas-2\/"},"modified":"2026-04-16T02:00:56","modified_gmt":"2026-04-15T23:00:56","slug":"rabbini-arayan-thomas-2","status":"publish","type":"product","link":"https:\/\/roveyayinevi.com.tr\/index.php\/urun\/rabbini-arayan-thomas-2\/","title":{"rendered":"Rabbini Arayan Thomas 2"},"content":{"rendered":"<p>\u00d6zg\u00fcr D\u00fc\u015f\u00fcn\u00fcrler   ad\u0131ndaki bir ateist grubun lideri olan Dr. Thomas Carmel\u2019le bir kilisede tan\u0131\u015fm\u0131\u015ft\u0131k.Thomas o g\u00fcne kadar tan\u0131d\u0131\u011f\u0131m ateistlerden \u00e7ok farkl\u0131yd\u0131. K\u00f6r\u00fc k\u00f6r\u00fcne inkar fikrine ba\u011flanmam\u0131\u015ft\u0131. Kainat\u0131n nas\u0131l varoldu\u011funu merak eden, sorgulayan, s\u00fcrekli okuyan biriydi. Erken ya\u015fta emekli omu\u015f \u00f6mr\u00fcn\u00fcn geri kalan k\u0131sm\u0131n\u0131 be\u015f sorunun cevab\u0131n\u0131 aramaya adam\u0131\u015ft\u0131. Bu sorular\u0131n birincisi Allah\u2019\u0131n varl\u0131\u011f\u0131, ikincisi ise ahiretin varl\u0131\u011f\u0131yla ilgiliydi. Thomas\u2019a g\u00f6re, ak\u0131ll\u0131 bir insan i\u00e7in bu iki sorudan daha \u00f6nemli hi\u00e7bir \u015fey olamazd\u0131. K\u0131sacas\u0131, Thomas   Ben nereden geldim?   ve   \u00d6ld\u00fckten sonra nereye gidece\u011fim?   sorular\u0131na cevap ar\u0131yordu. A\u00e7\u0131k\u00e7as\u0131 Rabbini ar\u0131yordu. <\/p>\n","protected":false},"excerpt":{"rendered":"<p>\u00d6zg\u00fcr D\u00fc\u015f\u00fcn\u00fcrler ad\u0131ndaki bir ateist grubun lideri olan Dr. Thomas Carmel\u2019le bir kilisede tan\u0131\u015fm\u0131\u015ft\u0131k.Thomas o g\u00fcne kadar tan\u0131d\u0131\u011f\u0131m ateistlerden \u00e7ok farkl\u0131yd\u0131. K\u00f6r\u00fc k\u00f6r\u00fcne inkar fikrine ba\u011flanmam\u0131\u015ft\u0131.<span class=\"excerpt-hellip\"> [\u2026]<\/span><\/p>\n","protected":false},"featured_media":0,"template":"","meta":{"_monsterinsights_skip_tracking":false,"_monsterinsights_sitenote_active":false,"_monsterinsights_sitenote_note":"","_monsterinsights_sitenote_category":0},"product_brand":[],"product_cat":[12718,12719,17284],"product_tag":[],"class_list":{"0":"post-691648","1":"product","2":"type-product","3":"status-publish","5":"product_cat-din","6":"product_cat-islam","7":"product_cat-kuran-ve-kuran-uzerine","8":"pa_tur-kitap","9":"pa_yayinevi-nesil-yayinlari","10":"pa_yazar-furkan-aydiner","12":"first","13":"instock","14":"sale","15":"shipping-taxable","16":"purchasable","17":"product-type-simple"},"_links":{"self":[{"href":"https:\/\/roveyayinevi.com.tr\/index.php\/wp-json\/wp\/v2\/product\/691648","targetHints":{"allow":["GET"]}}],"collection":[{"href":"https:\/\/roveyayinevi.com.tr\/index.php\/wp-json\/wp\/v2\/product"}],"about":[{"href":"https:\/\/roveyayinevi.com.tr\/index.php\/wp-json\/wp\/v2\/types\/product"}],"wp:attachment":[{"href":"https:\/\/roveyayinevi.com.tr\/index.php\/wp-json\/wp\/v2\/media?parent=691648"}],"wp:term":[{"taxonomy":"product_brand","embeddable":true,"href":"https:\/\/roveyayinevi.com.tr\/index.php\/wp-json\/wp\/v2\/product_brand?post=691648"},{"taxonomy":"product_cat","embeddable":true,"href":"https:\/\/roveyayinevi.com.tr\/index.php\/wp-json\/wp\/v2\/product_cat?post=691648"},{"taxonomy":"product_tag","embeddable":true,"href":"https:\/\/roveyayinevi.com.tr\/index.php\/wp-json\/wp\/v2\/product_tag?post=691648"}],"curies":[{"name":"wp","href":"https:\/\/api.w.org\/{rel}","templated":true}]}}