{"id":691647,"date":"2025-08-27T14:00:16","date_gmt":"2025-08-27T11:00:16","guid":{"rendered":"https:\/\/roveyayinevi.com.tr\/index.php\/urun\/ecce-homo\/"},"modified":"2026-04-16T02:00:56","modified_gmt":"2026-04-15T23:00:56","slug":"ecce-homo","status":"publish","type":"product","link":"https:\/\/roveyayinevi.com.tr\/index.php\/urun\/ecce-homo\/","title":{"rendered":"Ecce Homo"},"content":{"rendered":"<p>Ecce Homo , di\u011fer otobiyografilere benzemeyen bir otobiyografidir. Provake edici bir bi\u00e7emi kas\u0131tl\u0131 olarak benimseyen Nietzsche, kendi felsefi duru\u015funu, hayat\u0131, bitmek bilmeyen bir kendi kendini a\u015fma g\u00fcncesi olan bir dahi kahraman yaratarak m\u00fccadelecili\u011fin son s\u0131n\u0131rlar\u0131na kadar zorluyor. \ufffcTan\u0131t\u0131m Metni<\/p>\n","protected":false},"excerpt":{"rendered":"<p>Ecce Homo , di\u011fer otobiyografilere benzemeyen bir otobiyografidir. Provake edici bir bi\u00e7emi kas\u0131tl\u0131 olarak benimseyen Nietzsche, kendi felsefi duru\u015funu, hayat\u0131, bitmek bilmeyen bir kendi kendini a\u015fma<span class=\"excerpt-hellip\"> [\u2026]<\/span><\/p>\n","protected":false},"featured_media":0,"template":"","meta":{"_monsterinsights_skip_tracking":false,"_monsterinsights_sitenote_active":false,"_monsterinsights_sitenote_note":"","_monsterinsights_sitenote_category":0},"product_brand":[],"product_cat":[12389,12388],"product_tag":[],"class_list":{"0":"post-691647","1":"product","2":"type-product","3":"status-publish","5":"product_cat-diger-felsefe","6":"product_cat-felsefe","7":"pa_tur-kitap","8":"pa_yayinevi-oda-yayinlari","9":"pa_yazar-friedrich-wilhelm-nietzsche","11":"first","12":"instock","13":"sale","14":"shipping-taxable","15":"purchasable","16":"product-type-simple"},"_links":{"self":[{"href":"https:\/\/roveyayinevi.com.tr\/index.php\/wp-json\/wp\/v2\/product\/691647","targetHints":{"allow":["GET"]}}],"collection":[{"href":"https:\/\/roveyayinevi.com.tr\/index.php\/wp-json\/wp\/v2\/product"}],"about":[{"href":"https:\/\/roveyayinevi.com.tr\/index.php\/wp-json\/wp\/v2\/types\/product"}],"wp:attachment":[{"href":"https:\/\/roveyayinevi.com.tr\/index.php\/wp-json\/wp\/v2\/media?parent=691647"}],"wp:term":[{"taxonomy":"product_brand","embeddable":true,"href":"https:\/\/roveyayinevi.com.tr\/index.php\/wp-json\/wp\/v2\/product_brand?post=691647"},{"taxonomy":"product_cat","embeddable":true,"href":"https:\/\/roveyayinevi.com.tr\/index.php\/wp-json\/wp\/v2\/product_cat?post=691647"},{"taxonomy":"product_tag","embeddable":true,"href":"https:\/\/roveyayinevi.com.tr\/index.php\/wp-json\/wp\/v2\/product_tag?post=691647"}],"curies":[{"name":"wp","href":"https:\/\/api.w.org\/{rel}","templated":true}]}}