{"id":691646,"date":"2025-08-27T14:00:16","date_gmt":"2025-08-27T11:00:16","guid":{"rendered":"https:\/\/roveyayinevi.com.tr\/index.php\/urun\/koyluler\/"},"modified":"2026-04-16T02:00:56","modified_gmt":"2026-04-15T23:00:56","slug":"koyluler","status":"publish","type":"product","link":"https:\/\/roveyayinevi.com.tr\/index.php\/urun\/koyluler\/","title":{"rendered":"K\u00f6yl\u00fcler"},"content":{"rendered":"<p>\u00c7a\u011f, Restorasyon \u00e7a\u011f\u0131. Frans\u0131z burjuvazisi feodal kal\u0131nt\u0131lar\u0131n topraklar\u0131n\u0131 kapmak i\u00e7in hem aristokrasiye hem k\u00f6yl\u00fclere kar\u015f\u0131 binbir dolap \u00e7eviriyor. Burjuvala\u015fmaya can atan Burgonya k\u00f6yl\u00fcs\u00fc ise k\u0131yas\u0131ya bir toprak kavgas\u0131 veriyor. Ve bu kavgada burjuvazi taraf\u0131ndan k\u0131\u015fk\u0131rt\u0131l\u0131yor, destek g\u00f6r\u00fcyor&#8230; Balzac\u2019\u0131n bir bilimsel inceleme kadar derin, ger\u00e7ek ya\u015fam kadar \u00e7arp\u0131c\u0131 olan bu son roman\u0131 \u00e7a\u011f\u0131na tan\u0131kl\u0131k eden \u00f6nemli bir belge olma \u00f6zelli\u011fini her zaman koruyacakt\u0131r. <\/p>\n","protected":false},"excerpt":{"rendered":"<p>\u00c7a\u011f, Restorasyon \u00e7a\u011f\u0131. Frans\u0131z burjuvazisi feodal kal\u0131nt\u0131lar\u0131n topraklar\u0131n\u0131 kapmak i\u00e7in hem aristokrasiye hem k\u00f6yl\u00fclere kar\u015f\u0131 binbir dolap \u00e7eviriyor. Burjuvala\u015fmaya can atan Burgonya k\u00f6yl\u00fcs\u00fc ise k\u0131yas\u0131ya bir<span class=\"excerpt-hellip\"> [\u2026]<\/span><\/p>\n","protected":false},"featured_media":0,"template":"","meta":{"_monsterinsights_skip_tracking":false,"_monsterinsights_sitenote_active":false,"_monsterinsights_sitenote_note":"","_monsterinsights_sitenote_category":0},"product_brand":[],"product_cat":[12291,13376],"product_tag":[],"class_list":{"0":"post-691646","1":"product","2":"type-product","3":"status-publish","5":"product_cat-edebiyat","6":"product_cat-fransiz-edebiyati","7":"pa_tur-kitap","8":"pa_yayinevi-oda-yayinlari","9":"pa_yazar-honore-de-balzac","11":"first","12":"instock","13":"sale","14":"shipping-taxable","15":"purchasable","16":"product-type-simple"},"_links":{"self":[{"href":"https:\/\/roveyayinevi.com.tr\/index.php\/wp-json\/wp\/v2\/product\/691646","targetHints":{"allow":["GET"]}}],"collection":[{"href":"https:\/\/roveyayinevi.com.tr\/index.php\/wp-json\/wp\/v2\/product"}],"about":[{"href":"https:\/\/roveyayinevi.com.tr\/index.php\/wp-json\/wp\/v2\/types\/product"}],"wp:attachment":[{"href":"https:\/\/roveyayinevi.com.tr\/index.php\/wp-json\/wp\/v2\/media?parent=691646"}],"wp:term":[{"taxonomy":"product_brand","embeddable":true,"href":"https:\/\/roveyayinevi.com.tr\/index.php\/wp-json\/wp\/v2\/product_brand?post=691646"},{"taxonomy":"product_cat","embeddable":true,"href":"https:\/\/roveyayinevi.com.tr\/index.php\/wp-json\/wp\/v2\/product_cat?post=691646"},{"taxonomy":"product_tag","embeddable":true,"href":"https:\/\/roveyayinevi.com.tr\/index.php\/wp-json\/wp\/v2\/product_tag?post=691646"}],"curies":[{"name":"wp","href":"https:\/\/api.w.org\/{rel}","templated":true}]}}