{"id":691645,"date":"2025-08-27T14:00:16","date_gmt":"2025-08-27T11:00:16","guid":{"rendered":"https:\/\/roveyayinevi.com.tr\/index.php\/urun\/kodin\/"},"modified":"2026-04-16T02:00:56","modified_gmt":"2026-04-15T23:00:56","slug":"kodin","status":"publish","type":"product","link":"https:\/\/roveyayinevi.com.tr\/index.php\/urun\/kodin\/","title":{"rendered":"Kodin"},"content":{"rendered":"<p>Panait Istrati (1884-1935), Frans\u0131zca yazan Romanyal\u0131 bir \u00f6yk\u00fcc\u00fc ve romanc\u0131d\u0131r. Balkanlar\u2019dan Ortado\u011fu\u2019ya, M\u0131s\u0131r\u2019da, \u0130talya\u2019da, \u0130svi\u00e7re\u2019de, yirmi y\u0131l dola\u015ft\u0131ktan sonra d\u00f6rt ciltlik \u00f6zya\u015famsal yap\u0131t\u0131n\u0131 yazd\u0131. Akdeniz, Kira Kiralina, Minka Abla, S\u00fcnger Avc\u0131s\u0131, Mihail gibi yap\u0131tlar\u0131 T\u00fcrk\u00e7e\u2019de yay\u0131mlanan Istrati\u2019nin, yal\u0131n bir dille yazd\u0131\u011f\u0131, \u015fiddet ve romantizm y\u00fckl\u00fc yap\u0131tlar\u0131 aras\u0131nda, Angel Day\u0131 ve Baraga\u2019n\u0131n Dikenleri de vard\u0131r. Kodin , Istrati\u2019nin \u00f6zya\u015famsal anlat\u0131lar\u0131n\u0131n en ilgin\u00e7 ve anlaml\u0131 g\u00f6zlemlerinden olu\u015fturdu\u011fu yap\u0131t\u0131d\u0131r. \ufffcTan\u0131t\u0131m Metni<\/p>\n","protected":false},"excerpt":{"rendered":"<p>Panait Istrati (1884-1935), Frans\u0131zca yazan Romanyal\u0131 bir \u00f6yk\u00fcc\u00fc ve romanc\u0131d\u0131r. Balkanlar\u2019dan Ortado\u011fu\u2019ya, M\u0131s\u0131r\u2019da, \u0130talya\u2019da, \u0130svi\u00e7re\u2019de, yirmi y\u0131l dola\u015ft\u0131ktan sonra d\u00f6rt ciltlik \u00f6zya\u015famsal yap\u0131t\u0131n\u0131 yazd\u0131. Akdeniz, Kira<span class=\"excerpt-hellip\"> [\u2026]<\/span><\/p>\n","protected":false},"featured_media":0,"template":"","meta":{"_monsterinsights_skip_tracking":false,"_monsterinsights_sitenote_active":false,"_monsterinsights_sitenote_note":"","_monsterinsights_sitenote_category":0},"product_brand":[],"product_cat":[13661,12291],"product_tag":[],"class_list":{"0":"post-691645","1":"product","2":"type-product","3":"status-publish","5":"product_cat-diger-ulke-edebiyatlari","6":"product_cat-edebiyat","7":"pa_tur-kitap","8":"pa_yayinevi-oda-yayinlari","9":"pa_yazar-panait-istrati","11":"first","12":"instock","13":"sale","14":"shipping-taxable","15":"purchasable","16":"product-type-simple"},"_links":{"self":[{"href":"https:\/\/roveyayinevi.com.tr\/index.php\/wp-json\/wp\/v2\/product\/691645","targetHints":{"allow":["GET"]}}],"collection":[{"href":"https:\/\/roveyayinevi.com.tr\/index.php\/wp-json\/wp\/v2\/product"}],"about":[{"href":"https:\/\/roveyayinevi.com.tr\/index.php\/wp-json\/wp\/v2\/types\/product"}],"wp:attachment":[{"href":"https:\/\/roveyayinevi.com.tr\/index.php\/wp-json\/wp\/v2\/media?parent=691645"}],"wp:term":[{"taxonomy":"product_brand","embeddable":true,"href":"https:\/\/roveyayinevi.com.tr\/index.php\/wp-json\/wp\/v2\/product_brand?post=691645"},{"taxonomy":"product_cat","embeddable":true,"href":"https:\/\/roveyayinevi.com.tr\/index.php\/wp-json\/wp\/v2\/product_cat?post=691645"},{"taxonomy":"product_tag","embeddable":true,"href":"https:\/\/roveyayinevi.com.tr\/index.php\/wp-json\/wp\/v2\/product_tag?post=691645"}],"curies":[{"name":"wp","href":"https:\/\/api.w.org\/{rel}","templated":true}]}}