{"id":691644,"date":"2025-08-27T14:00:15","date_gmt":"2025-08-27T11:00:15","guid":{"rendered":"https:\/\/roveyayinevi.com.tr\/index.php\/urun\/kibarlik-budalasi-2\/"},"modified":"2026-04-16T02:00:56","modified_gmt":"2026-04-15T23:00:56","slug":"kibarlik-budalasi-2","status":"publish","type":"product","link":"https:\/\/roveyayinevi.com.tr\/index.php\/urun\/kibarlik-budalasi-2\/","title":{"rendered":"Kibarl\u0131k Budalas\u0131"},"content":{"rendered":"<p>Komediyi insanlara verdi\u011fi ho\u015f derslerle onlar\u0131n kusurlar\u0131n\u0131 ele alan ustal\u0131kla yaz\u0131lm\u0131\u015f \u015fiirsel bir anlat\u0131 olarak tan\u0131mlayan Moli\u00e9re; Kibarl\u0131k Budalas\u0131 adl\u0131 yap\u0131t\u0131nda, kendini be\u011fenmi\u015flik duygusunu i\u015fliyor. \ufffcTan\u0131t\u0131m Metni<\/p>\n","protected":false},"excerpt":{"rendered":"<p>Komediyi insanlara verdi\u011fi ho\u015f derslerle onlar\u0131n kusurlar\u0131n\u0131 ele alan ustal\u0131kla yaz\u0131lm\u0131\u015f \u015fiirsel bir anlat\u0131 olarak tan\u0131mlayan Moli\u00e9re; Kibarl\u0131k Budalas\u0131 adl\u0131 yap\u0131t\u0131nda, kendini be\u011fenmi\u015flik duygusunu i\u015fliyor. \ufffcTan\u0131t\u0131m<span class=\"excerpt-hellip\"> [\u2026]<\/span><\/p>\n","protected":false},"featured_media":0,"template":"","meta":{"_monsterinsights_skip_tracking":false,"_monsterinsights_sitenote_active":false,"_monsterinsights_sitenote_note":"","_monsterinsights_sitenote_category":0},"product_brand":[],"product_cat":[12291,12332],"product_tag":[],"class_list":{"0":"post-691644","1":"product","2":"type-product","3":"status-publish","5":"product_cat-edebiyat","6":"product_cat-senaryo","7":"pa_tur-kitap","8":"pa_yayinevi-oda-yayinlari","9":"pa_yazar-moliere","11":"first","12":"instock","13":"sale","14":"shipping-taxable","15":"purchasable","16":"product-type-simple"},"_links":{"self":[{"href":"https:\/\/roveyayinevi.com.tr\/index.php\/wp-json\/wp\/v2\/product\/691644","targetHints":{"allow":["GET"]}}],"collection":[{"href":"https:\/\/roveyayinevi.com.tr\/index.php\/wp-json\/wp\/v2\/product"}],"about":[{"href":"https:\/\/roveyayinevi.com.tr\/index.php\/wp-json\/wp\/v2\/types\/product"}],"wp:attachment":[{"href":"https:\/\/roveyayinevi.com.tr\/index.php\/wp-json\/wp\/v2\/media?parent=691644"}],"wp:term":[{"taxonomy":"product_brand","embeddable":true,"href":"https:\/\/roveyayinevi.com.tr\/index.php\/wp-json\/wp\/v2\/product_brand?post=691644"},{"taxonomy":"product_cat","embeddable":true,"href":"https:\/\/roveyayinevi.com.tr\/index.php\/wp-json\/wp\/v2\/product_cat?post=691644"},{"taxonomy":"product_tag","embeddable":true,"href":"https:\/\/roveyayinevi.com.tr\/index.php\/wp-json\/wp\/v2\/product_tag?post=691644"}],"curies":[{"name":"wp","href":"https:\/\/api.w.org\/{rel}","templated":true}]}}