{"id":691640,"date":"2025-08-27T14:00:15","date_gmt":"2025-08-27T11:00:15","guid":{"rendered":"https:\/\/roveyayinevi.com.tr\/index.php\/urun\/goriot-baba-3\/"},"modified":"2026-04-16T02:00:56","modified_gmt":"2026-04-15T23:00:56","slug":"goriot-baba-3","status":"publish","type":"product","link":"https:\/\/roveyayinevi.com.tr\/index.php\/urun\/goriot-baba-3\/","title":{"rendered":"Goriot Baba"},"content":{"rendered":"<p>D\u00fcnya edebiyat\u0131n\u0131n dahi yazar\u0131 Balzac, ya\u015fam\u0131 t\u00fcm y\u00f6nleriyle vermek isteyen dev bir yazard\u0131r. Balzac&#8217;\u0131n &#8220;\u0130nsanl\u0131k Komedisi&#8221; diye adland\u0131rd\u0131\u011f\u0131 romanlar\u0131n\u0131n en g\u00fczellerinden biridir &#8220;Goriot Baba&#8221;. Bir ta\u015fra kentindeki orta halli bir pansiyonda ge\u00e7en olaylar, tam bir &#8220;\u0130nsanl\u0131k Komedisi&#8221;ni anlat\u0131r bize. Okuyunca seveceksiniz bu roman\u0131. <\/p>\n","protected":false},"excerpt":{"rendered":"<p>D\u00fcnya edebiyat\u0131n\u0131n dahi yazar\u0131 Balzac, ya\u015fam\u0131 t\u00fcm y\u00f6nleriyle vermek isteyen dev bir yazard\u0131r. Balzac&#8217;\u0131n &#8220;\u0130nsanl\u0131k Komedisi&#8221; diye adland\u0131rd\u0131\u011f\u0131 romanlar\u0131n\u0131n en g\u00fczellerinden biridir &#8220;Goriot Baba&#8221;. Bir ta\u015fra<span class=\"excerpt-hellip\"> [\u2026]<\/span><\/p>\n","protected":false},"featured_media":0,"template":"","meta":{"_monsterinsights_skip_tracking":false,"_monsterinsights_sitenote_active":false,"_monsterinsights_sitenote_note":"","_monsterinsights_sitenote_category":0},"product_brand":[],"product_cat":[12291,13376],"product_tag":[],"class_list":{"0":"post-691640","1":"product","2":"type-product","3":"status-publish","5":"product_cat-edebiyat","6":"product_cat-fransiz-edebiyati","7":"pa_cilt-ciltsiz","8":"pa_tur-kitap","9":"pa_yayinevi-oda-yayinlari","10":"pa_yazar-honore-de-balzac","12":"first","13":"instock","14":"sale","15":"shipping-taxable","16":"purchasable","17":"product-type-simple"},"_links":{"self":[{"href":"https:\/\/roveyayinevi.com.tr\/index.php\/wp-json\/wp\/v2\/product\/691640","targetHints":{"allow":["GET"]}}],"collection":[{"href":"https:\/\/roveyayinevi.com.tr\/index.php\/wp-json\/wp\/v2\/product"}],"about":[{"href":"https:\/\/roveyayinevi.com.tr\/index.php\/wp-json\/wp\/v2\/types\/product"}],"wp:attachment":[{"href":"https:\/\/roveyayinevi.com.tr\/index.php\/wp-json\/wp\/v2\/media?parent=691640"}],"wp:term":[{"taxonomy":"product_brand","embeddable":true,"href":"https:\/\/roveyayinevi.com.tr\/index.php\/wp-json\/wp\/v2\/product_brand?post=691640"},{"taxonomy":"product_cat","embeddable":true,"href":"https:\/\/roveyayinevi.com.tr\/index.php\/wp-json\/wp\/v2\/product_cat?post=691640"},{"taxonomy":"product_tag","embeddable":true,"href":"https:\/\/roveyayinevi.com.tr\/index.php\/wp-json\/wp\/v2\/product_tag?post=691640"}],"curies":[{"name":"wp","href":"https:\/\/api.w.org\/{rel}","templated":true}]}}