{"id":691637,"date":"2025-08-27T14:00:14","date_gmt":"2025-08-27T11:00:14","guid":{"rendered":"https:\/\/roveyayinevi.com.tr\/index.php\/urun\/emma\/"},"modified":"2026-04-16T02:00:56","modified_gmt":"2026-04-15T23:00:56","slug":"emma","status":"publish","type":"product","link":"https:\/\/roveyayinevi.com.tr\/index.php\/urun\/emma\/","title":{"rendered":"Emma"},"content":{"rendered":"<p>\u0130ngiliz yazar Jane Austen; on dokuzuncu y\u00fczy\u0131l modern roman dilinin kurucusudur. Eserleri, Viktorya d\u00f6neminin g\u00fcndelik hayat\u0131 ve ironisi aras\u0131nda ge\u00e7er; A\u015fk ve Gurur , Emma gibi unutulmaz klasikleri imzalam\u0131\u015f; romanlar\u0131n\u0131n \u00e7o\u011fu sinemaya uyarlanm\u0131\u015ft\u0131r. Romanlar\u0131nda evlili\u011fin sosyalle\u015ftirici yan\u0131n\u0131 \u00f6n planda tutan yazar, hi\u00e7 evlenmemi\u015ftir. 18 Haziran 1817\u2019de g\u00f6\u011f\u00fcs kanserinden \u00f6ld\u00fc\u011f\u00fcnde 42 ya\u015f\u0131ndayd\u0131. Winchester Katedraline g\u00f6m\u00fclm\u00fc\u015ft\u00fcr. \ufffcTan\u0131t\u0131m Metni<\/p>\n","protected":false},"excerpt":{"rendered":"<p>\u0130ngiliz yazar Jane Austen; on dokuzuncu y\u00fczy\u0131l modern roman dilinin kurucusudur. Eserleri, Viktorya d\u00f6neminin g\u00fcndelik hayat\u0131 ve ironisi aras\u0131nda ge\u00e7er; A\u015fk ve Gurur , Emma gibi<span class=\"excerpt-hellip\"> [\u2026]<\/span><\/p>\n","protected":false},"featured_media":0,"template":"","meta":{"_monsterinsights_skip_tracking":false,"_monsterinsights_sitenote_active":false,"_monsterinsights_sitenote_note":"","_monsterinsights_sitenote_category":0},"product_brand":[],"product_cat":[12291,12866],"product_tag":[],"class_list":{"0":"post-691637","1":"product","2":"type-product","3":"status-publish","5":"product_cat-edebiyat","6":"product_cat-ingiliz-edebiyati","7":"pa_cilt-ciltsiz","8":"pa_tur-kitap","9":"pa_yayinevi-oda-yayinlari","10":"pa_yazar-jane-austen","12":"first","13":"instock","14":"sale","15":"shipping-taxable","16":"purchasable","17":"product-type-simple"},"_links":{"self":[{"href":"https:\/\/roveyayinevi.com.tr\/index.php\/wp-json\/wp\/v2\/product\/691637","targetHints":{"allow":["GET"]}}],"collection":[{"href":"https:\/\/roveyayinevi.com.tr\/index.php\/wp-json\/wp\/v2\/product"}],"about":[{"href":"https:\/\/roveyayinevi.com.tr\/index.php\/wp-json\/wp\/v2\/types\/product"}],"wp:attachment":[{"href":"https:\/\/roveyayinevi.com.tr\/index.php\/wp-json\/wp\/v2\/media?parent=691637"}],"wp:term":[{"taxonomy":"product_brand","embeddable":true,"href":"https:\/\/roveyayinevi.com.tr\/index.php\/wp-json\/wp\/v2\/product_brand?post=691637"},{"taxonomy":"product_cat","embeddable":true,"href":"https:\/\/roveyayinevi.com.tr\/index.php\/wp-json\/wp\/v2\/product_cat?post=691637"},{"taxonomy":"product_tag","embeddable":true,"href":"https:\/\/roveyayinevi.com.tr\/index.php\/wp-json\/wp\/v2\/product_tag?post=691637"}],"curies":[{"name":"wp","href":"https:\/\/api.w.org\/{rel}","templated":true}]}}