{"id":691636,"date":"2025-08-27T14:00:14","date_gmt":"2025-08-27T11:00:14","guid":{"rendered":"https:\/\/roveyayinevi.com.tr\/index.php\/urun\/ekmegimi-kazanirken\/"},"modified":"2026-04-16T02:00:56","modified_gmt":"2026-04-15T23:00:56","slug":"ekmegimi-kazanirken","status":"publish","type":"product","link":"https:\/\/roveyayinevi.com.tr\/index.php\/urun\/ekmegimi-kazanirken\/","title":{"rendered":"Ekme\u011fimi Kazan\u0131rken"},"content":{"rendered":"<p>Bu i\u011fren\u00e7 \u015feyleri ni\u00e7in anlat\u0131yorum? Ne gere\u011fi var, de\u011fil mi? O zaman, \u015funu bilin ki, say\u0131n okur, bu yaln\u0131zca eski bir olay de\u011fildir! Siz uydurma deh\u015fetlerden ho\u015flan\u0131rs\u0131n\u0131z, korku \u00f6yk\u00fcleri okumaktan zevk al\u0131rs\u0131n\u0131z, duygular\u0131n\u0131z\u0131n, h\u0131rpalay\u0131c\u0131 kurgularla g\u0131d\u0131klanmas\u0131 ho\u015funuza gider, bundan hi\u00e7 \u00e7ekinmezsiniz. Ama ben ger\u00e7ek korkun\u00e7 olaylar biliyorum, g\u00fcnl\u00fck ya\u015fam\u0131n deh\u015fetli olaylar\u0131 bunlar i\u015fte, onlar\u0131 size an\u0131msatmak duygular\u0131n\u0131z\u0131 zevksizce g\u0131d\u0131klama hakk\u0131m\u0131 kullan\u0131yorum, b\u00f6ylece nerede ve nas\u0131l ya\u015fad\u0131\u011f\u0131n\u0131z\u0131 kesinlikle anlayabilirsiniz. \ufffcTan\u0131t\u0131m Metni<\/p>\n","protected":false},"excerpt":{"rendered":"<p>Bu i\u011fren\u00e7 \u015feyleri ni\u00e7in anlat\u0131yorum? Ne gere\u011fi var, de\u011fil mi? O zaman, \u015funu bilin ki, say\u0131n okur, bu yaln\u0131zca eski bir olay de\u011fildir! Siz uydurma deh\u015fetlerden<span class=\"excerpt-hellip\"> [\u2026]<\/span><\/p>\n","protected":false},"featured_media":0,"template":"","meta":{"_monsterinsights_skip_tracking":false,"_monsterinsights_sitenote_active":false,"_monsterinsights_sitenote_note":"","_monsterinsights_sitenote_category":0},"product_brand":[],"product_cat":[12291,13570],"product_tag":[],"class_list":{"0":"post-691636","1":"product","2":"type-product","3":"status-publish","5":"product_cat-edebiyat","6":"product_cat-rus-edebiyati","7":"pa_tur-kitap","8":"pa_yayinevi-oda-yayinlari","9":"pa_yazar-maksim-gorki","11":"first","12":"instock","13":"sale","14":"shipping-taxable","15":"purchasable","16":"product-type-simple"},"_links":{"self":[{"href":"https:\/\/roveyayinevi.com.tr\/index.php\/wp-json\/wp\/v2\/product\/691636","targetHints":{"allow":["GET"]}}],"collection":[{"href":"https:\/\/roveyayinevi.com.tr\/index.php\/wp-json\/wp\/v2\/product"}],"about":[{"href":"https:\/\/roveyayinevi.com.tr\/index.php\/wp-json\/wp\/v2\/types\/product"}],"wp:attachment":[{"href":"https:\/\/roveyayinevi.com.tr\/index.php\/wp-json\/wp\/v2\/media?parent=691636"}],"wp:term":[{"taxonomy":"product_brand","embeddable":true,"href":"https:\/\/roveyayinevi.com.tr\/index.php\/wp-json\/wp\/v2\/product_brand?post=691636"},{"taxonomy":"product_cat","embeddable":true,"href":"https:\/\/roveyayinevi.com.tr\/index.php\/wp-json\/wp\/v2\/product_cat?post=691636"},{"taxonomy":"product_tag","embeddable":true,"href":"https:\/\/roveyayinevi.com.tr\/index.php\/wp-json\/wp\/v2\/product_tag?post=691636"}],"curies":[{"name":"wp","href":"https:\/\/api.w.org\/{rel}","templated":true}]}}