{"id":691633,"date":"2025-08-27T13:59:29","date_gmt":"2025-08-27T10:59:29","guid":{"rendered":"https:\/\/roveyayinevi.com.tr\/index.php\/urun\/ezilenler-4\/"},"modified":"2026-04-16T02:00:56","modified_gmt":"2026-04-15T23:00:56","slug":"ezilenler-4","status":"publish","type":"product","link":"https:\/\/roveyayinevi.com.tr\/index.php\/urun\/ezilenler-4\/","title":{"rendered":"Ezilenler"},"content":{"rendered":"<p>\u0130nsan \u0131n \u00f6z\u00fcne inmeyi daha ilk yap\u0131tlar\u0131ndan ba\u015flayarak yazd\u0131klar\u0131n\u0131n ana unsuru haline getiren Dostoyevski, modern prikolojinin, Nietzsche ve varolu\u015f\u00e7u d\u00fc\u015f\u00fcncenin de \u00f6nc\u00fcs\u00fc say\u0131l\u0131r. Ki\u015filik, iyiyle k\u00f6t\u00fc, ezenle ezen gibi olgular\u0131n as\u0131l gizemini bulmak onun hayat\u0131 boyunca \u00fcst\u00fcnde durup, i\u015fleyece\u011fi konular olmu\u015ftur. Ac\u0131ma, ba\u011f\u0131\u015flamak, pi\u015fmanl\u0131k gibi duygular\u0131 i\u015fledi\u011fi Ezilenler roman\u0131 onun bu konudaki ustal\u0131\u011f\u0131n\u0131n doruklar\u0131ndan biridir. \ufffcTan\u0131t\u0131m Metni<\/p>\n","protected":false},"excerpt":{"rendered":"<p>\u0130nsan \u0131n \u00f6z\u00fcne inmeyi daha ilk yap\u0131tlar\u0131ndan ba\u015flayarak yazd\u0131klar\u0131n\u0131n ana unsuru haline getiren Dostoyevski, modern prikolojinin, Nietzsche ve varolu\u015f\u00e7u d\u00fc\u015f\u00fcncenin de \u00f6nc\u00fcs\u00fc say\u0131l\u0131r. Ki\u015filik, iyiyle k\u00f6t\u00fc,<span class=\"excerpt-hellip\"> [\u2026]<\/span><\/p>\n","protected":false},"featured_media":0,"template":"","meta":{"_monsterinsights_skip_tracking":false,"_monsterinsights_sitenote_active":false,"_monsterinsights_sitenote_note":"","_monsterinsights_sitenote_category":0},"product_brand":[],"product_cat":[12291,13570],"product_tag":[],"class_list":{"0":"post-691633","1":"product","2":"type-product","3":"status-publish","5":"product_cat-edebiyat","6":"product_cat-rus-edebiyati","7":"pa_tur-kitap","8":"pa_yayinevi-oda-yayinlari","9":"pa_yazar-fyodor-mihaylovic-dostoyevski","11":"first","12":"instock","13":"sale","14":"shipping-taxable","15":"purchasable","16":"product-type-simple"},"_links":{"self":[{"href":"https:\/\/roveyayinevi.com.tr\/index.php\/wp-json\/wp\/v2\/product\/691633","targetHints":{"allow":["GET"]}}],"collection":[{"href":"https:\/\/roveyayinevi.com.tr\/index.php\/wp-json\/wp\/v2\/product"}],"about":[{"href":"https:\/\/roveyayinevi.com.tr\/index.php\/wp-json\/wp\/v2\/types\/product"}],"wp:attachment":[{"href":"https:\/\/roveyayinevi.com.tr\/index.php\/wp-json\/wp\/v2\/media?parent=691633"}],"wp:term":[{"taxonomy":"product_brand","embeddable":true,"href":"https:\/\/roveyayinevi.com.tr\/index.php\/wp-json\/wp\/v2\/product_brand?post=691633"},{"taxonomy":"product_cat","embeddable":true,"href":"https:\/\/roveyayinevi.com.tr\/index.php\/wp-json\/wp\/v2\/product_cat?post=691633"},{"taxonomy":"product_tag","embeddable":true,"href":"https:\/\/roveyayinevi.com.tr\/index.php\/wp-json\/wp\/v2\/product_tag?post=691633"}],"curies":[{"name":"wp","href":"https:\/\/api.w.org\/{rel}","templated":true}]}}