{"id":691631,"date":"2025-08-27T13:59:28","date_gmt":"2025-08-27T10:59:28","guid":{"rendered":"https:\/\/roveyayinevi.com.tr\/index.php\/urun\/ecinniler-2\/"},"modified":"2026-04-16T02:00:56","modified_gmt":"2026-04-15T23:00:56","slug":"ecinniler-2","status":"publish","type":"product","link":"https:\/\/roveyayinevi.com.tr\/index.php\/urun\/ecinniler-2\/","title":{"rendered":"Ecinniler"},"content":{"rendered":"<p>1789 Frans\u0131z b\u00fcy\u00fck devrimi, hemen g\u00fcn\u00fcnden ba\u015flayarak b\u00fct\u00fcn d\u00fcnya toplumlar\u0131n\u0131 etkilemi\u015ftir. Bu devrim ba\u015fka devrimsel niteliklerin de kayna\u011f\u0131 olmu\u015ftur. \u0130nsanl\u0131\u011f\u0131n anla\u011f\u0131nda mutlu gelece\u011fin d\u00fc\u015f\u00fcnsel s\u00fcre\u00e7lerini ba\u015flatm\u0131\u015f, t\u00fcrl\u00fc sava\u015f\u0131mlara yol a\u00e7m\u0131\u015ft\u0131r. Rusya\u2019da sosyalizm, nihilizm ve narodnizm hep buradan beslenmi\u015ftir. Dostoyevski, Ecinniler de insanlar\u0131n bu d\u00fc\u015f\u00fcnce f\u0131rt\u0131nas\u0131 \u00f6n\u00fcnde nas\u0131l savrulduklar\u0131n\u0131, nas\u0131l devrimci isten\u00e7 g\u00f6sterdiklerini i\u015fliyor. Bu roman siyasal roman\u0131n da ilk \u00f6rneklerindendir. Dostoyevski listemizin eksi\u011fi olan bu roman\u0131 k\u0131van\u00e7la sunuyoruz. \ufffcTan\u0131t\u0131m Metni<\/p>\n","protected":false},"excerpt":{"rendered":"<p>1789 Frans\u0131z b\u00fcy\u00fck devrimi, hemen g\u00fcn\u00fcnden ba\u015flayarak b\u00fct\u00fcn d\u00fcnya toplumlar\u0131n\u0131 etkilemi\u015ftir. Bu devrim ba\u015fka devrimsel niteliklerin de kayna\u011f\u0131 olmu\u015ftur. \u0130nsanl\u0131\u011f\u0131n anla\u011f\u0131nda mutlu gelece\u011fin d\u00fc\u015f\u00fcnsel s\u00fcre\u00e7lerini ba\u015flatm\u0131\u015f,<span class=\"excerpt-hellip\"> [\u2026]<\/span><\/p>\n","protected":false},"featured_media":0,"template":"","meta":{"_monsterinsights_skip_tracking":false,"_monsterinsights_sitenote_active":false,"_monsterinsights_sitenote_note":"","_monsterinsights_sitenote_category":0},"product_brand":[],"product_cat":[12291,13570],"product_tag":[],"class_list":{"0":"post-691631","1":"product","2":"type-product","3":"status-publish","5":"product_cat-edebiyat","6":"product_cat-rus-edebiyati","7":"pa_tur-kitap","8":"pa_yayinevi-oda-yayinlari","9":"pa_yazar-fyodor-mihaylovic-dostoyevski","11":"first","12":"instock","13":"sale","14":"shipping-taxable","15":"purchasable","16":"product-type-simple"},"_links":{"self":[{"href":"https:\/\/roveyayinevi.com.tr\/index.php\/wp-json\/wp\/v2\/product\/691631","targetHints":{"allow":["GET"]}}],"collection":[{"href":"https:\/\/roveyayinevi.com.tr\/index.php\/wp-json\/wp\/v2\/product"}],"about":[{"href":"https:\/\/roveyayinevi.com.tr\/index.php\/wp-json\/wp\/v2\/types\/product"}],"wp:attachment":[{"href":"https:\/\/roveyayinevi.com.tr\/index.php\/wp-json\/wp\/v2\/media?parent=691631"}],"wp:term":[{"taxonomy":"product_brand","embeddable":true,"href":"https:\/\/roveyayinevi.com.tr\/index.php\/wp-json\/wp\/v2\/product_brand?post=691631"},{"taxonomy":"product_cat","embeddable":true,"href":"https:\/\/roveyayinevi.com.tr\/index.php\/wp-json\/wp\/v2\/product_cat?post=691631"},{"taxonomy":"product_tag","embeddable":true,"href":"https:\/\/roveyayinevi.com.tr\/index.php\/wp-json\/wp\/v2\/product_tag?post=691631"}],"curies":[{"name":"wp","href":"https:\/\/api.w.org\/{rel}","templated":true}]}}