{"id":691630,"date":"2025-08-27T13:59:28","date_gmt":"2025-08-27T10:59:28","guid":{"rendered":"https:\/\/roveyayinevi.com.tr\/index.php\/urun\/duello-2\/"},"modified":"2026-04-16T02:00:56","modified_gmt":"2026-04-15T23:00:56","slug":"duello-2","status":"publish","type":"product","link":"https:\/\/roveyayinevi.com.tr\/index.php\/urun\/duello-2\/","title":{"rendered":"D\u00fcello"},"content":{"rendered":"<p>Yol G\u00f6sterici Bir \u0130dea   olmadan s\u00fcrd\u00fcr\u00fclen hayatlar\u0131   \u00c7\u0131kmaz Sokak  lara benzetip, bir t\u00fcr melankoliye kap\u0131lan Anton \u00c7ehov, yaz\u0131nsal iklimini g\u00fcndelik hayat\u0131n s\u0131radan, rastgele b\u00f6l\u00fcmlerinden kesitler alarak yarat\u0131r; bu \u00f6zelli\u011fiyle   izlenimci edebiyat   tekni\u011finin de \u00f6nc\u00fcs\u00fcd\u00fcr. <\/p>\n","protected":false},"excerpt":{"rendered":"<p>Yol G\u00f6sterici Bir \u0130dea olmadan s\u00fcrd\u00fcr\u00fclen hayatlar\u0131 \u00c7\u0131kmaz Sokak lara benzetip, bir t\u00fcr melankoliye kap\u0131lan Anton \u00c7ehov, yaz\u0131nsal iklimini g\u00fcndelik hayat\u0131n s\u0131radan, rastgele b\u00f6l\u00fcmlerinden kesitler alarak<span class=\"excerpt-hellip\"> [\u2026]<\/span><\/p>\n","protected":false},"featured_media":0,"template":"","meta":{"_monsterinsights_skip_tracking":false,"_monsterinsights_sitenote_active":false,"_monsterinsights_sitenote_note":"","_monsterinsights_sitenote_category":0},"product_brand":[],"product_cat":[12291,13570],"product_tag":[],"class_list":{"0":"post-691630","1":"product","2":"type-product","3":"status-publish","5":"product_cat-edebiyat","6":"product_cat-rus-edebiyati","7":"pa_tur-kitap","8":"pa_yayinevi-oda-yayinlari","9":"pa_yazar-anton-pavlovic-cehov","11":"first","12":"instock","13":"sale","14":"shipping-taxable","15":"purchasable","16":"product-type-simple"},"_links":{"self":[{"href":"https:\/\/roveyayinevi.com.tr\/index.php\/wp-json\/wp\/v2\/product\/691630","targetHints":{"allow":["GET"]}}],"collection":[{"href":"https:\/\/roveyayinevi.com.tr\/index.php\/wp-json\/wp\/v2\/product"}],"about":[{"href":"https:\/\/roveyayinevi.com.tr\/index.php\/wp-json\/wp\/v2\/types\/product"}],"wp:attachment":[{"href":"https:\/\/roveyayinevi.com.tr\/index.php\/wp-json\/wp\/v2\/media?parent=691630"}],"wp:term":[{"taxonomy":"product_brand","embeddable":true,"href":"https:\/\/roveyayinevi.com.tr\/index.php\/wp-json\/wp\/v2\/product_brand?post=691630"},{"taxonomy":"product_cat","embeddable":true,"href":"https:\/\/roveyayinevi.com.tr\/index.php\/wp-json\/wp\/v2\/product_cat?post=691630"},{"taxonomy":"product_tag","embeddable":true,"href":"https:\/\/roveyayinevi.com.tr\/index.php\/wp-json\/wp\/v2\/product_tag?post=691630"}],"curies":[{"name":"wp","href":"https:\/\/api.w.org\/{rel}","templated":true}]}}