{"id":691629,"date":"2025-08-27T13:59:28","date_gmt":"2025-08-27T10:59:28","guid":{"rendered":"https:\/\/roveyayinevi.com.tr\/index.php\/urun\/direnis\/"},"modified":"2026-04-16T02:00:56","modified_gmt":"2026-04-15T23:00:56","slug":"direnis","status":"publish","type":"product","link":"https:\/\/roveyayinevi.com.tr\/index.php\/urun\/direnis\/","title":{"rendered":"Direni\u015f"},"content":{"rendered":"<p>Jack London, topraklar\u0131 elinden al\u0131nan, yersiz yurtsuz b\u0131rak\u0131larak bir adaya s\u00fcr\u00fclmek istenen insanlar\u0131n ac\u0131 \u00f6yk\u00fcs\u00fcn\u00fc anlat\u0131yor Direni\u015f te. C\u00fczzaml\u0131 insanlard\u0131r bunlar&#8230; C\u00fczzama yakalanmak ise bir su\u00e7tur!.. Su\u00e7lular \u0131n \u00fczerine toprakla, t\u00fcfekle sald\u0131r\u0131ya ge\u00e7iliyor&#8230; Yediden yetmi\u015fe b\u00fcy\u00fck bir kararl\u0131l\u0131kla direniyor c\u00fczzaml\u0131 halk. Ama sonunda hepsi teslim olmak zorunda kal\u0131yor. \u0130\u00e7lerinde yaln\u0131zca bir ki\u015fi, ya\u015fl\u0131 bir adam teslim olmuyor&#8230; Direniyor, ta ki teti\u011fe as\u0131lacak parma\u011f\u0131 kalmay\u0131ncaya dek direniyor, di\u015fe di\u015f bir kavga veriyor \u00f6zg\u00fcrl\u00fc\u011f\u00fc u\u011fruna. \ufffcTan\u0131t\u0131m Metni<\/p>\n","protected":false},"excerpt":{"rendered":"<p>Jack London, topraklar\u0131 elinden al\u0131nan, yersiz yurtsuz b\u0131rak\u0131larak bir adaya s\u00fcr\u00fclmek istenen insanlar\u0131n ac\u0131 \u00f6yk\u00fcs\u00fcn\u00fc anlat\u0131yor Direni\u015f te. C\u00fczzaml\u0131 insanlard\u0131r bunlar&#8230; C\u00fczzama yakalanmak ise bir su\u00e7tur!..<span class=\"excerpt-hellip\"> [\u2026]<\/span><\/p>\n","protected":false},"featured_media":0,"template":"","meta":{"_monsterinsights_skip_tracking":false,"_monsterinsights_sitenote_active":false,"_monsterinsights_sitenote_note":"","_monsterinsights_sitenote_category":0},"product_brand":[],"product_cat":[12891,12291],"product_tag":[],"class_list":{"0":"post-691629","1":"product","2":"type-product","3":"status-publish","5":"product_cat-amerikan-edebiyati","6":"product_cat-edebiyat","7":"pa_tur-kitap","8":"pa_yayinevi-oda-yayinlari","9":"pa_yazar-jack-london","11":"first","12":"instock","13":"sale","14":"shipping-taxable","15":"purchasable","16":"product-type-simple"},"_links":{"self":[{"href":"https:\/\/roveyayinevi.com.tr\/index.php\/wp-json\/wp\/v2\/product\/691629","targetHints":{"allow":["GET"]}}],"collection":[{"href":"https:\/\/roveyayinevi.com.tr\/index.php\/wp-json\/wp\/v2\/product"}],"about":[{"href":"https:\/\/roveyayinevi.com.tr\/index.php\/wp-json\/wp\/v2\/types\/product"}],"wp:attachment":[{"href":"https:\/\/roveyayinevi.com.tr\/index.php\/wp-json\/wp\/v2\/media?parent=691629"}],"wp:term":[{"taxonomy":"product_brand","embeddable":true,"href":"https:\/\/roveyayinevi.com.tr\/index.php\/wp-json\/wp\/v2\/product_brand?post=691629"},{"taxonomy":"product_cat","embeddable":true,"href":"https:\/\/roveyayinevi.com.tr\/index.php\/wp-json\/wp\/v2\/product_cat?post=691629"},{"taxonomy":"product_tag","embeddable":true,"href":"https:\/\/roveyayinevi.com.tr\/index.php\/wp-json\/wp\/v2\/product_tag?post=691629"}],"curies":[{"name":"wp","href":"https:\/\/api.w.org\/{rel}","templated":true}]}}