{"id":691623,"date":"2025-08-27T13:59:27","date_gmt":"2025-08-27T10:59:27","guid":{"rendered":"https:\/\/roveyayinevi.com.tr\/index.php\/urun\/dirilis-3\/"},"modified":"2026-04-16T02:00:56","modified_gmt":"2026-04-15T23:00:56","slug":"dirilis-3","status":"publish","type":"product","link":"https:\/\/roveyayinevi.com.tr\/index.php\/urun\/dirilis-3\/","title":{"rendered":"Dirili\u015f"},"content":{"rendered":"<p>Dirili\u015f , d\u00fcnya edebiyat\u0131n\u0131n en b\u00fcy\u00fck yazarlar\u0131ndan olan Tolstoy\u2019un y\u0131llar y\u0131l\u0131 her dilde say\u0131s\u0131z kez bas\u0131lan, milyonlarca insan taraf\u0131ndan tekrar tekrar okunan, onu \u00f6lmezle\u015ftiren ba\u015fyap\u0131tlar\u0131ndan biridir.  Dirili\u015f  yaln\u0131zca bir vicdan azab\u0131n\u0131n \u00f6yk\u00fcs\u00fc de\u011fildir; ayn\u0131 zamanda, ceza hukukuna y\u00f6neltilmi\u015f ac\u0131 bir ele\u015ftiridir. Tolstoy\u2019un d\u00fc\u015f\u00fcncesini anlamak ve sanat\u0131n\u0131n tad\u0131na varmak i\u00e7in  Dirili\u015f i okumak yeterli. <\/p>\n","protected":false},"excerpt":{"rendered":"<p>Dirili\u015f , d\u00fcnya edebiyat\u0131n\u0131n en b\u00fcy\u00fck yazarlar\u0131ndan olan Tolstoy\u2019un y\u0131llar y\u0131l\u0131 her dilde say\u0131s\u0131z kez bas\u0131lan, milyonlarca insan taraf\u0131ndan tekrar tekrar okunan, onu \u00f6lmezle\u015ftiren ba\u015fyap\u0131tlar\u0131ndan biridir.<span class=\"excerpt-hellip\"> [\u2026]<\/span><\/p>\n","protected":false},"featured_media":0,"template":"","meta":{"_monsterinsights_skip_tracking":false,"_monsterinsights_sitenote_active":false,"_monsterinsights_sitenote_note":"","_monsterinsights_sitenote_category":0},"product_brand":[],"product_cat":[12291,13570],"product_tag":[],"class_list":{"0":"post-691623","1":"product","2":"type-product","3":"status-publish","5":"product_cat-edebiyat","6":"product_cat-rus-edebiyati","7":"pa_tur-kitap","8":"pa_yayinevi-oda-yayinlari","9":"pa_yazar-lev-nikolayevic-tolstoy","11":"first","12":"instock","13":"sale","14":"shipping-taxable","15":"purchasable","16":"product-type-simple"},"_links":{"self":[{"href":"https:\/\/roveyayinevi.com.tr\/index.php\/wp-json\/wp\/v2\/product\/691623","targetHints":{"allow":["GET"]}}],"collection":[{"href":"https:\/\/roveyayinevi.com.tr\/index.php\/wp-json\/wp\/v2\/product"}],"about":[{"href":"https:\/\/roveyayinevi.com.tr\/index.php\/wp-json\/wp\/v2\/types\/product"}],"wp:attachment":[{"href":"https:\/\/roveyayinevi.com.tr\/index.php\/wp-json\/wp\/v2\/media?parent=691623"}],"wp:term":[{"taxonomy":"product_brand","embeddable":true,"href":"https:\/\/roveyayinevi.com.tr\/index.php\/wp-json\/wp\/v2\/product_brand?post=691623"},{"taxonomy":"product_cat","embeddable":true,"href":"https:\/\/roveyayinevi.com.tr\/index.php\/wp-json\/wp\/v2\/product_cat?post=691623"},{"taxonomy":"product_tag","embeddable":true,"href":"https:\/\/roveyayinevi.com.tr\/index.php\/wp-json\/wp\/v2\/product_tag?post=691623"}],"curies":[{"name":"wp","href":"https:\/\/api.w.org\/{rel}","templated":true}]}}