{"id":691614,"date":"2025-08-27T13:59:25","date_gmt":"2025-08-27T10:59:25","guid":{"rendered":"https:\/\/roveyayinevi.com.tr\/index.php\/urun\/dinamik-psikiyatri-kurami-ve-uygulamasi\/"},"modified":"2026-04-16T02:00:55","modified_gmt":"2026-04-15T23:00:55","slug":"dinamik-psikiyatri-kurami-ve-uygulamasi","status":"publish","type":"product","link":"https:\/\/roveyayinevi.com.tr\/index.php\/urun\/dinamik-psikiyatri-kurami-ve-uygulamasi\/","title":{"rendered":"Dinamik Psikiyatri Kuram\u0131 ve Uygulamas\u0131"},"content":{"rendered":"<p>Bug\u00fcn psikanaliz -en az\u0131ndan klinik- pratikle ba\u011f\u0131n\u0131 b\u00fcy\u00fck \u00f6l\u00e7\u00fcde yitirmi\u015f gibi g\u00f6r\u00fcn\u00fcyor. Psikiyatri ise, -neredeyse- tamamen biyolojik paradigman\u0131n ve bu paradigman\u0131n sorgulanmas\u0131 i\u00e7in yeterince elveri\u015fli olmayan di\u011fer psikoterapi y\u00f6ntemlerinin egemenli\u011fi alt\u0131na girmi\u015f durumda. Bu ger\u00e7eklik, psikanalizin salt entelekt\u00fcel bir u\u011fra\u015fa d\u00f6n\u00fc\u015fmesine yol a\u00e7\u0131yor. Oysa, psikanaliz en ba\u015f\u0131nda prati\u011fin i\u00e7inden; Freud\u2019un hekimlik \u00e7al\u0131\u015fmalar\u0131ndan ve hastalarla yapt\u0131\u011f\u0131 g\u00f6r\u00fc\u015fmelerden \u00e7\u0131km\u0131\u015ft\u0131. Psikanalizin gerek klinik bir tedavi yolu gerekse a\u00e7\u0131klay\u0131c\u0131 bir y\u00f6ntem olma g\u00fcc\u00fcn\u00fc yitirmesinde elbette k\u00fclt\u00fcr, ekonomi, politika, t\u0131bb\u0131n kendisi vb alanlarda ortaya \u00e7\u0131kan geli\u015fmelerin \u00f6nemli rol\u00fc oldu. Ancak, kuramsal d\u00fczeyde psikanalizin i\u00e7inde var olan ele\u015ftirel yetene\u011fin giderek solmas\u0131n\u0131n, giderek daha dogmatik ve Ortodoks bir hale gelmesinin, pratik d\u00fczeyde neredeyse mistik bir yap\u0131lanmaya y\u00f6nelmesinin de bunda rol\u00fc b\u00fcy\u00fck. Elinizdeki kitaba kapasitesini a\u015fan g\u00f6revler atfetmek istemem, fakat bir yandan kitab\u0131n t\u00fcm psikanalitik y\u00f6nelimlere e\u015fit mesafede duran ve onlar\u0131 alabildi\u011fine yal\u0131n bir dille aktaran sentezleyici tutumu, \u00f6te yandan da kitab\u0131 okuyarak pratikte yararlanan ruh sa\u011fl\u0131\u011f\u0131 \u00e7al\u0131\u015fanlar\u0131n\u0131n bize s\u00f6yledikleri \u015feyler, psikanalizin klinik prati\u011fin i\u00e7inde yer almas\u0131n\u0131n neden bug\u00fcn de \u00e7ok \u00f6nemli oldu\u011funu a\u00e7\u0131k\u00e7a g\u00f6steriyor. Yazar\u0131n her t\u00fcrl\u00fc okura rahatl\u0131k veren kuramsal esnekli\u011fi ve anlat\u0131m\u0131n\u0131n a\u00e7\u0131kl\u0131\u011f\u0131na, kitap boyunca verdi\u011fi klinik \u00f6rnekler de eklenince, ruh sa\u011fl\u0131\u011f\u0131 alan\u0131nda \u00e7al\u0131\u015fanlar\u0131n yan\u0131 s\u0131ra  merakl\u0131 entelekt\u00fcel okur kitlesi  i\u00e7in de kuram ve uygulama a\u00e7\u0131s\u0131ndan vazge\u00e7ilmez bir kaynak ortaya \u00e7\u0131km\u0131\u015f. <\/p>\n","protected":false},"excerpt":{"rendered":"<p>Bug\u00fcn psikanaliz -en az\u0131ndan klinik- pratikle ba\u011f\u0131n\u0131 b\u00fcy\u00fck \u00f6l\u00e7\u00fcde yitirmi\u015f gibi g\u00f6r\u00fcn\u00fcyor. Psikiyatri ise, -neredeyse- tamamen biyolojik paradigman\u0131n ve bu paradigman\u0131n sorgulanmas\u0131 i\u00e7in yeterince elveri\u015fli olmayan<span class=\"excerpt-hellip\"> [\u2026]<\/span><\/p>\n","protected":false},"featured_media":0,"template":"","meta":{"_monsterinsights_skip_tracking":false,"_monsterinsights_sitenote_active":false,"_monsterinsights_sitenote_note":"","_monsterinsights_sitenote_category":0},"product_brand":[],"product_cat":[14787,13488],"product_tag":[],"class_list":{"0":"post-691614","1":"product","2":"type-product","3":"status-publish","5":"product_cat-diger-toplum-ve-insan","6":"product_cat-toplum-ve-insan","7":"pa_cilt-ciltsiz","8":"pa_tur-kitap","9":"pa_yayinevi-okuyan-us-yayin","10":"pa_yazar-edwin-r-wallace","12":"first","13":"instock","14":"sale","15":"shipping-taxable","16":"purchasable","17":"product-type-simple"},"_links":{"self":[{"href":"https:\/\/roveyayinevi.com.tr\/index.php\/wp-json\/wp\/v2\/product\/691614","targetHints":{"allow":["GET"]}}],"collection":[{"href":"https:\/\/roveyayinevi.com.tr\/index.php\/wp-json\/wp\/v2\/product"}],"about":[{"href":"https:\/\/roveyayinevi.com.tr\/index.php\/wp-json\/wp\/v2\/types\/product"}],"wp:attachment":[{"href":"https:\/\/roveyayinevi.com.tr\/index.php\/wp-json\/wp\/v2\/media?parent=691614"}],"wp:term":[{"taxonomy":"product_brand","embeddable":true,"href":"https:\/\/roveyayinevi.com.tr\/index.php\/wp-json\/wp\/v2\/product_brand?post=691614"},{"taxonomy":"product_cat","embeddable":true,"href":"https:\/\/roveyayinevi.com.tr\/index.php\/wp-json\/wp\/v2\/product_cat?post=691614"},{"taxonomy":"product_tag","embeddable":true,"href":"https:\/\/roveyayinevi.com.tr\/index.php\/wp-json\/wp\/v2\/product_tag?post=691614"}],"curies":[{"name":"wp","href":"https:\/\/api.w.org\/{rel}","templated":true}]}}