{"id":691612,"date":"2025-08-27T13:59:25","date_gmt":"2025-08-27T10:59:25","guid":{"rendered":"https:\/\/roveyayinevi.com.tr\/index.php\/urun\/ask-inanmakla-baslar-yandik-elhamdulillah\/"},"modified":"2026-04-16T02:00:55","modified_gmt":"2026-04-15T23:00:55","slug":"ask-inanmakla-baslar-yandik-elhamdulillah","status":"publish","type":"product","link":"https:\/\/roveyayinevi.com.tr\/index.php\/urun\/ask-inanmakla-baslar-yandik-elhamdulillah\/","title":{"rendered":"A\u015fk \u0130nanmakla Ba\u015flar &#8211; Yand\u0131k Elhamd\u00fclillah"},"content":{"rendered":"<p>R\u00fcya g\u00f6r\u00fcr m\u00fcs\u00fcn ey k\u00e2ri? R\u00fcyalarla ya\u015far m\u0131s\u0131n baz\u0131 vakitler? Sonra yanaklar\u0131ndan kulaklar\u0131na do\u011fru s\u00fcz\u00fclen iki damla ya\u015f ile uyan\u0131r m\u0131s\u0131n gecenin o en \u0131ss\u0131z, en sessiz, en kimsesiz vaktinde? D\u00fcnyan\u0131n bir r\u00fcya \u00e2lemi olabilece\u011fine inan\u0131r m\u0131s\u0131n? Gel bir ba\u015fkas\u0131n\u0131n r\u00fcyas\u0131na dalal\u0131m \u015fimdi seninle. Hakikate uyanal\u0131m. Pervane olal\u0131m. Bedenimizi yakacak ate\u015f arayal\u0131m. Evvela \u015eiraz\u2019a \u00e7\u0131rpal\u0131m kara ipekten kanatlar\u0131m\u0131z\u0131, ate\u015fi bilen a\u015fk erlerinin yan\u0131nda konaklayal\u0131m. A\u015fk ate\u015ftir diyelim lisans\u0131z ve sessiz ve hatta harfsiz kelimelerle. A\u015fka yanal\u0131m, ba\u015fka yanal\u0131m. Sonra Mevlana derg\u00e2h\u0131na d\u00fc\u015f\u00fcrelim kara bedenlerimizi, bizi kavuracak bir \u015fem arayal\u0131m. A\u015fk arayal\u0131m. G\u00f6\u011fe y\u00fckseltelim feryad\u0131m\u0131z\u0131. A\u015fka a\u011flayal\u0131m. Bir da\u011f ba\u015f\u0131nda dua eden Yunus\u2019u bulal\u0131m sonra. Ona a\u015fk\u0131 soral\u0131m dilersen, a\u015fk\u0131na \u015fahit olal\u0131m. A\u015fk\u0131 \u00fc\u00e7 \u00e2\u015f\u0131ktan dinleyelim biz. Biri; A\u015fka u\u00e7arsan kanatlar\u0131n yanar desin bize, di\u011feri A\u015fka u\u00e7mazsan kanat neye yarar di\u011feri temmet \u00e7eksin d\u00fc\u015flerimize; A\u015fka vard\u0131ktan sonra kanatlar\u0131 kim arar desin, susal\u0131m. A\u00e7ma sak\u0131n g\u00f6zlerini, bu r\u00fcya \u00e2\u015f\u0131klar\u0131n r\u00fcyas\u0131d\u0131r. Uyan\u0131rsan r\u00fcyalar\u0131 unutacaks\u0131n. \ufffcTan\u0131t\u0131m Metni<\/p>\n","protected":false},"excerpt":{"rendered":"<p>R\u00fcya g\u00f6r\u00fcr m\u00fcs\u00fcn ey k\u00e2ri? R\u00fcyalarla ya\u015far m\u0131s\u0131n baz\u0131 vakitler? Sonra yanaklar\u0131ndan kulaklar\u0131na do\u011fru s\u00fcz\u00fclen iki damla ya\u015f ile uyan\u0131r m\u0131s\u0131n gecenin o en \u0131ss\u0131z, en<span class=\"excerpt-hellip\"> [\u2026]<\/span><\/p>\n","protected":false},"featured_media":0,"template":"","meta":{"_monsterinsights_skip_tracking":false,"_monsterinsights_sitenote_active":false,"_monsterinsights_sitenote_note":"","_monsterinsights_sitenote_category":0},"product_brand":[],"product_cat":[12718,18102,12719],"product_tag":[],"class_list":{"0":"post-691612","1":"product","2":"type-product","3":"status-publish","5":"product_cat-din","6":"product_cat-edebiyat-roman","7":"product_cat-islam","8":"pa_tur-kitap","9":"pa_yayinevi-nesil-yayinlari","10":"pa_yazar-fatih-duman","12":"first","13":"instock","14":"sale","15":"shipping-taxable","16":"purchasable","17":"product-type-simple"},"_links":{"self":[{"href":"https:\/\/roveyayinevi.com.tr\/index.php\/wp-json\/wp\/v2\/product\/691612","targetHints":{"allow":["GET"]}}],"collection":[{"href":"https:\/\/roveyayinevi.com.tr\/index.php\/wp-json\/wp\/v2\/product"}],"about":[{"href":"https:\/\/roveyayinevi.com.tr\/index.php\/wp-json\/wp\/v2\/types\/product"}],"wp:attachment":[{"href":"https:\/\/roveyayinevi.com.tr\/index.php\/wp-json\/wp\/v2\/media?parent=691612"}],"wp:term":[{"taxonomy":"product_brand","embeddable":true,"href":"https:\/\/roveyayinevi.com.tr\/index.php\/wp-json\/wp\/v2\/product_brand?post=691612"},{"taxonomy":"product_cat","embeddable":true,"href":"https:\/\/roveyayinevi.com.tr\/index.php\/wp-json\/wp\/v2\/product_cat?post=691612"},{"taxonomy":"product_tag","embeddable":true,"href":"https:\/\/roveyayinevi.com.tr\/index.php\/wp-json\/wp\/v2\/product_tag?post=691612"}],"curies":[{"name":"wp","href":"https:\/\/api.w.org\/{rel}","templated":true}]}}