{"id":691611,"date":"2025-08-27T13:59:24","date_gmt":"2025-08-27T10:59:24","guid":{"rendered":"https:\/\/roveyayinevi.com.tr\/index.php\/urun\/sevda\/"},"modified":"2026-04-16T02:00:55","modified_gmt":"2026-04-15T23:00:55","slug":"sevda","status":"publish","type":"product","link":"https:\/\/roveyayinevi.com.tr\/index.php\/urun\/sevda\/","title":{"rendered":"Sevda"},"content":{"rendered":"<p>Sevda, gen\u00e7lik hayalleri pe\u015finde, hayat\u0131n\u0131 \u00e7\u0131kmaz sokaklarda t\u00fcketen bir gen\u00e7 k\u0131z\u0131n ibret dolu hayat\u0131n\u0131 anlat\u0131yor. Olaylar zinciri o kadar etkileyici, o kadar \u015fa\u015fk\u0131nl\u0131k verici ki insan kendini tutam\u0131yor Bu kadar da olur mu? diyerek kendinden ge\u00e7iyor. Sevda, g\u00fcn\u00fcm\u00fcz gen\u00e7li\u011finin ya\u015famakta oldu\u011fu hayalperest ve \u00e7arp\u0131c\u0131 hayat\u0131n\u0131 yans\u0131tan bir kitap. \u0130\u00e7inde hemen her gencin hayat\u0131ndan sahneler mevcut. Kitapta okuyaca\u011f\u0131n\u0131z her sahnede, hayat\u0131n ibretli kesitini g\u00f6recek, kendi hayat\u0131n\u0131z\u0131 da sorgulama ihtiyac\u0131 duyacaks\u0131n\u0131z. Daha da \u00f6nemlisi bu Sevda\u2019y\u0131 bir an \u00f6nce dostlar\u0131n\u0131zla payla\u015fma \u00e7abas\u0131na d\u00fc\u015feceksiniz. \ufffcTan\u0131t\u0131m Metni<\/p>\n","protected":false},"excerpt":{"rendered":"<p>Sevda, gen\u00e7lik hayalleri pe\u015finde, hayat\u0131n\u0131 \u00e7\u0131kmaz sokaklarda t\u00fcketen bir gen\u00e7 k\u0131z\u0131n ibret dolu hayat\u0131n\u0131 anlat\u0131yor. Olaylar zinciri o kadar etkileyici, o kadar \u015fa\u015fk\u0131nl\u0131k verici ki insan<span class=\"excerpt-hellip\"> [\u2026]<\/span><\/p>\n","protected":false},"featured_media":0,"template":"","meta":{"_monsterinsights_skip_tracking":false,"_monsterinsights_sitenote_active":false,"_monsterinsights_sitenote_note":"","_monsterinsights_sitenote_category":0},"product_brand":[],"product_cat":[12782,12291],"product_tag":[],"class_list":{"0":"post-691611","1":"product","2":"type-product","3":"status-publish","5":"product_cat-alman-edebiyati","6":"product_cat-edebiyat","7":"pa_tur-kitap","8":"pa_yayinevi-nesil-yayinlari","9":"pa_yazar-halit-ertugrul","11":"first","12":"instock","13":"sale","14":"shipping-taxable","15":"purchasable","16":"product-type-simple"},"_links":{"self":[{"href":"https:\/\/roveyayinevi.com.tr\/index.php\/wp-json\/wp\/v2\/product\/691611","targetHints":{"allow":["GET"]}}],"collection":[{"href":"https:\/\/roveyayinevi.com.tr\/index.php\/wp-json\/wp\/v2\/product"}],"about":[{"href":"https:\/\/roveyayinevi.com.tr\/index.php\/wp-json\/wp\/v2\/types\/product"}],"wp:attachment":[{"href":"https:\/\/roveyayinevi.com.tr\/index.php\/wp-json\/wp\/v2\/media?parent=691611"}],"wp:term":[{"taxonomy":"product_brand","embeddable":true,"href":"https:\/\/roveyayinevi.com.tr\/index.php\/wp-json\/wp\/v2\/product_brand?post=691611"},{"taxonomy":"product_cat","embeddable":true,"href":"https:\/\/roveyayinevi.com.tr\/index.php\/wp-json\/wp\/v2\/product_cat?post=691611"},{"taxonomy":"product_tag","embeddable":true,"href":"https:\/\/roveyayinevi.com.tr\/index.php\/wp-json\/wp\/v2\/product_tag?post=691611"}],"curies":[{"name":"wp","href":"https:\/\/api.w.org\/{rel}","templated":true}]}}