{"id":691610,"date":"2025-08-27T13:59:24","date_gmt":"2025-08-27T10:59:24","guid":{"rendered":"https:\/\/roveyayinevi.com.tr\/index.php\/urun\/son-umut\/"},"modified":"2026-04-16T02:00:55","modified_gmt":"2026-04-15T23:00:55","slug":"son-umut","status":"publish","type":"product","link":"https:\/\/roveyayinevi.com.tr\/index.php\/urun\/son-umut\/","title":{"rendered":"Son Umut"},"content":{"rendered":"<p>Ruhumun yine s\u0131k\u0131l\u0131p bunald\u0131\u011f\u0131 bir anda, \u015fehrin en \u00fcnl\u00fc kitap\u00e7\u0131s\u0131na gitmi\u015ftim. Hi\u00e7bir a\u00e7\u0131klama yapmadan, &#8220;Kitap istiyorum&#8221; diye dald\u0131m i\u00e7eriye&#8221; Usta bir psikolog tavr\u0131yla, orta ya\u015fl\u0131 bir bayan dikildi kar\u015f\u0131ma&#8221; &#8220;Bir kitap tavsiye edece\u011fim size,&#8221; dedi. &#8220;Bu kitab\u0131 okuyunca, yazar\u0131n di\u011fer kitaplar\u0131n\u0131 da bir an \u00f6nce okumak isteyeceksiniz.&#8221; Kitab\u0131, klasik bir deyimle &#8220;bir soluk&#8221;ta bitirdim. Nerede mi? Orac\u0131kta&#8221; Hem de iki saat i\u00e7inde&#8221; Ya\u015fanm\u0131\u015f, ibretli ve s\u0131rlarla dolu hayat \u00f6yk\u00fclerinin sat\u0131r aralar\u0131nda kendimi bulmu\u015ftum. &#8220;Acaba,&#8221; dedim. &#8220;Ben de ibretli hayat hik\u00e2yemi anlatsam, benim \u00f6yk\u00fcm de yolunu kaybetmi\u015f, \u00fcmidini yitirmi\u015f gen\u00e7 ku\u015fa\u011fa bir k\u0131lavuz olamaz m\u0131?&#8221; Bunun i\u00e7in, umutsuz d\u00fcnyam\u0131n &#8220;Son Umut&#8221;unu sizinle payla\u015fmak istedim. Oradaki olaylar\u0131n ve sahnelerin, hayat\u0131n\u0131za \u0131\u015f\u0131k olmas\u0131 niyetiyle&#8221;<\/p>\n","protected":false},"excerpt":{"rendered":"<p>Ruhumun yine s\u0131k\u0131l\u0131p bunald\u0131\u011f\u0131 bir anda, \u015fehrin en \u00fcnl\u00fc kitap\u00e7\u0131s\u0131na gitmi\u015ftim. Hi\u00e7bir a\u00e7\u0131klama yapmadan, &#8220;Kitap istiyorum&#8221; diye dald\u0131m i\u00e7eriye&#8221; Usta bir psikolog tavr\u0131yla, orta ya\u015fl\u0131 bir<span class=\"excerpt-hellip\"> [\u2026]<\/span><\/p>\n","protected":false},"featured_media":0,"template":"","meta":{"_monsterinsights_skip_tracking":false,"_monsterinsights_sitenote_active":false,"_monsterinsights_sitenote_note":"","_monsterinsights_sitenote_category":0},"product_brand":[],"product_cat":[12777,12291],"product_tag":[],"class_list":{"0":"post-691610","1":"product","2":"type-product","3":"status-publish","5":"product_cat-deneme","6":"product_cat-edebiyat","7":"pa_cilt-ciltsiz","8":"pa_tur-kitap","9":"pa_yayinevi-nesil-yayinlari","10":"pa_yazar-halit-ertugrul","12":"first","13":"instock","14":"sale","15":"shipping-taxable","16":"purchasable","17":"product-type-simple"},"_links":{"self":[{"href":"https:\/\/roveyayinevi.com.tr\/index.php\/wp-json\/wp\/v2\/product\/691610","targetHints":{"allow":["GET"]}}],"collection":[{"href":"https:\/\/roveyayinevi.com.tr\/index.php\/wp-json\/wp\/v2\/product"}],"about":[{"href":"https:\/\/roveyayinevi.com.tr\/index.php\/wp-json\/wp\/v2\/types\/product"}],"wp:attachment":[{"href":"https:\/\/roveyayinevi.com.tr\/index.php\/wp-json\/wp\/v2\/media?parent=691610"}],"wp:term":[{"taxonomy":"product_brand","embeddable":true,"href":"https:\/\/roveyayinevi.com.tr\/index.php\/wp-json\/wp\/v2\/product_brand?post=691610"},{"taxonomy":"product_cat","embeddable":true,"href":"https:\/\/roveyayinevi.com.tr\/index.php\/wp-json\/wp\/v2\/product_cat?post=691610"},{"taxonomy":"product_tag","embeddable":true,"href":"https:\/\/roveyayinevi.com.tr\/index.php\/wp-json\/wp\/v2\/product_tag?post=691610"}],"curies":[{"name":"wp","href":"https:\/\/api.w.org\/{rel}","templated":true}]}}