{"id":691609,"date":"2025-08-27T13:59:24","date_gmt":"2025-08-27T10:59:24","guid":{"rendered":"https:\/\/roveyayinevi.com.tr\/index.php\/urun\/sensin\/"},"modified":"2026-04-16T02:00:55","modified_gmt":"2026-04-15T23:00:55","slug":"sensin","status":"publish","type":"product","link":"https:\/\/roveyayinevi.com.tr\/index.php\/urun\/sensin\/","title":{"rendered":"Sensin"},"content":{"rendered":"<p>Herkes tevhid halkas\u0131nda oldu\u011fu halde, sadece baz\u0131lar\u0131 kap\u0131lar\u0131 aralayabiliyor. Kap\u0131lar\u0131n aralanmas\u0131 ve a\u00e7\u0131lmas\u0131, ancak bu i\u015fi ya\u015fayacak olan talibin kendi talebi, gayreti ve Rahm\u00e2n\u2019\u0131n hidayeti ile ger\u00e7ekle\u015fiyor. Kullukta de\u011fer \u00fcretmedik\u00e7e, telkinleri kendinde talime d\u00f6n\u00fc\u015ft\u00fcrmedik\u00e7e, a\u015fk-\u0131 S\u00fcbh\u00e2n ile kendi Kaf Da\u011f\u0131\u2019n\u0131 a\u015fmad\u0131k\u00e7a; s\u0131rf okumakla, duymakla hi\u00e7bir talip istikamet alamaz. Z\u00fcmr\u00fcd\u00fcanka olamaz. <\/p>\n","protected":false},"excerpt":{"rendered":"<p>Herkes tevhid halkas\u0131nda oldu\u011fu halde, sadece baz\u0131lar\u0131 kap\u0131lar\u0131 aralayabiliyor. Kap\u0131lar\u0131n aralanmas\u0131 ve a\u00e7\u0131lmas\u0131, ancak bu i\u015fi ya\u015fayacak olan talibin kendi talebi, gayreti ve Rahm\u00e2n\u2019\u0131n hidayeti ile<span class=\"excerpt-hellip\"> [\u2026]<\/span><\/p>\n","protected":false},"featured_media":0,"template":"","meta":{"_monsterinsights_skip_tracking":false,"_monsterinsights_sitenote_active":false,"_monsterinsights_sitenote_note":"","_monsterinsights_sitenote_category":0},"product_brand":[],"product_cat":[12718,12719,12720],"product_tag":[],"class_list":{"0":"post-691609","1":"product","2":"type-product","3":"status-publish","5":"product_cat-din","6":"product_cat-islam","7":"product_cat-tasavvuf-mezhepler-tarikatlar","8":"pa_tur-kitap","9":"pa_yayinevi-nesil-yayinlari","10":"pa_yazar-ali-bektas","12":"first","13":"instock","14":"sale","15":"shipping-taxable","16":"purchasable","17":"product-type-simple"},"_links":{"self":[{"href":"https:\/\/roveyayinevi.com.tr\/index.php\/wp-json\/wp\/v2\/product\/691609","targetHints":{"allow":["GET"]}}],"collection":[{"href":"https:\/\/roveyayinevi.com.tr\/index.php\/wp-json\/wp\/v2\/product"}],"about":[{"href":"https:\/\/roveyayinevi.com.tr\/index.php\/wp-json\/wp\/v2\/types\/product"}],"wp:attachment":[{"href":"https:\/\/roveyayinevi.com.tr\/index.php\/wp-json\/wp\/v2\/media?parent=691609"}],"wp:term":[{"taxonomy":"product_brand","embeddable":true,"href":"https:\/\/roveyayinevi.com.tr\/index.php\/wp-json\/wp\/v2\/product_brand?post=691609"},{"taxonomy":"product_cat","embeddable":true,"href":"https:\/\/roveyayinevi.com.tr\/index.php\/wp-json\/wp\/v2\/product_cat?post=691609"},{"taxonomy":"product_tag","embeddable":true,"href":"https:\/\/roveyayinevi.com.tr\/index.php\/wp-json\/wp\/v2\/product_tag?post=691609"}],"curies":[{"name":"wp","href":"https:\/\/api.w.org\/{rel}","templated":true}]}}