{"id":691608,"date":"2025-08-27T13:59:24","date_gmt":"2025-08-27T10:59:24","guid":{"rendered":"https:\/\/roveyayinevi.com.tr\/index.php\/urun\/siz-siz-olun-mutluluk-terapisi\/"},"modified":"2026-04-16T02:00:55","modified_gmt":"2026-04-15T23:00:55","slug":"siz-siz-olun-mutluluk-terapisi","status":"publish","type":"product","link":"https:\/\/roveyayinevi.com.tr\/index.php\/urun\/siz-siz-olun-mutluluk-terapisi\/","title":{"rendered":"Siz Siz Olun  Mutluluk Terapisi"},"content":{"rendered":"<p>\u0130nternet kanal\u0131yla yay\u0131nlad\u0131\u011f\u0131 yaz\u0131lar\u0131 ve yapt\u0131\u011f\u0131 televizyon programlar\u0131yla b\u00fcy\u00fck bir ilgi ve be\u011feni toplayan Psikolog Mehtap Kayao\u011flu, elinizdeki kitab\u0131nda bebeklikten ya\u015fl\u0131l\u0131\u011fa kadar b\u00fct\u00fcn hayat\u0131m\u0131zda kar\u015f\u0131la\u015fabilece\u011fimiz g\u00fcnl\u00fck problemlere, okuyucu mektuplar\u0131ndan hareketle ve psikoloji biliminin verileri \u0131\u015f\u0131\u011f\u0131nda \u00e7\u00f6z\u00fcmler sunuyor. Ruhsal anlamda sa\u011fl\u0131kl\u0131 \u00e7ocuk yeti\u015ftirmek, bebeklerin psikolojisi, e\u015fler aras\u0131ndaki problemler, mutlulu\u011fa ula\u015fman\u0131n basit yollar\u0131, insanlar aras\u0131 ili\u015fkiler, kitab\u0131n inceledi\u011fi konulardan baz\u0131lar\u0131. S\u0131ms\u0131cak \u00fcslubu ve ak\u0131c\u0131 diliyle hepimiz i\u00e7in bir kitap Siz Siz Olun. <\/p>\n","protected":false},"excerpt":{"rendered":"<p>\u0130nternet kanal\u0131yla yay\u0131nlad\u0131\u011f\u0131 yaz\u0131lar\u0131 ve yapt\u0131\u011f\u0131 televizyon programlar\u0131yla b\u00fcy\u00fck bir ilgi ve be\u011feni toplayan Psikolog Mehtap Kayao\u011flu, elinizdeki kitab\u0131nda bebeklikten ya\u015fl\u0131l\u0131\u011fa kadar b\u00fct\u00fcn hayat\u0131m\u0131zda kar\u015f\u0131la\u015fabilece\u011fimiz g\u00fcnl\u00fck<span class=\"excerpt-hellip\"> [\u2026]<\/span><\/p>\n","protected":false},"featured_media":0,"template":"","meta":{"_monsterinsights_skip_tracking":false,"_monsterinsights_sitenote_active":false,"_monsterinsights_sitenote_note":"","_monsterinsights_sitenote_category":0},"product_brand":[],"product_cat":[12358,12357],"product_tag":[],"class_list":{"0":"post-691608","1":"product","2":"type-product","3":"status-publish","5":"product_cat-genel-psikoloji","6":"product_cat-psikoloji","7":"pa_tur-kitap","8":"pa_yayinevi-nesil-yayinlari","9":"pa_yazar-mehtap-kayaoglu","11":"first","12":"instock","13":"sale","14":"shipping-taxable","15":"purchasable","16":"product-type-simple"},"_links":{"self":[{"href":"https:\/\/roveyayinevi.com.tr\/index.php\/wp-json\/wp\/v2\/product\/691608","targetHints":{"allow":["GET"]}}],"collection":[{"href":"https:\/\/roveyayinevi.com.tr\/index.php\/wp-json\/wp\/v2\/product"}],"about":[{"href":"https:\/\/roveyayinevi.com.tr\/index.php\/wp-json\/wp\/v2\/types\/product"}],"wp:attachment":[{"href":"https:\/\/roveyayinevi.com.tr\/index.php\/wp-json\/wp\/v2\/media?parent=691608"}],"wp:term":[{"taxonomy":"product_brand","embeddable":true,"href":"https:\/\/roveyayinevi.com.tr\/index.php\/wp-json\/wp\/v2\/product_brand?post=691608"},{"taxonomy":"product_cat","embeddable":true,"href":"https:\/\/roveyayinevi.com.tr\/index.php\/wp-json\/wp\/v2\/product_cat?post=691608"},{"taxonomy":"product_tag","embeddable":true,"href":"https:\/\/roveyayinevi.com.tr\/index.php\/wp-json\/wp\/v2\/product_tag?post=691608"}],"curies":[{"name":"wp","href":"https:\/\/api.w.org\/{rel}","templated":true}]}}