{"id":691604,"date":"2025-08-27T13:59:23","date_gmt":"2025-08-27T10:59:23","guid":{"rendered":"https:\/\/roveyayinevi.com.tr\/index.php\/urun\/bir-apaci-masali-2-kebabman\/"},"modified":"2026-04-16T02:00:55","modified_gmt":"2026-04-15T23:00:55","slug":"bir-apaci-masali-2-kebabman","status":"publish","type":"product","link":"https:\/\/roveyayinevi.com.tr\/index.php\/urun\/bir-apaci-masali-2-kebabman\/","title":{"rendered":"Bir Apa\u00e7i Masal\u0131 2 &#8211; Kebabman"},"content":{"rendered":"<p>Toprak kokusundan b\u00fcy\u00fck \u015fehre, gecekondu ya\u015fam\u0131ndan barmenli\u011fe, Alanya\u2019dan \u0130sve\u00e7\u2019e ve d\u00fcnyan\u0131n 80 \u00fclkesine!  Apa\u00e7i  deyip de anlayamad\u0131\u011f\u0131m\u0131z\u0131 modern bir masala d\u00f6n\u00fc\u015ft\u00fcrm\u00fc\u015f Angutyus\u2019un ikinci kitab\u0131 ile bu kez \u0130ngiltere\u2019deyiz, Kebab House\u2019day\u0131z!  \u0130lk kitab\u0131n\u0131 okurken kah kederlendim, kah buruldum, kah kih koh da g\u00fcld\u00fcm&#8230; Bu \u00e7ocu\u011fa dikkat edin!  -Metin \u00dcst\u00fcnda\u011f-  Sizi uzaklara g\u00f6t\u00fcr\u00fcp orada \u00f6ylece b\u0131rakan bir masal, okudu\u011fum en s\u00fcr\u00fckleyici kitaplardan birisi. Beklemedi\u011finiz yerlerden vurursa sizi, ben kar\u0131\u015fmam. Faking Kebabman&#8230;  -Sel\u00e7uk Erdem-  Masal\u0131n bitti\u011fi yerde Apa\u00e7i Masal\u0131 ba\u015flar.  -Hakan B\u0131\u00e7akc\u0131-  Yazarlar kul\u00fcb\u00fcn\u00fcn kap\u0131s\u0131ndan  bi arkada\u015fa bak\u0131p \u00e7\u0131k\u0131cam  diyerek girmesini demiyorum. Hikayesini internet \u00fczerinden anlat\u0131\u015f\u0131, bunu yaparken t\u00fcm edebi dogmalar\u0131 kenara at\u0131p hikayesini  sana  anlatmas\u0131,  s\u00f6zl\u00fck  gibi bir dinami\u011fi bamba\u015fka bir yaz\u0131n olu\u015fturma y\u00f6ntemine \u00e7evirmesi hala kalem elde ka\u011f\u0131t ba\u015f\u0131nda bekleyenlere ibret olmal\u0131.  -Ssg (Sedat Kapano\u011flu)- \u2018Apa\u00e7i\u2019 deyip \u00f6tekile\u015ftirdi\u011fin adam belki de bir Angutyus\u2019tur. Senin hayat\u0131n bir ajandaya s\u0131\u011farken, onunki kitaplara s\u0131\u011fmayabilir.  -Michael Sikkofield-  Angutyus\u2019un edebiyat yapmak gibi bir derdi yok. S\u00fcsten uzak; oldu\u011fu gibi&#8230; Ya rahats\u0131z olursunuz ya da hastas\u0131, ortas\u0131 yok.  -Erol Batislam-  Angutyus\u2019un edebi kayg\u0131larla de\u011fil, bir internet g\u00fcnl\u00fc\u011f\u00fc tad\u0131yla yazd\u0131\u011f\u0131 hayat hikayesi, T\u00fcrk insan\u0131n\u0131n en samimi, en do\u011fal hikayesidir.  -Deniz Utku-  S\u00fcr\u00fckleyici, ya\u015fam\u0131n i\u00e7inden \u00e7\u0131kma bir dille anlat\u0131lm\u0131\u015f bir hayat hikayesi. Daha heyecanl\u0131s\u0131 var m\u0131 acaba?  -Sina Afrx- <\/p>\n","protected":false},"excerpt":{"rendered":"<p>Toprak kokusundan b\u00fcy\u00fck \u015fehre, gecekondu ya\u015fam\u0131ndan barmenli\u011fe, Alanya\u2019dan \u0130sve\u00e7\u2019e ve d\u00fcnyan\u0131n 80 \u00fclkesine! Apa\u00e7i deyip de anlayamad\u0131\u011f\u0131m\u0131z\u0131 modern bir masala d\u00f6n\u00fc\u015ft\u00fcrm\u00fc\u015f Angutyus\u2019un ikinci kitab\u0131 ile bu<span class=\"excerpt-hellip\"> [\u2026]<\/span><\/p>\n","protected":false},"featured_media":0,"template":"","meta":{"_monsterinsights_skip_tracking":false,"_monsterinsights_sitenote_active":false,"_monsterinsights_sitenote_note":"","_monsterinsights_sitenote_category":0},"product_brand":[],"product_cat":[12477,12364],"product_tag":[],"class_list":{"0":"post-691604","1":"product","2":"type-product","3":"status-publish","5":"product_cat-eglence-mizah","6":"product_cat-genel-konular","7":"pa_tur-kitap","8":"pa_yayinevi-okuyan-us-yayin","9":"pa_yazar-angutyus","11":"first","12":"instock","13":"sale","14":"shipping-taxable","15":"purchasable","16":"product-type-simple"},"_links":{"self":[{"href":"https:\/\/roveyayinevi.com.tr\/index.php\/wp-json\/wp\/v2\/product\/691604","targetHints":{"allow":["GET"]}}],"collection":[{"href":"https:\/\/roveyayinevi.com.tr\/index.php\/wp-json\/wp\/v2\/product"}],"about":[{"href":"https:\/\/roveyayinevi.com.tr\/index.php\/wp-json\/wp\/v2\/types\/product"}],"wp:attachment":[{"href":"https:\/\/roveyayinevi.com.tr\/index.php\/wp-json\/wp\/v2\/media?parent=691604"}],"wp:term":[{"taxonomy":"product_brand","embeddable":true,"href":"https:\/\/roveyayinevi.com.tr\/index.php\/wp-json\/wp\/v2\/product_brand?post=691604"},{"taxonomy":"product_cat","embeddable":true,"href":"https:\/\/roveyayinevi.com.tr\/index.php\/wp-json\/wp\/v2\/product_cat?post=691604"},{"taxonomy":"product_tag","embeddable":true,"href":"https:\/\/roveyayinevi.com.tr\/index.php\/wp-json\/wp\/v2\/product_tag?post=691604"}],"curies":[{"name":"wp","href":"https:\/\/api.w.org\/{rel}","templated":true}]}}