{"id":691603,"date":"2025-08-27T13:59:23","date_gmt":"2025-08-27T10:59:23","guid":{"rendered":"https:\/\/roveyayinevi.com.tr\/index.php\/urun\/binbir-insan-masallari-1-139\/"},"modified":"2026-04-16T02:00:55","modified_gmt":"2026-04-15T23:00:55","slug":"binbir-insan-masallari-1-139","status":"publish","type":"product","link":"https:\/\/roveyayinevi.com.tr\/index.php\/urun\/binbir-insan-masallari-1-139\/","title":{"rendered":"Binbir \u0130nsan Masallar\u0131 1-139"},"content":{"rendered":"<p>Cem Mumcu, T\u00fcrk Edebiyat\u0131n\u0131n bu ilk ve en uzun soluklu yolculu\u011funda,   d\u00fcnya durduk\u00e7a duracak   masallar anlat\u0131yor. \u015eimdiye kadar yaz\u0131lm\u0131\u015f olanlar\u0131 aral\u0131ks\u0131z bir okuma deneyimi i\u00e7in bu kitapta bir araya getirdik. Bu \u00f6zel bask\u0131, 1001 masaldan olu\u015facak olan eserin ilk 139 masal\u0131n\u0131 i\u00e7eriyor. <\/p>\n","protected":false},"excerpt":{"rendered":"<p>Cem Mumcu, T\u00fcrk Edebiyat\u0131n\u0131n bu ilk ve en uzun soluklu yolculu\u011funda, d\u00fcnya durduk\u00e7a duracak masallar anlat\u0131yor. \u015eimdiye kadar yaz\u0131lm\u0131\u015f olanlar\u0131 aral\u0131ks\u0131z bir okuma deneyimi i\u00e7in bu<span class=\"excerpt-hellip\"> [\u2026]<\/span><\/p>\n","protected":false},"featured_media":0,"template":"","meta":{"_monsterinsights_skip_tracking":false,"_monsterinsights_sitenote_active":false,"_monsterinsights_sitenote_note":"","_monsterinsights_sitenote_category":0},"product_brand":[],"product_cat":[12291,12292],"product_tag":[],"class_list":{"0":"post-691603","1":"product","2":"type-product","3":"status-publish","5":"product_cat-edebiyat","6":"product_cat-turk-edebiyati","7":"pa_tur-kitap","8":"pa_yayinevi-okuyan-us-yayin","9":"pa_yazar-cem-mumcu","11":"first","12":"instock","13":"sale","14":"shipping-taxable","15":"purchasable","16":"product-type-simple"},"_links":{"self":[{"href":"https:\/\/roveyayinevi.com.tr\/index.php\/wp-json\/wp\/v2\/product\/691603","targetHints":{"allow":["GET"]}}],"collection":[{"href":"https:\/\/roveyayinevi.com.tr\/index.php\/wp-json\/wp\/v2\/product"}],"about":[{"href":"https:\/\/roveyayinevi.com.tr\/index.php\/wp-json\/wp\/v2\/types\/product"}],"wp:attachment":[{"href":"https:\/\/roveyayinevi.com.tr\/index.php\/wp-json\/wp\/v2\/media?parent=691603"}],"wp:term":[{"taxonomy":"product_brand","embeddable":true,"href":"https:\/\/roveyayinevi.com.tr\/index.php\/wp-json\/wp\/v2\/product_brand?post=691603"},{"taxonomy":"product_cat","embeddable":true,"href":"https:\/\/roveyayinevi.com.tr\/index.php\/wp-json\/wp\/v2\/product_cat?post=691603"},{"taxonomy":"product_tag","embeddable":true,"href":"https:\/\/roveyayinevi.com.tr\/index.php\/wp-json\/wp\/v2\/product_tag?post=691603"}],"curies":[{"name":"wp","href":"https:\/\/api.w.org\/{rel}","templated":true}]}}