{"id":691601,"date":"2025-08-27T13:59:23","date_gmt":"2025-08-27T10:59:23","guid":{"rendered":"https:\/\/roveyayinevi.com.tr\/index.php\/urun\/yavuz-sultan-selim\/"},"modified":"2026-02-27T02:02:43","modified_gmt":"2026-02-26T23:02:43","slug":"yavuz-sultan-selim","status":"publish","type":"product","link":"https:\/\/roveyayinevi.com.tr\/index.php\/urun\/yavuz-sultan-selim\/","title":{"rendered":"Yavuz Sultan Selim"},"content":{"rendered":"<p>Yavuz Sultan Selim, k\u0131sac\u0131k iktidar\u0131 d\u00f6neminde \u00fclkesini ba\u015far\u0131dan ba\u015far\u0131ya ta\u015f\u0131m\u0131\u015f, sahip olunan toprak miktar\u0131n\u0131 \u00fc\u00e7 kat\u0131na \u00e7\u0131karm\u0131\u015f ve ittihad-\u0131 \u0130slam ad\u0131na \u00f6mr\u00fcn\u00fc feda etmi\u015f bir Osmanl\u0131 sultan\u0131d\u0131r. \u015eehzadeli\u011finden itibaren kafas\u0131nda planlad\u0131\u011f\u0131 b\u00fcy\u00fck \u0130slam birli\u011fi hayali, onu, hayat\u0131n\u0131n son anlar\u0131na kadar gayret ve m\u00fccadele i\u00e7inde olmaya zorlam\u0131\u015ft\u0131r. \u00c7evresinin tavsiyelerine ra\u011fmen, rahat\u0131n\u0131, bir \u00fcmmetin saadetli baht\u0131na feda eden bu \u0130slam kahraman\u0131n\u0131 daha yak\u0131ndan tan\u0131mak isterseniz, bu eser, size g\u00fczel bir girizg\u00e2h sa\u011flayabilir.\ufffcTan\u0131t\u0131m Metni<\/p>\n","protected":false},"excerpt":{"rendered":"<p>Yavuz Sultan Selim, k\u0131sac\u0131k iktidar\u0131 d\u00f6neminde \u00fclkesini ba\u015far\u0131dan ba\u015far\u0131ya ta\u015f\u0131m\u0131\u015f, sahip olunan toprak miktar\u0131n\u0131 \u00fc\u00e7 kat\u0131na \u00e7\u0131karm\u0131\u015f ve ittihad-\u0131 \u0130slam ad\u0131na \u00f6mr\u00fcn\u00fc feda etmi\u015f bir Osmanl\u0131<span class=\"excerpt-hellip\"> [\u2026]<\/span><\/p>\n","protected":false},"featured_media":0,"template":"","meta":{"_monsterinsights_skip_tracking":false,"_monsterinsights_sitenote_active":false,"_monsterinsights_sitenote_note":"","_monsterinsights_sitenote_category":0},"product_brand":[],"product_cat":[13517,12304],"product_tag":[],"class_list":{"0":"post-691601","1":"product","2":"type-product","3":"status-publish","5":"product_cat-osmanli-tarihi","6":"product_cat-tarih","7":"pa_cilt-ciltsiz","8":"pa_tur-kitap","9":"pa_yayinevi-nesil-yayinlari","10":"pa_yazar-yavuz-bahadiroglu","12":"first","13":"instock","14":"sale","15":"shipping-taxable","16":"purchasable","17":"product-type-simple"},"_links":{"self":[{"href":"https:\/\/roveyayinevi.com.tr\/index.php\/wp-json\/wp\/v2\/product\/691601","targetHints":{"allow":["GET"]}}],"collection":[{"href":"https:\/\/roveyayinevi.com.tr\/index.php\/wp-json\/wp\/v2\/product"}],"about":[{"href":"https:\/\/roveyayinevi.com.tr\/index.php\/wp-json\/wp\/v2\/types\/product"}],"wp:attachment":[{"href":"https:\/\/roveyayinevi.com.tr\/index.php\/wp-json\/wp\/v2\/media?parent=691601"}],"wp:term":[{"taxonomy":"product_brand","embeddable":true,"href":"https:\/\/roveyayinevi.com.tr\/index.php\/wp-json\/wp\/v2\/product_brand?post=691601"},{"taxonomy":"product_cat","embeddable":true,"href":"https:\/\/roveyayinevi.com.tr\/index.php\/wp-json\/wp\/v2\/product_cat?post=691601"},{"taxonomy":"product_tag","embeddable":true,"href":"https:\/\/roveyayinevi.com.tr\/index.php\/wp-json\/wp\/v2\/product_tag?post=691601"}],"curies":[{"name":"wp","href":"https:\/\/api.w.org\/{rel}","templated":true}]}}